{"id":101,"date":"2010-11-07T10:18:59","date_gmt":"2010-11-07T09:18:59","guid":{"rendered":"http:\/\/sonny.ulicnici.cz\/"},"modified":"2010-11-26T23:49:39","modified_gmt":"2010-11-26T22:49:39","slug":"coursing-a-ja","status":"publish","type":"page","link":"http:\/\/sonny.ulicnici.cz\/?page_id=101","title":{"rendered":"Coursing 2010"},"content":{"rendered":"<h2>\u010cl\u00e1nky<\/h2>\n<h3><a title=\"Anubis cup\" rel=\"bookmark\" href=\"http:\/\/sonny.ulicnici.cz\/?p=623\" target=\"_blank\">Anubis cup<\/a><\/h3>\n<h3><a title=\"VI. Memori\u00e1l Karla Gr\u00fcnwalda\" rel=\"bookmark\" href=\"http:\/\/sonny.ulicnici.cz\/?p=362\" target=\"_blank\">VI. Memori\u00e1l Karla Gr\u00fcnwalda<\/a><\/h3>\n<h3><a title=\"03.10.2010 Posledn\u00ed licen\u010dn\u00ed b\u011bh\" href=\"http:\/\/sonny.ulicnici.cz\/?p=265\" target=\"_blank\">03.10.2010 Posledn\u00ed licen\u010dn\u00ed b\u011bh<\/a><\/h3>\n<h3><a title=\"13.09.2010 Prvn\u00ed licen\u010dn\u00ed b\u011bhy\" href=\"http:\/\/sonny.ulicnici.cz\/?p=257\" target=\"_blank\">13.09.2010 Prvn\u00ed licen\u010dn\u00ed b\u011bhy<\/a><\/h3>\n<h3><a title=\"12.06.2010 Coursing Kol\u00edn\" href=\"http:\/\/sonny.ulicnici.cz\/?p=218\" target=\"_blank\">12.06.2010 Coursing Kol\u00edn<\/a><\/h3>\n<h3><a title=\"M\u016fj prvn\u00ed coursing\" href=\"http:\/\/sonny.ulicnici.cz\/?p=158\" target=\"_blank\">M\u016fj prvn\u00ed coursing<\/a><\/h3>\n<p style=\"text-align: center;\"><h2 class=\"wp-table-reloaded-table-name-id-6 wp-table-reloaded-table-name\">Coursing 2010<\/h2>\n\n<table id=\"wp-table-reloaded-id-6-no-1\" class=\"wp-table-reloaded wp-table-reloaded-id-6\">\n<thead>\n\t<tr class=\"row-1 odd\">\n\t\t<th class=\"column-1\">Date<\/th><th class=\"column-2\">Place<\/th><th class=\"column-3\">Length of the track<\/th><th class=\"column-4\">Points<\/th><th class=\"column-5\">Score<\/th>\n\t<\/tr>\n<\/thead>\n<tbody>\n\t<tr class=\"row-2 even\">\n\t\t<td class=\"column-1\">14.11.2010<\/td><td class=\"column-2\">Anubis cup - Kozlov<\/td><td class=\"column-3\">640 m<\/td><td class=\"column-4\">328<\/td><td class=\"column-5\">2nd place<\/td>\n\t<\/tr>\n\t<tr class=\"row-3 odd\">\n\t\t<td class=\"column-1\">31.10.2010<\/td><td class=\"column-2\">Memori\u00e1l Karla Gr\u00fcnwalda CCC - Kralupy n\/Vltavou<\/td><td class=\"column-3\">700 m<\/td><td class=\"column-4\">328<\/td><td class=\"column-5\">3rd place<\/td>\n\t<\/tr>\n\t<tr class=\"row-4 even\">\n\t\t<td colspan=\"5\" class=\"column-1 colspan-5\"><p style=\"text-align: center;\">COURSING LICENSE<\/p><\/td>\n\t<\/tr>\n\t<tr class=\"row-5 odd\">\n\t\t<td class=\"column-1\">02.10.2010<\/td><td class=\"column-2\">CCC - Kralupy n\/Vltavou<\/td><td class=\"column-3\">400 m<\/td><td class=\"column-4\">3rd run duo<\/td><td class=\"column-5\">passed<\/td>\n\t<\/tr>\n\t<tr class=\"row-6 even\">\n\t\t<td class=\"column-1\">12.09.2010<\/td><td class=\"column-2\">CCC - Kralupy n\/Vltavou<\/td><td class=\"column-3\">350 m<\/td><td class=\"column-4\">1st run solo, 2nd run duo<\/td><td class=\"column-5\">passed<\/td>\n\t<\/tr>\n\t<tr class=\"row-7 odd\">\n\t\t<td class=\"column-1\">12.06.2010<\/td><td class=\"column-2\">\u010cKRR - RR sport - Kol\u00edn<\/td><td class=\"column-3\"><\/td><td class=\"column-4\"><\/td><td class=\"column-5\">1st place<\/td>\n\t<\/tr>\n<\/tbody>\n<\/table>\n<\/p>\n","protected":false},"excerpt":{"rendered":"<p>\u010cl\u00e1nky Anubis cup VI. Memori\u00e1l Karla Gr\u00fcnwalda 03.10.2010 Posledn\u00ed licen\u010dn\u00ed b\u011bh 13.09.2010 Prvn\u00ed licen\u010dn\u00ed b\u011bhy 12.06.2010 Coursing Kol\u00edn M\u016fj prvn\u00ed coursing<\/p>\n","protected":false},"author":1,"featured_media":0,"parent":98,"menu_order":1,"comment_status":"closed","ping_status":"closed","template":"","meta":{"ngg_post_thumbnail":0},"_links":{"self":[{"href":"http:\/\/sonny.ulicnici.cz\/index.php?rest_route=\/wp\/v2\/pages\/101"}],"collection":[{"href":"http:\/\/sonny.ulicnici.cz\/index.php?rest_route=\/wp\/v2\/pages"}],"about":[{"href":"http:\/\/sonny.ulicnici.cz\/index.php?rest_route=\/wp\/v2\/types\/page"}],"author":[{"embeddable":true,"href":"http:\/\/sonny.ulicnici.cz\/index.php?rest_route=\/wp\/v2\/users\/1"}],"replies":[{"embeddable":true,"href":"http:\/\/sonny.ulicnici.cz\/index.php?rest_route=%2Fwp%2Fv2%2Fcomments&post=101"}],"version-history":[{"count":8,"href":"http:\/\/sonny.ulicnici.cz\/index.php?rest_route=\/wp\/v2\/pages\/101\/revisions"}],"predecessor-version":[{"id":741,"href":"http:\/\/sonny.ulicnici.cz\/index.php?rest_route=\/wp\/v2\/pages\/101\/revisions\/741"}],"up":[{"embeddable":true,"href":"http:\/\/sonny.ulicnici.cz\/index.php?rest_route=\/wp\/v2\/pages\/98"}],"wp:attachment":[{"href":"http:\/\/sonny.ulicnici.cz\/index.php?rest_route=%2Fwp%2Fv2%2Fmedia&parent=101"}],"curies":[{"name":"wp","href":"https:\/\/api.w.org\/{rel}","templated":true}]}}