{"id":104,"date":"2010-11-07T10:19:29","date_gmt":"2010-11-07T09:19:29","guid":{"rendered":"http:\/\/sonny.ulicnici.cz\/"},"modified":"2010-11-07T10:19:29","modified_gmt":"2010-11-07T09:19:29","slug":"agility","status":"publish","type":"page","link":"http:\/\/sonny.ulicnici.cz\/?page_id=104","title":{"rendered":"Agility"},"content":{"rendered":"<p><strong>Agility<\/strong> je sport se psy, z\u00e1vod podobn\u00fd ko\u0148sk\u00e9mu parkuru. Vznikl okolo roku 1978 v Anglii.<\/p>\n<p><a href=\"http:\/\/agility-mb.webnode.cz\/\" target=\"_blank\"><strong>Zde<\/strong><\/a> se m\u016f\u017eete pod\u00edvat kde tr\u00e9nuji.<\/p>\n<p><strong>Popis<\/strong><\/p>\n<p>Agility m\u016f\u017ee d\u011blat \u00fapln\u011b ka\u017ed\u00fd s jak\u00fdmkoliv psem. Samoz\u0159ejm\u011b n\u011bkter\u00e1 plemena se na agility hod\u00ed v\u00edc jako nap\u0159. pudl, sheltie, border kolie a kolie dlouhosrst\u00e1, belgi\u010dt\u00ed ov\u010d\u00e1ci atd. Z\u00e1vod\u00ed i r\u016fzn\u00ed k\u0159\u00ed\u017eenci.<\/p>\n<p>C\u00edlem je, aby psovod se sv\u00fdm psem p\u0159ekonal tra\u0165 s p\u0159ek\u00e1\u017ekami ve spr\u00e1vn\u00e9m sm\u011bru a po\u0159ad\u00ed, bez chyb a v co nejlep\u0161\u00edm \u010dase.<\/p>\n<p>Je to pro psy jedna z nejp\u0159irozen\u011bj\u0161\u00edch aktivit &#8211; pes ve sme\u010dce (spole\u010dn\u011b se sv\u00fdm p\u00e1nem) spolupracuje p\u0159i p\u0159ekon\u00e1v\u00e1n\u00ed p\u0159ek\u00e1\u017eek v honb\u011b za ko\u0159ist\u00ed. Ko\u0159ist\u00ed se st\u00e1v\u00e1 pamlsek \u010di hra\u010dka a pochvala na konci ka\u017ed\u00e9ho parkuru. Je to sport, kter\u00fd prosp\u00edv\u00e1 fyzick\u00e9 kondici psa i psovoda a velmi dob\u0159e upev\u0148uje vztahy mezi psem a p\u00e1nem. Krom\u011b toho je ka\u017ed\u00fd tr\u00e9nink i z\u00e1vod v\u00fdbornou p\u0159\u00edle\u017eitost\u00ed pro socializaci psa &#8211; jin\u00fdmi slovy pes se v tomto prost\u0159ed\u00ed nau\u010d\u00ed st\u00fdkat s ostatn\u00edmi psy i lidmi, zvykne si na n\u011b, ztrat\u00ed strach a t\u00edm se eliminuje jeho agresivita z tohoto strachu plynouc\u00ed.<\/p>\n<p><strong>Pravidla<\/strong><\/p>\n<p>P\u0159ek\u00e1\u017eky na trati se d\u011bl\u00ed do t\u0159\u00ed skupin &#8211; skokov\u00e9, z\u00f3nov\u00e9 a ostatn\u00ed. Mezi skokov\u00e9 p\u0159ek\u00e1\u017eky \u0159ad\u00edme skok vysok\u00fd, skok dalek\u00fd a ze\u010f, mezi z\u00f3nov\u00e9 \u0159ad\u00edme kladinu, \u00e1\u010dko (\u0161ikm\u00e1 st\u011bna) (po t\u0159et\u00edm p\u0159ich\u00e1zi diskval a houpa\u010dku, do ostatn\u00edch pat\u0159\u00ed tunely pevn\u00e9 a l\u00e1tkov\u00e9, kruh, slalom a st\u016fl.<\/p>\n<p>V optim\u00e1ln\u00edm p\u0159\u00edpad\u011b p\u0159ekon\u00e1v\u00e1 z\u00e1vodn\u00ed t\u00fdm (psovod a pes) parkur bez penalizace a v \u010dase krat\u0161\u00edm, ne\u017e je p\u0159edepsan\u00fd. D\u016fvody k penalizaci mohou b\u00fdt v z\u00e1sad\u011b t\u0159i &#8211; chyba, odm\u00edtnut\u00ed a p\u0159ekro\u010den\u00ed \u010dasov\u00e9ho limitu.<\/p>\n<p>Za chyby se po\u010d\u00edt\u00e1 shozen\u00ed la\u0165ky u skoku vysok\u00e9ho, shozen\u00ed \u010d\u00e1sti zdi, odraz od p\u0159ek\u00e1\u017eky u skoku dalek\u00e9ho, minut\u00ed branky ve slalomu (s v\u00fdjimkou prvn\u00ed), nedo\u0161l\u00e1pnut\u00ed psa do kontaktn\u00ed z\u00f3ny u z\u00f3nov\u00fdch p\u0159ek\u00e1\u017eek, sesko\u010den\u00ed z houpa\u010dky d\u0159\u00edv, ne\u017e se dotkne zem\u011b, nedodr\u017een\u00ed \u010dasov\u00e9ho limitu v\u00fddr\u017ee na stole a obvykle u kategorie za\u010d\u00e1te\u010dn\u00edk\u016f (A1) ne\u00famysln\u00fd kontakt se psem. Zvl\u00e1\u0161tn\u00edm druhem chyby je p\u0159ekro\u010den\u00ed tzv. standardn\u00edho \u010dasu. Pokud t\u00fdm p\u0159ekonal parkur v \u010dase hor\u0161\u00edm ne\u017e standardn\u00edm, ale lep\u0161\u00edm ne\u017e maxim\u00e1ln\u00edm, je to pova\u017eov\u00e1no za chybu a ka\u017ed\u00e1 setina sekundy, o kterou je p\u0159ekro\u010den standardn\u00ed \u010das, je penalizov\u00e1na jednou setinou trestn\u00e9ho bodu (\u010das b\u011bhu se m\u011b\u0159\u00ed na setiny sekundy &#8211; \u010d\u00edm d\u00e1l obvyklej\u0161\u00ed je elektronick\u00e1 \u010dasom\u00edra). Za odm\u00edtnut\u00ed se pova\u017euje minut\u00ed n\u00e1stupn\u00ed strany p\u0159ek\u00e1\u017eky (nap\u0159. pes p\u0159ek\u00e1\u017eku ob\u011bhne a mus\u00ed se vr\u00e1tit, sta\u010d\u00ed ale, aby pes minul p\u0159ek\u00e1\u017eku a sou\u010dasn\u011b pro\u0165al rovinu, ve kter\u00e9 je n\u00e1stupn\u00ed hrana p\u0159ek\u00e1\u017eky &#8211; prost\u011b p\u0159ek\u00e1\u017eku mine) a minut\u00ed prvn\u00ed branky ve slalomu. Ka\u017ed\u00e1 chyba a ka\u017ed\u00e9 odm\u00edtnut\u00ed je ohodnoceno 5 trestn\u00fdmi body. Po\u010det chyb nen\u00ed omezen, maxim\u00e1ln\u00ed povolen\u00fd po\u010det odm\u00edtnut\u00ed je 2 na jeden b\u011bh.<\/p>\n<p>Pokud t\u00fdm poru\u0161\u00ed pravidla z\u00e1va\u017en\u011bj\u0161\u00ed zp\u016fsobem, ne\u017e chybou \u010di odm\u00edtnut\u00edm, b\u00fdv\u00e1 v dan\u00e9m b\u011bhu diskvalifikov\u00e1n. D\u016fvodem pro diskvalifikace je zejm\u00e9na nedodr\u017een\u00ed po\u0159ad\u00ed a sm\u011bru p\u0159ekon\u00e1v\u00e1n\u00ed p\u0159ek\u00e1\u017eek (pes jednu p\u0159ek\u00e1\u017eku mine a potom p\u0159ekon\u00e1 dal\u0161\u00ed, pes p\u0159ekon\u00e1 p\u0159ek\u00e1\u017eku v opa\u010dn\u00e9m sm\u011bru, ne\u017e je p\u0159edeps\u00e1no), t\u0159et\u00ed odm\u00edtnut\u00ed v jednom b\u011bhu, kontakt psovoda se psem (A2, A3), kontakt psovoda s p\u0159ek\u00e1\u017ekou, shozen\u00ed jin\u00e9 \u010d\u00e1sti p\u0159ek\u00e1\u017eky, ne\u017e je povoleno (nap\u0159. shozen\u00ed bo\u010dnice u skoku vysok\u00e9ho, &#8222;zbour\u00e1n\u00ed&#8220; zdi), p\u0159ekro\u010den\u00ed maxim\u00e1ln\u00edho povolen\u00e9ho \u010dasu b\u011bhu, opu\u0161t\u011bn\u00ed parkuru psem, \u00famysln\u00e9 zastaven\u00ed b\u011bhu psovodem, \u010di zdol\u00e1n\u00ed p\u0159ek\u00e1\u017eky nepovolen\u00fdm zp\u016fsobem (nap\u0159. p\u0159esko\u010den\u00ed tunelu). Velmi \u010dast\u00fdm d\u016fvodem b\u00fdv\u00e1 zapomenut\u00ed obojku na krku psa. Psovod nesm\u00ed m\u00edt v ruce ani u sebe \u017e\u00e1dn\u00fd p\u0159edm\u011bt, kter\u00fdm by psa motivoval (hra\u010dku, pamlsek&#8230;). I za to je diskvalifikace. Diskvalifikace hroz\u00ed i za nevl\u00eddn\u00e9 zach\u00e1zen\u00ed se psem (bit\u00ed, tah\u00e1n\u00ed za k\u016f\u017ei).<\/p>\n<p><strong>Kategorie<\/strong><\/p>\n<p>Jsou t\u0159i velikostn\u00ed kategorie a to <em>small<\/em> (psi do 34,99 cm KVH [kohoutkov\u00e9 velikosti]), <em>medium<\/em> (psi od 35 do 42,99 cm KVH) a <em>large<\/em> (od 43 cm a v\u00fd\u0161e). A podle nich je stanovena i v\u00fd\u0161ka p\u0159ek\u00e1\u017eek.<\/p>\n<ul>\n<li>T\u00fdmy v agility jsou rozd\u011bleny      do t\u0159\u00ed skupin podle v\u00fdkonnosti &#8211; A1 (za\u010d\u00e1te\u010dn\u00edci), A2 (pokro\u010dil\u00ed) a A3      (profesion\u00e1lov\u00e9).<\/li>\n<li>K za\u0159azen\u00ed t\u00fdmu do kategori\u00ed      slou\u017e\u00ed zkou\u0161ky.<\/li>\n<li>Ka\u017ed\u00fd nov\u00fd t\u00fdm je automaticky      za\u0159azen do kategorie A1, a to i v p\u0159\u00edpad\u011b, \u017ee pes \u010di psovod u\u017e s jin\u00fdm      partnerem dos\u00e1hli postupu do vy\u0161\u0161\u00ed kategorie.<\/li>\n<li>Pokud t\u00fdm absolvuje \u00fasp\u011b\u0161n\u011b 3      zkou\u0161ky kategorie A1, m\u00e1 pr\u00e1vo postoupit do kategorie A2. Toto pr\u00e1vo se      m\u011bn\u00ed v povinnost po uplynut\u00ed 1 roku ode dne slo\u017een\u00ed t\u0159et\u00ed zkou\u0161ky A1.<\/li>\n<li>Pokud t\u00fdm slo\u017e\u00ed 3 zkou\u0161ky      kategorie A2, m\u00e1 pr\u00e1vo postoupit do A3. Toto pr\u00e1vo se m\u011bn\u00ed v povinnost po      dvou letech ode dne slo\u017een\u00ed t\u0159et\u00ed zkou\u0161ky.<\/li>\n<li>Pokud t\u00fdm slo\u017e\u00ed \u00fasp\u011b\u0161n\u011b 3      zkou\u0161ky A3 + spln\u00ed dal\u0161\u00ed podm\u00ednky Sout\u011b\u017en\u00edho \u0159\u00e1du, z\u016fst\u00e1v\u00e1 i v dal\u0161\u00edm roce      v kategorii A3. Pokud ne, sestupuje do A2 a mus\u00ed splnit znovu 1 postupovou      zkou\u0161ku.<\/li>\n<li>Pokud t\u00fdm spln\u00ed p\u0159edepsasn\u00e9      zkou\u0161ky pro udr\u017een\u00ed v kategorii A3 t\u0159i roky po sob\u011b, z\u00edsk\u00e1v\u00e1 pes titul A3      Champion, kter\u00fd je mu ud\u011blen do\u017eivotn\u011b.<\/li>\n<li>Podm\u00ednky zkou\u0161ek jsou stanoveny      v Sout\u011b\u017en\u00edm \u0159\u00e1du.<\/li>\n<\/ul>\n<p>\u010cesko pat\u0159\u00ed ke sv\u011btov\u00fdm velmocem v tomto sportu. Za otce agility v \u010cesku b\u00fdv\u00e1 pova\u017eov\u00e1n pan Radko Lou\u010dka, nejzn\u00e1m\u011bj\u0161\u00ed \u010ce\u0161kou v agility je Ad\u00e9lka Kr\u00e1lov\u00e1, kter\u00e1 v roce 2006 p\u0159isp\u011bla na Mistrovstv\u00ed sv\u011bta k prvn\u00edmu m\u00edstu v kategorii t\u00fdm\u016f small a 2007 vyhr\u00e1la jako \u010dtrn\u00e1ctilet\u00e1 Mistrovstv\u00ed sv\u011bta v kategorii jednotlivc\u016f S mezi dosp\u011bl\u00fdmi.<\/p>\n","protected":false},"excerpt":{"rendered":"<p>Agility je sport se psy, z\u00e1vod podobn\u00fd ko\u0148sk\u00e9mu parkuru. Vznikl okolo roku 1978 v Anglii. Zde se m\u016f\u017eete pod\u00edvat kde tr\u00e9nuji. Popis Agility m\u016f\u017ee d\u011blat \u00fapln\u011b ka\u017ed\u00fd s jak\u00fdmkoliv psem. Samoz\u0159ejm\u011b n\u011bkter\u00e1 plemena se na agility hod\u00ed v\u00edc jako nap\u0159. pudl, sheltie, border kolie a kolie dlouhosrst\u00e1, belgi\u010dt\u00ed ov\u010d\u00e1ci atd. Z\u00e1vod\u00ed i r\u016fzn\u00ed k\u0159\u00ed\u017eenci. C\u00edlem [&hellip;]<\/p>\n","protected":false},"author":1,"featured_media":0,"parent":0,"menu_order":0,"comment_status":"closed","ping_status":"closed","template":"","meta":{"ngg_post_thumbnail":0},"_links":{"self":[{"href":"http:\/\/sonny.ulicnici.cz\/index.php?rest_route=\/wp\/v2\/pages\/104"}],"collection":[{"href":"http:\/\/sonny.ulicnici.cz\/index.php?rest_route=\/wp\/v2\/pages"}],"about":[{"href":"http:\/\/sonny.ulicnici.cz\/index.php?rest_route=\/wp\/v2\/types\/page"}],"author":[{"embeddable":true,"href":"http:\/\/sonny.ulicnici.cz\/index.php?rest_route=\/wp\/v2\/users\/1"}],"replies":[{"embeddable":true,"href":"http:\/\/sonny.ulicnici.cz\/index.php?rest_route=%2Fwp%2Fv2%2Fcomments&post=104"}],"version-history":[{"count":2,"href":"http:\/\/sonny.ulicnici.cz\/index.php?rest_route=\/wp\/v2\/pages\/104\/revisions"}],"predecessor-version":[{"id":106,"href":"http:\/\/sonny.ulicnici.cz\/index.php?rest_route=\/wp\/v2\/pages\/104\/revisions\/106"}],"wp:attachment":[{"href":"http:\/\/sonny.ulicnici.cz\/index.php?rest_route=%2Fwp%2Fv2%2Fmedia&parent=104"}],"curies":[{"name":"wp","href":"https:\/\/api.w.org\/{rel}","templated":true}]}}