{"id":107,"date":"2010-11-07T10:19:58","date_gmt":"2010-11-07T09:19:58","guid":{"rendered":"http:\/\/sonny.ulicnici.cz\/"},"modified":"2010-11-27T00:05:49","modified_gmt":"2010-11-26T23:05:49","slug":"moje-agility","status":"publish","type":"page","link":"http:\/\/sonny.ulicnici.cz\/?page_id=107","title":{"rendered":"Moje agility"},"content":{"rendered":"<h3>21.11.2010<\/h3>\n<p>Na agility st\u00e1le chod\u00edme a piln\u011b tr\u00e9nujeme, ale n\u011bjak nen\u00ed \u010das na to aktualizovat po ka\u017ed\u00e9m tr\u00e9ninku \u010dl\u00e1nky! Po pr\u00e1zdnin\u00e1ch jsem m\u011bl m\u011bs\u00edc pauzu, neb jsem b\u011bhal za st\u0159ape\u010dkem. Ale v\u016fbec m\u011b agility pauza nijak nepoznamenala. V\u0161e jsem zvl\u00e1dl na jedni\u010dku! Houpa\u010dka pro m\u011b nebyla v\u016fbec probl\u00e9mem! Te\u010f u\u017e se v\u011bnujeme slo\u017eit\u011bj\u0161\u00edm parkurum a je vid\u011bt ten pokrok od za\u010d\u00e1tku kurzu. Jsem pr\u00fd bl\u00e1zen, ni\u010deho se neboj\u00edm a do v\u0161eho jdu po hlav\u011b! Na kladinu se rozeb\u011bhnu a let\u00edm jako bl\u00e1zen. Tunely po\u0159\u00e1d v\u00e1l\u00edm v\u00fdborn\u011b. Sko\u010dky nejsou probl\u00e9mem a st\u00e1le m\u00e1m chu\u0165 se u\u010dit nov\u00e9 a nov\u00e9 povely a p\u0159ek\u00e1\u017eky! Tak\u00e9 s n\u00e1mi na agi za\u010dala chodit moje kamar\u00e1dka Any. Moc n\u00e1s to bav\u00ed a v\u017edy si po tr\u00e9ninku jdeme je\u0161t\u011b prot\u00e1hnout tlapky na Kr\u00e1snou louku! Tam si za\u0159\u00e1d\u00edme jako \u010dern\u00e9 ruky a jedeme chrupkat do pel\u00ed\u0161k\u016f.<\/p>\n<h3>11.07.2010<\/h3>\n<p>Kv\u016fli velk\u00e9mu teplu n\u00e1m dnes hodina za\u010d\u00ednala trochu pozd\u011bji, ale mysl\u00edm, \u017ee to bylo \u00fapln\u011b jedno, p\u00e1\u010d i v 18 hodin bylo 35st:-( ale na\u0161t\u011bst\u00ed n\u00e1m tam Pe\u0165a dala plachtu, tak jsme se mohli ukr\u00fdt p\u0159ed slun\u00ed\u010dkem.\u00a0 Prvn\u00ed \u00fakol, kter\u00fd jsme dostali byly sko\u010dky, ale byli dv\u011b vedle sebe, tak to bylo malinko t\u011b\u017e\u0161\u00ed, ale brzy jsem to pochopil a zd\u00e1rn\u011b jsem dosk\u00e1kal dokonce! Takhle jsme to opakovali asi 2x na ka\u017edou stranu! Na konec hodiny jsme si dali men\u0161\u00ed parkur, kter\u00fd obsahoval i kruh, ale bylo to velice n\u00e1ro\u010dn\u00e9 v tom teplu, tak u\u017e se mi nic necht\u011blo. Tud\u00ed\u017e jsem kruh bojkotoval, ale Martinka se na m\u011b nezlobila! Potr\u00e9novali jsme i \u00e1\u010dko a \u0161lo se dom\u016f!<\/p>\n<h3>01.07. &#8211; 06.07.2010<\/h3>\n<p>Prvn\u00edm \u010dervencov\u00fdm dnem neza\u010daly jen letn\u00ed pr\u00e1zdniny, ale zah\u00e1jili jsme t\u00fddenn\u00ed intenzivn\u00ed kurz agility. Byla to velk\u00e1 sranda nau\u010dil jsem se spoustu nov\u00fdch p\u0159ek\u00e1\u017eek a posledn\u00ed dva dny jsme u\u017e b\u011bhali parkur! Kdyby nebyla takov\u00e1 vedra, mo\u017en\u00e1 by m\u011b to \u0161lo je\u0161t\u011b v\u00edc. V pond\u011bl\u00ed se na n\u00e1s byl pod\u00edvat i Mare\u010dek s Mat\u00fdsekem. Byl jsem se vykoupat v Jize\u0159e a jak mi to potom sk\u00e1kalo, a\u017e mi Martinka nesta\u010dila:-) Tak\u017ee u\u017e um\u00edm, ke v\u0161em t\u011bm p\u0159ek\u00e1\u017ek\u00e1m co jsem se doposud na\u010dil, kruh, \u00e1\u010dko a sko\u010dky do zat\u00e1\u010dky.<\/p>\n<h3>27.06.2010<\/h3>\n<p>N\u00e1dhernou a teplou ned\u011bli jsme str\u00e1vili u babi\u010dky na zahrad\u011b, kde jsme z\u00e1rove\u0148 oslavili mamky a babky sv\u00e1tek:-) bylo tam tak n\u00e1dhern\u011b, \u017ee jsme se tam zapom\u011bli a v dom\u011bn\u00ed, \u017ee n\u00e1m agility za\u010d\u00edn\u00e1 od 16 hodin jsme se vydali na Kr\u00e1snou louku. Jak\u00e9 ale bylo p\u0159ekvapen\u00ed, kdy\u017e u\u017e tam v\u0161ichni radostn\u011b tr\u00e9novali. Vzali jsme tentokr\u00e1t na kuka\u010dku Hani\u010dku s Mat\u00fdskem! Han\u010da n\u00e1m z\u00e1rove\u0148 d\u011blala fotografku! Jak dopadli fotky m\u016f\u017eete okouknout <a href=\"http:\/\/mattyamaja.rajce.idnes.cz\/Agility\/\" target=\"_blank\"><strong>zde<\/strong><\/a> . Pro za\u010d\u00e1tek jsme si prob\u011bhli t\u0159i tunely. Naprost\u00e1 hra\u010dka pro m\u011b! a pot\u00e9 jsme se vrhli na sko\u010dky.. ze za\u010d\u00e1tku jsem byl malinko l\u00edn\u011bj\u0161\u00ed, ale kdo by nebyl v tom vedru. Ale pak jsem to hrav\u011b p\u0159esk\u00e1kal! Nastala krat\u0161\u00ed p\u0159est\u00e1vka, kde jsme se domluvili na intenzivn\u011bj\u0161\u00edm tr\u00e9ninku a \u0161lo se na slalom. Pani\u010dce u\u017e to jde mnohem mnohem l\u00e9p\u011bji, tak\u017ee se to cvi\u010d\u00ed jedna radost! Na konec hodiny jsme se \u0161li p\u0159edv\u00e9st na \u00c1\u010dko, natr\u00e9novali nejd\u0159\u00edve z\u00f3nu a potom jsme si to mohli p\u0159eb\u011bhnout cel\u00e9. I kdy\u017e jsme tentokr\u00e1t za\u010d\u00ednali o p\u016fl hodiny pozd\u011bji, tak to sta\u010dilo. Bylo hrozn\u00e9 vedro a st\u00edn \u017e\u00e1dn\u00fd. Cestou dom\u016f mi Martinka dovolila jednu \u0161ipku do Jizery&#8230; ooooo to bylo osv\u011b\u017een\u00ed\u00ed\u00ed\u00ed\u00ed&#8230;<\/p>\n<h3>06.06.2010<\/h3>\n<p>Dne\u0161n\u00ed den byl t\u00e9m\u011b\u0159 bez mr\u00e1\u010dku a proto n\u00e1m nic nebr\u00e1nilo v tom vydat se na dal\u0161\u00ed hodinu m\u00e9ho obl\u00edben\u00e9ho sportu agility. Op\u011bt jsme na cvi\u010di\u0161t\u011b dorazili mezi prvn\u00edmi, postavili jsme p\u0159ek\u00e1\u017eky a mohlo se j\u00edt na v\u011bc. Nejprve jsme za\u010dali s opakov\u00e1n\u00edm slalomu. P\u0159izn\u00e1me se, doma jsme v\u016fbec netr\u00e9novali:-) ale i tak jsme to hrav\u011b zvl\u00e1dli. Pro m\u011b to nen\u00ed v\u016fbec n\u00e1ro\u010dn\u00e1 p\u0159ek\u00e1\u017eka, to sp\u00ed\u0161 pro pan\u00ed\u010dku:-) tak\u017ee se tady moc nenad\u0159u. Bylo velk\u00e9 teplo, tak jsem se v ka\u017ed\u00e9 voln\u00e9 chvilce schov\u00e1val do st\u00ednu. Po slalomu jsme se vydali tr\u00e9novat sko\u010dky! Jako prof\u00edk jsem si nasadil la\u0165ku na velikost L. Skv\u011ble zdolan\u00e1 a bez ztr\u00e1ty kyti\u010dky! Pak jsem si dal rovnou dv\u011b najednou a taky to byla brnka\u010dka! Kdy\u017e jsme potr\u00e9novali zde, vrhli jsme se na z\u00f3novou p\u0159ek\u00e1\u017eku, ta mi taky \u0161la, ale u\u017e m\u011b to moc nebavilo, jak bylo velk\u00e9 teplo! Na konec hodiny jsem se op\u011bt do\u010dkal tunelu a jak se \u0159\u00edk\u00e1 to nejlep\u0161\u00ed na konec. M\u016fj park\u00far ve slo\u017een\u00ed sko\u010dka, skok dalek\u00fd, sko\u010dka, tunel byl uk\u00e1zkov\u00fd kr\u00e1sn\u011b jsem to p\u0159elet\u011bl a ani jednu p\u0159ek\u00e1\u017eku nezbo\u0159il. Martinka m\u011bla velkou radost a j\u00e1 ostatn\u011b tak\u00e9! Dostal jsem i velkou pochvalu od P\u00e9ti!<\/p>\n<h3>30.05.2010<\/h3>\n<p>Posledn\u00ed kv\u011btnovou ned\u011bli jsme se op\u011bt vydali na Kr\u00e1snou louku na agility. Byli jsme tam zase jedni z prvn\u00edch, tak jsme se mohli pustit do p\u0159ipravov\u00e1n\u00ed p\u0159ek\u00e1\u017eek. Kdy\u017e se jsme se se\u0161li v pln\u00e9 sestav\u011b, rozd\u011blily n\u00e1s Petra s D\u00e1\u0148ou do dvou skupin. J\u00e1 jsme byl samo ve skupin\u011b L a r g e. Vrhli jsme se na sko\u010dky. nejd\u0159\u00edve jsme sk\u00e1kali na dvojky a postupn\u011b jsme to zvedali, a\u017e jsem v pohod\u011b sk\u00e1kal \u0161estky. Sv\u00edtilo n\u00e1m slun\u00ed\u010dko, tak jsme se mezi cviky schov\u00e1vali ve st\u00ednu. Na spest\u0159en\u00ed n\u00e1m holky p\u0159idali tunely, tak\u017ee jsme si zase mohli pob\u011bhat tunelama a tentokr\u00e1t rovnou t\u0159i. Na konec hodiny jsme zkusili novou p\u0159ek\u00e1\u017eku SLALOM. Bude to je\u0161t\u011b hodn\u011b pr\u00e1ce, ne\u017e to natr\u00e9nuji. Ale st\u00e1le m\u011b to ba:-) na 25.7. budeme m\u00edt prvn\u00ed neofiko z\u00e1vody:-)<\/p>\n<h3>16.05.2010<\/h3>\n<p>Dne\u0161n\u00ed hodina za\u010d\u00ednala novou p\u0159ek\u00e1\u017ekou. P\u0159eskakovali jsme vysokou p\u0159ek\u00e1\u017eku. Nebyla to takov\u00e1 z\u00e1bava jako tunely, ale ke spokojenosti Martinky jsem se sna\u017eil:-p, pak jsme p\u0159ekro\u010dili k tr\u00e9nov\u00e1n\u00ed z\u00f3nov\u00e9 p\u0159ek\u00e1\u017eky, to mi docela \u0161lo, ale mus\u00edme doma tr\u00e9novat! Na konec hodiny jsem si zase kone\u010dn\u011b mohl prob\u011bhnout m\u00e9 obl\u00edben\u00e9 tunely a dokonce t\u0159i najednou. U\u017e se t\u011b\u0161\u00edme na dal\u0161\u00ed hodiny!<\/p>\n<h3>02.05.2010<\/h3>\n<p>Dnes jsme pokra\u010dovali v nacvi\u010dovan\u00ed tunelu. B\u011bhali jsme rovn\u00e9 tunely, zato\u010den\u00e9 tunely a l\u00e1tkov\u00e9 tunely. Toho jsem se ze za\u010d\u00e1tku docela b\u00e1l, p\u00e1\u010d jsem se uhodil do hlavy o tu startovac\u00ed \u010d\u00e1st. Ale brzy jsem na to zapom\u011bl a b\u011bhal jsem to jako dlouholet\u00fd prof\u00edk:-)<\/p>\n<h3>25.04.2010<\/h3>\n<p>P\u0159esn\u011b na moje prvn\u00ed narozeniny m\u011b Martinka nalo\u017eila do auta a u\u017e jsme si to fr\u010deli sm\u011br kr\u00e1sn\u00e1 louka. Myslel jsem si, \u017ee jdeme na cvi\u010d\u00e1k, ale o to v\u011bt\u0161\u00ed p\u0159ekvapen\u00ed bylo, kdy\u017e jsme si to \u0161tr\u00e1dovali do objektu, kde bylo spoustu p\u0159ek\u00e1\u017eek, tunel\u016f, lavi\u010dek,&#8230;<\/p>\n<p>Moje prvn\u00ed p\u0159ek\u00e1\u017eka byla tunel. Je to \u00fa\u017easn\u00fd prob\u00edhat t\u00edm tun\u00fdlkem a na konci na m\u011b \u010dek\u00e1 odm\u011bna v podob\u011b dobr\u016ftky. Zkou\u0161eli to na m\u011b s balonkem, ale dobr\u016ftka je prost\u011b dobr\u016ftka! Tunel je moje nejobl\u00edben\u011bj\u0161\u00ed p\u0159ek\u00e1\u017eka, v\u017edycky se nem\u016f\u017eu do\u010dka a\u017e budu moct vystartovat a prob\u011bhnout! Ale state\u010dn\u011b zvl\u00e1d\u00e1m odlo\u017een\u00ed a p\u011bkn\u011b \u010dek\u00e1m a\u017e dostanu povel!<\/p>\n","protected":false},"excerpt":{"rendered":"<p>21.11.2010 Na agility st\u00e1le chod\u00edme a piln\u011b tr\u00e9nujeme, ale n\u011bjak nen\u00ed \u010das na to aktualizovat po ka\u017ed\u00e9m tr\u00e9ninku \u010dl\u00e1nky! Po pr\u00e1zdnin\u00e1ch jsem m\u011bl m\u011bs\u00edc pauzu, neb jsem b\u011bhal za st\u0159ape\u010dkem. Ale v\u016fbec m\u011b agility pauza nijak nepoznamenala. V\u0161e jsem zvl\u00e1dl na jedni\u010dku! Houpa\u010dka pro m\u011b nebyla v\u016fbec probl\u00e9mem! Te\u010f u\u017e se v\u011bnujeme slo\u017eit\u011bj\u0161\u00edm parkurum a [&hellip;]<\/p>\n","protected":false},"author":1,"featured_media":0,"parent":104,"menu_order":1,"comment_status":"closed","ping_status":"closed","template":"","meta":{"ngg_post_thumbnail":0},"_links":{"self":[{"href":"http:\/\/sonny.ulicnici.cz\/index.php?rest_route=\/wp\/v2\/pages\/107"}],"collection":[{"href":"http:\/\/sonny.ulicnici.cz\/index.php?rest_route=\/wp\/v2\/pages"}],"about":[{"href":"http:\/\/sonny.ulicnici.cz\/index.php?rest_route=\/wp\/v2\/types\/page"}],"author":[{"embeddable":true,"href":"http:\/\/sonny.ulicnici.cz\/index.php?rest_route=\/wp\/v2\/users\/1"}],"replies":[{"embeddable":true,"href":"http:\/\/sonny.ulicnici.cz\/index.php?rest_route=%2Fwp%2Fv2%2Fcomments&post=107"}],"version-history":[{"count":6,"href":"http:\/\/sonny.ulicnici.cz\/index.php?rest_route=\/wp\/v2\/pages\/107\/revisions"}],"predecessor-version":[{"id":779,"href":"http:\/\/sonny.ulicnici.cz\/index.php?rest_route=\/wp\/v2\/pages\/107\/revisions\/779"}],"up":[{"embeddable":true,"href":"http:\/\/sonny.ulicnici.cz\/index.php?rest_route=\/wp\/v2\/pages\/104"}],"wp:attachment":[{"href":"http:\/\/sonny.ulicnici.cz\/index.php?rest_route=%2Fwp%2Fv2%2Fmedia&parent=107"}],"curies":[{"name":"wp","href":"https:\/\/api.w.org\/{rel}","templated":true}]}}