{"id":110,"date":"2010-11-07T10:20:32","date_gmt":"2010-11-07T09:20:32","guid":{"rendered":"http:\/\/sonny.ulicnici.cz\/"},"modified":"2010-11-19T14:01:35","modified_gmt":"2010-11-19T13:01:35","slug":"vystavy","status":"publish","type":"page","link":"http:\/\/sonny.ulicnici.cz\/?page_id=110","title":{"rendered":"V\u00fdstavy"},"content":{"rendered":"<p>Psi jsou hodnoceni zn\u00e1mkou a stu\u017ekou. V zahrani\u010d\u00ed \u010dasto stu\u017eky ned\u00e1vaj\u00ed a dostanete jen karti\u010dky, n\u011bkde ani to ne.\u00a0V\u00e1hu ka\u017ed\u00e9 zn\u00e1mky je pak t\u0159eba zohlednit typem v\u00fdstavy a konkurenc\u00ed.<\/p>\n<p><strong>Zn\u00e1mky\u00a0&#8211; stu\u017eky<\/strong><\/p>\n<p>V\u00fdborn\u00e1 (V) \u2013 modr\u00e1 stu\u017eka<br \/>\nVelmi dobr\u00e1 (VD) \u2013 \u010derven\u00e1 stu\u017eka<\/p>\n<p>Dobr\u00e1 (D) \u2013 zelen\u00e1 stu\u017eka<br \/>\nDostate\u010dn\u00e1 (Dost.) \u2013 fialov\u00e1 stu\u017eka<\/p>\n<p><strong>T\u0159\u00edda \u0161t\u011b\u0148at a dorostu<\/strong><\/p>\n<p>Velmi nad\u011bjn\u00e1 \u2013 \u017elut\u00e1 stu\u017eka<br \/>\nNad\u011bjn\u00e1 \u2013 b\u00edl\u00e1 stu\u017eka<\/p>\n<p><em> <\/em><\/p>\n<p><strong>T\u0159\u00eddy <\/strong><\/p>\n<p>4 \u2013 6 m\u011bs\u00edc\u016f: t\u0159\u00edda \u0161t\u011b\u0148at<\/p>\n<p>6 \u2013 9 m\u011bs\u00edc\u016f: t\u0159\u00edda dorostu<\/p>\n<p>9 \u2013 18 m\u011bs\u00edc\u016f: t\u0159\u00edda mlad\u00fdch<\/p>\n<p>15 \u2013 24 m\u011bs\u00edc\u016f: mezit\u0159\u00edda<\/p>\n<p>od 15 m\u011bs\u00edc\u016f: otev\u0159en\u00e1 t\u0159\u00edda, t\u0159\u00edda pracovn\u00ed a t\u0159\u00edda \u0161ampion\u016f<\/p>\n<p>od 8 let: t\u0159\u00edda veter\u00e1n\u016f<\/p>\n<p><strong><em> <\/em><\/strong><em> <\/em><\/p>\n<p><strong>Tituly<\/strong><\/p>\n<p><strong>CAJC<\/strong> \u2013 tj. \u010dekatelstv\u00ed \u0161ampion\u00e1tu mlad\u00fdch zadan\u00e9 ve t\u0159\u00edd\u011b mlad\u00fdch psovi a fen\u011b V1.<\/p>\n<p><strong>CAC<\/strong> \u2013 tj. \u010dekatelstv\u00ed \u010desk\u00e9ho \u0161ampion\u00e1tu kr\u00e1sy zadan\u00e9 psovi a fen\u011b V1 ve t\u0159\u00edd\u00e1ch: mezit\u0159\u00edd\u011b, otev\u0159en\u00e9, pracovn\u00ed a v\u00edt\u011bz\u016f.<\/p>\n<p><strong>r.CAC<\/strong> \u2013 tj. rezervn\u00ed CAC pro psa i fenu ze t\u0159\u00eddy, kde byl zadan\u00fd CAC, V2 ve t\u0159\u00edd\u00e1ch: mezit\u0159\u00edd\u011b, otev\u0159en\u00e9, pracovn\u00ed a v\u00edt\u011bz\u016f.<\/p>\n<p><strong>CACIB<\/strong> \u2013 tj. \u010dekatelstv\u00ed mezin\u00e1rodn\u00edho \u0161ampion\u00e1tu kr\u00e1sy navr\u017een\u00fd rozhod\u010d\u00edm nejkr\u00e1sn\u011bj\u0161\u00edmu psovi a fen\u011b v mezit\u0159\u00edd\u011b, t\u0159\u00edd\u011b otev\u0159en\u00e9, pracovn\u00ed, \u0161ampi\u00f3n\u016f (V1\u00a0CAC)<\/p>\n<p><strong>r. CACIB<\/strong> \u2013 tj. rezervn\u00ed CACIB navr\u017een nejkr\u00e1sn\u011bj\u0161\u00edmu psovi a fen\u011b se zn\u00e1mkou V2. Postupuj\u00ed V2 r.CAC ze t\u0159\u00eddy, kde byl navr\u017een CACIB a V1 CAC z ostatn\u00edch t\u0159\u00edd.<\/p>\n<p><strong>V\u00edt\u011bz v\u00fdstavy (BIS)<\/strong> \u2013 zde sout\u011b\u017e\u00ed v\u0161ichni v\u00edt\u011bzov\u00e9 skupin FCI.<\/p>\n<p><strong>V\u00edt\u011bz skupiny (BIG)<\/strong> \u2013 zde sout\u011b\u017e\u00ed v\u0161ichni v\u00edt\u011bzov\u00e9 plemen (BOB) odpov\u00eddaj\u00edc\u00ed skupiny FCI.<\/p>\n<p><strong>V\u00edt\u011bz plemene (BOB) <\/strong>\u2013 Na klubov\u00fdch, speci\u00e1ln\u00edch a n\u00e1rodn\u00edch v\u00fdstav\u00e1ch se zad\u00e1v\u00e1 nejlep\u0161\u00edmu psovi nebo fen\u011b z konkurence v\u0161ech CAJC a podle typu v\u00fdstavy z konkurence klubov\u00fdch, speci\u00e1ln\u00edch a n\u00e1rodn\u00edch v\u00edt\u011bz\u016f ps\u016f i fen. Na mezin\u00e1rodn\u00ed v\u00fdstav\u011b do sout\u011b\u017ee o BOB postupuj\u00ed v\u0161ichni dr\u017eitel\u00e9 CAJC + pes i fena s titulem CACIB (pokud se jedn\u00e1 o n\u00e1rodn\u00ed v\u00fdstavu bez zad\u00e1v\u00e1n\u00ed titulu N\u00e1rodn\u00ed v\u00edt\u011bz, postupuj\u00ed do sout\u011b\u017ee v\u0161ichni CAJC a CAC)<\/p>\n<p><strong>Nejkr\u00e1sn\u011bj\u0161\u00ed veter\u00e1n<\/strong> \u2013 pes nebo fena z v\u00edt\u011bz\u016f t\u0159\u00edd veter\u00e1n\u016f.<\/p>\n<p><strong>N\u00e1rodn\u00ed v\u00edt\u011bz<\/strong> \u2013 pro nejkr\u00e1sn\u011bj\u0161\u00edho psa i fenu jednotliv\u00fdch plemen na n\u011bkter\u00fdch n\u00e1rodn\u00edch v\u00fdstav\u00e1ch z mezit\u0159\u00eddy, t\u0159\u00eddy otev\u0159en\u00e9, pracovn\u00ed a v\u00edt\u011bz\u016f (z V1, CAC).<\/p>\n<p><strong>V\u00edt\u011bz t\u0159\u00eddy<\/strong> \u2013 zad\u00e1v\u00e1 se jedinci ocen\u011bn\u00e9mu zn\u00e1mkou V1 ve t\u0159\u00edd\u011b mlad\u00fdch, mezit\u0159\u00edd\u011b, t\u0159\u00edd\u011b otev\u0159en\u00e9, pracovn\u00ed, v\u00edt\u011bz\u016f a veter\u00e1n\u016f a to pouze na v\u00fdstav\u00e1ch oblastn\u00edch a krajsk\u00fdch. Na v\u00fdstav\u011b klubov\u00e9, speci\u00e1ln\u00ed, n\u00e1rodn\u00ed a mezin\u00e1rodn\u00ed m\u016f\u017ee b\u00fdt v\u00fdborn\u00fdm 1 zad\u00e1v\u00e1no \u010dekatelstv\u00ed \u010desk\u00e9ho \u0161ampion\u00e1tu (ve t\u0159\u00edd\u011b mlad\u00fdch CAJC, ve t\u0159\u00edd\u011b otev\u0159en\u00e9, mezit\u0159\u00edd\u011b, t\u0159\u00edd\u011b pracovn\u00ed a v\u00edt\u011bz\u016f \u2013 \u0161ampi\u00f3n\u016f CAC).<\/p>\n<p><strong>Klubov\u00fd v\u00edt\u011bz (KV)<\/strong> \u2013 ten se zad\u00e1v\u00e1 na klubov\u00fdch v\u00fdstav\u00e1ch nejkr\u00e1sn\u011bj\u0161\u00edmu jedinci \u2013 psovi i fen\u011b ze t\u0159\u00edd: mezit\u0159\u00eddy, otev\u0159en\u00e9, pracovn\u00ed a v\u00edt\u011bz\u016f (z V1, CAC).<\/p>\n<p><strong>Oblastn\u00ed v\u00edt\u011bz (OV) nebo Krajsk\u00fd v\u00edt\u011bz (KrV) <\/strong>&#8211; zad\u00e1v\u00e1 se nejlep\u0161\u00edmu psovi i fen\u011b z konkurence v\u00edt\u011bz\u016f t\u0159\u00edd: mezit\u0159\u00eddy, otev\u0159en\u00e9, pracovn\u00ed a v\u00edt\u011bz\u016f.<\/p>\n","protected":false},"excerpt":{"rendered":"<p>Psi jsou hodnoceni zn\u00e1mkou a stu\u017ekou. V zahrani\u010d\u00ed \u010dasto stu\u017eky ned\u00e1vaj\u00ed a dostanete jen karti\u010dky, n\u011bkde ani to ne.\u00a0V\u00e1hu ka\u017ed\u00e9 zn\u00e1mky je pak t\u0159eba zohlednit typem v\u00fdstavy a konkurenc\u00ed. Zn\u00e1mky\u00a0&#8211; stu\u017eky V\u00fdborn\u00e1 (V) \u2013 modr\u00e1 stu\u017eka Velmi dobr\u00e1 (VD) \u2013 \u010derven\u00e1 stu\u017eka Dobr\u00e1 (D) \u2013 zelen\u00e1 stu\u017eka Dostate\u010dn\u00e1 (Dost.) \u2013 fialov\u00e1 stu\u017eka T\u0159\u00edda \u0161t\u011b\u0148at a [&hellip;]<\/p>\n","protected":false},"author":1,"featured_media":0,"parent":0,"menu_order":0,"comment_status":"closed","ping_status":"closed","template":"","meta":{"ngg_post_thumbnail":0},"_links":{"self":[{"href":"http:\/\/sonny.ulicnici.cz\/index.php?rest_route=\/wp\/v2\/pages\/110"}],"collection":[{"href":"http:\/\/sonny.ulicnici.cz\/index.php?rest_route=\/wp\/v2\/pages"}],"about":[{"href":"http:\/\/sonny.ulicnici.cz\/index.php?rest_route=\/wp\/v2\/types\/page"}],"author":[{"embeddable":true,"href":"http:\/\/sonny.ulicnici.cz\/index.php?rest_route=\/wp\/v2\/users\/1"}],"replies":[{"embeddable":true,"href":"http:\/\/sonny.ulicnici.cz\/index.php?rest_route=%2Fwp%2Fv2%2Fcomments&post=110"}],"version-history":[{"count":8,"href":"http:\/\/sonny.ulicnici.cz\/index.php?rest_route=\/wp\/v2\/pages\/110\/revisions"}],"predecessor-version":[{"id":735,"href":"http:\/\/sonny.ulicnici.cz\/index.php?rest_route=\/wp\/v2\/pages\/110\/revisions\/735"}],"wp:attachment":[{"href":"http:\/\/sonny.ulicnici.cz\/index.php?rest_route=%2Fwp%2Fv2%2Fmedia&parent=110"}],"curies":[{"name":"wp","href":"https:\/\/api.w.org\/{rel}","templated":true}]}}