{"id":113,"date":"2010-11-07T10:21:40","date_gmt":"2010-11-07T09:21:40","guid":{"rendered":"http:\/\/sonny.ulicnici.cz\/"},"modified":"2010-11-20T19:06:51","modified_gmt":"2010-11-20T18:06:51","slug":"rok-2009","status":"publish","type":"page","link":"http:\/\/sonny.ulicnici.cz\/?page_id=113","title":{"rendered":"Rok 2009"},"content":{"rendered":"<h2>\u010cl\u00e1nky<\/h2>\n<p><a title=\"29.8.2009 NVP Mlad\u00e1 Boleslav\" href=\"http:\/\/sonny.ulicnici.cz\/?p=428\" target=\"_blank\"><strong>29.8.2009 MVP Mlad\u00e1 Boleslav<\/strong><\/a><\/p>\n<p><a title=\"4.6.9.2009 \u010cKRR Orl\u00edk\" href=\"http:\/\/sonny.ulicnici.cz\/?p=467\" target=\"_blank\"><strong>4. &#8211; 6.9.2009 \u010cKRR Orl\u00edk<\/strong><\/a><\/p>\n<p><a title=\"24.10.2009 MVP \u010cesk\u00e9 Bud\u011bjovice\" href=\"http:\/\/sonny.ulicnici.cz\/?p=453\" target=\"_blank\"><strong>24.10.2009 MVP \u010cesk\u00e9 Bud\u011bjovice<\/strong><\/a><\/p>\n<p style=\"text-align: center;\"><h2 class=\"wp-table-reloaded-table-name-id-4 wp-table-reloaded-table-name\">V\u00fdstavy 2009<\/h2>\n\n<table id=\"wp-table-reloaded-id-4-no-1\" class=\"wp-table-reloaded wp-table-reloaded-id-4\">\n<thead>\n\t<tr class=\"row-1 odd\">\n\t\t<th class=\"column-1\">Date<\/th><th class=\"column-2\">Show<\/th><th class=\"column-3\">Judge<\/th><th class=\"column-4\">Class<\/th><th class=\"column-5\">Score<\/th>\n\t<\/tr>\n<\/thead>\n<tbody>\n\t<tr class=\"row-2 even\">\n\t\t<td class=\"column-1\">24.10.2009<\/td><td class=\"column-2\">CACIB \u010cesk\u00e9 Bud\u011bjovice (CZE)<\/td><td class=\"column-3\">Franz Zimmermann (A)<\/td><td class=\"column-4\">puppy<\/td><td class=\"column-5\">VP 3<\/td>\n\t<\/tr>\n\t<tr class=\"row-3 odd\">\n\t\t<td class=\"column-1\">06.09.2009<\/td><td class=\"column-2\">KV \u010cKRR Orl\u00edk (CZE) <\/td><td class=\"column-3\">Stanislava Janick\u00e1 (CZE)<\/td><td class=\"column-4\">puppy<\/td><td class=\"column-5\">VP 4<\/td>\n\t<\/tr>\n\t<tr class=\"row-4 even\">\n\t\t<td class=\"column-1\">05.09.2009<\/td><td class=\"column-2\">SV \u010cKRR Orl\u00edk (CZE)<\/td><td class=\"column-3\">Monika Tu\u0161anov\u00e1 (SK) <\/td><td class=\"column-4\">puppy<\/td><td class=\"column-5\">VP<\/td>\n\t<\/tr>\n\t<tr class=\"row-5 odd\">\n\t\t<td class=\"column-1\">29.08.2009<\/td><td class=\"column-2\">CACIB Mlad\u00e1 Boleslav (CZE) <\/td><td class=\"column-3\">V. Staviarsk\u00e1 (SK) <\/td><td class=\"column-4\">puppy<\/td><td class=\"column-5\">VP 4<\/td>\n\t<\/tr>\n<\/tbody>\n<\/table>\n<\/p>\n","protected":false},"excerpt":{"rendered":"<p>\u010cl\u00e1nky 29.8.2009 MVP Mlad\u00e1 Boleslav 4. &#8211; 6.9.2009 \u010cKRR Orl\u00edk 24.10.2009 MVP \u010cesk\u00e9 Bud\u011bjovice<\/p>\n","protected":false},"author":1,"featured_media":0,"parent":110,"menu_order":1,"comment_status":"closed","ping_status":"closed","template":"","meta":{"ngg_post_thumbnail":0},"_links":{"self":[{"href":"http:\/\/sonny.ulicnici.cz\/index.php?rest_route=\/wp\/v2\/pages\/113"}],"collection":[{"href":"http:\/\/sonny.ulicnici.cz\/index.php?rest_route=\/wp\/v2\/pages"}],"about":[{"href":"http:\/\/sonny.ulicnici.cz\/index.php?rest_route=\/wp\/v2\/types\/page"}],"author":[{"embeddable":true,"href":"http:\/\/sonny.ulicnici.cz\/index.php?rest_route=\/wp\/v2\/users\/1"}],"replies":[{"embeddable":true,"href":"http:\/\/sonny.ulicnici.cz\/index.php?rest_route=%2Fwp%2Fv2%2Fcomments&post=113"}],"version-history":[{"count":8,"href":"http:\/\/sonny.ulicnici.cz\/index.php?rest_route=\/wp\/v2\/pages\/113\/revisions"}],"predecessor-version":[{"id":761,"href":"http:\/\/sonny.ulicnici.cz\/index.php?rest_route=\/wp\/v2\/pages\/113\/revisions\/761"}],"up":[{"embeddable":true,"href":"http:\/\/sonny.ulicnici.cz\/index.php?rest_route=\/wp\/v2\/pages\/110"}],"wp:attachment":[{"href":"http:\/\/sonny.ulicnici.cz\/index.php?rest_route=%2Fwp%2Fv2%2Fmedia&parent=113"}],"curies":[{"name":"wp","href":"https:\/\/api.w.org\/{rel}","templated":true}]}}