{"id":1132,"date":"2011-05-02T01:18:07","date_gmt":"2011-05-01T23:18:07","guid":{"rendered":"http:\/\/sonny.ulicnici.cz\/?page_id=1132"},"modified":"2011-05-02T14:52:01","modified_gmt":"2011-05-02T12:52:01","slug":"bonitace-2","status":"publish","type":"page","link":"http:\/\/sonny.ulicnici.cz\/?page_id=1132","title":{"rendered":"Bonitace"},"content":{"rendered":"<p>Origin\u00e1l bonita\u010dn\u00ed karty <a href=\"http:\/\/martina.ulikova.sweb.cz\/DSC_6987.JPG\" target=\"_blank\">1.strana<\/a> a <a href=\"http:\/\/martina.ulikova.sweb.cz\/DSC_6992.JPG\" target=\"_blank\">2.strana<\/a>.<\/p>\n","protected":false},"excerpt":{"rendered":"<p>Origin\u00e1l bonita\u010dn\u00ed karty 1.strana a 2.strana.<\/p>\n","protected":false},"author":1,"featured_media":0,"parent":0,"menu_order":0,"comment_status":"closed","ping_status":"closed","template":"","meta":{"ngg_post_thumbnail":0},"_links":{"self":[{"href":"http:\/\/sonny.ulicnici.cz\/index.php?rest_route=\/wp\/v2\/pages\/1132"}],"collection":[{"href":"http:\/\/sonny.ulicnici.cz\/index.php?rest_route=\/wp\/v2\/pages"}],"about":[{"href":"http:\/\/sonny.ulicnici.cz\/index.php?rest_route=\/wp\/v2\/types\/page"}],"author":[{"embeddable":true,"href":"http:\/\/sonny.ulicnici.cz\/index.php?rest_route=\/wp\/v2\/users\/1"}],"replies":[{"embeddable":true,"href":"http:\/\/sonny.ulicnici.cz\/index.php?rest_route=%2Fwp%2Fv2%2Fcomments&post=1132"}],"version-history":[{"count":3,"href":"http:\/\/sonny.ulicnici.cz\/index.php?rest_route=\/wp\/v2\/pages\/1132\/revisions"}],"predecessor-version":[{"id":1137,"href":"http:\/\/sonny.ulicnici.cz\/index.php?rest_route=\/wp\/v2\/pages\/1132\/revisions\/1137"}],"wp:attachment":[{"href":"http:\/\/sonny.ulicnici.cz\/index.php?rest_route=%2Fwp%2Fv2%2Fmedia&parent=1132"}],"curies":[{"name":"wp","href":"https:\/\/api.w.org\/{rel}","templated":true}]}}