{"id":116,"date":"2010-11-07T10:22:25","date_gmt":"2010-11-07T09:22:25","guid":{"rendered":"http:\/\/sonny.ulicnici.cz\/"},"modified":"2010-11-20T19:07:14","modified_gmt":"2010-11-20T18:07:14","slug":"rok-2010","status":"publish","type":"page","link":"http:\/\/sonny.ulicnici.cz\/?page_id=116","title":{"rendered":"Rok 2010"},"content":{"rendered":"<h2>\u010cl\u00e1nky<\/h2>\n<p><a title=\"03.04.2010 XI.Pojizersk\u00e1 v\u00fdstava\" href=\"http:\/\/sonny.ulicnici.cz\/?p=649\" target=\"_blank\"><strong>03.04.2010 XI. Pojizersk\u00e1 v\u00fdstava<\/strong><\/a><\/p>\n<p><a title=\"24.04.2010 MVP \u010cesk\u00e9 Bud\u011bjovice\" href=\"http:\/\/sonny.ulicnici.cz\/?p=655\" target=\"_blank\"><strong>24.04.2010 MVP \u010cesk\u00e9 Bud\u011bjovice<\/strong><\/a><\/p>\n<p><a title=\"05.06.2010 NVP Klatovy\" href=\"http:\/\/sonny.ulicnici.cz\/?p=662\" target=\"_blank\"><strong>05.06.2010 NVP Klatovy<\/strong><\/a><\/p>\n<p><a title=\"17.07.2010 NVP Mlad\u00e1 Boleslav\" href=\"http:\/\/sonny.ulicnici.cz\/?p=221\" target=\"_blank\"><strong>17.07.2010 NVP Mlad\u00e1 Boleslav<\/strong><\/a><\/p>\n<p><a title=\"27.08.2010 MVP Mlad\u00e1 Boleslav\" href=\"http:\/\/sonny.ulicnici.cz\/?p=240\" target=\"_blank\"><strong>27.08.2010 MVP Mlad\u00e1 Boleslav<\/strong><\/a><\/p>\n<p><a title=\"3.-5.9.2010 \u010cKRR Orl\u00edk\" href=\"http:\/\/sonny.ulicnici.cz\/?p=249\" target=\"_blank\"><strong>3.-5.9.2010 \u010cKRR Orl\u00edk<\/strong><\/a><\/p>\n<p><a title=\"09.10.2010 MVP \u010cesk\u00e9 Bud\u011bjovice\" href=\"http:\/\/sonny.ulicnici.cz\/?p=268\" target=\"_blank\"><strong>09.10.2010 MVP \u010cesk\u00e9 Bud\u011bjovice<\/strong><\/a><\/p>\n<p style=\"text-align: center;\"><h2 class=\"wp-table-reloaded-table-name-id-5 wp-table-reloaded-table-name\">V\u00fdstavy 2010<\/h2>\n\n<table id=\"wp-table-reloaded-id-5-no-1\" class=\"wp-table-reloaded wp-table-reloaded-id-5\">\n<thead>\n\t<tr class=\"row-1 odd\">\n\t\t<th class=\"column-1\">Date<\/th><th class=\"column-2\">Show<\/th><th class=\"column-3\">Judge<\/th><th class=\"column-4\">Class<\/th><th class=\"column-5\">Score<\/th>\n\t<\/tr>\n<\/thead>\n<tbody>\n\t<tr class=\"row-2 even\">\n\t\t<td class=\"column-1\">09.10.2010<\/td><td class=\"column-2\">CACIB \u010cesk\u00e9 Bud\u011bjovice (CZE) <\/td><td class=\"column-3\">Otakar Vondrou\u0161 (CZE)<\/td><td class=\"column-4\">young<\/td><td class=\"column-5\">EXE<\/td>\n\t<\/tr>\n\t<tr class=\"row-3 odd\">\n\t\t<td class=\"column-1\">13.09.2010<\/td><td class=\"column-2\">KV Liberec (CZE)<\/td><td class=\"column-3\">N\u011bmec Josef (CZE)<\/td><td class=\"column-4\">young<\/td><td class=\"column-5\">EXE 1, Class Winner<\/td>\n\t<\/tr>\n\t<tr class=\"row-4 even\">\n\t\t<td class=\"column-1\">05.09.2010<\/td><td class=\"column-2\">KV \u010cKRR Orl\u00edk (CZE) <\/td><td class=\"column-3\">Jean Blangino (F) <\/td><td class=\"column-4\">young<\/td><td class=\"column-5\">EXE<\/td>\n\t<\/tr>\n\t<tr class=\"row-5 odd\">\n\t\t<td class=\"column-1\">04.09.2010<\/td><td class=\"column-2\">KV \u010cKRR Orl\u00edk (CZE)<\/td><td class=\"column-3\">Beatrix Marcelot -Carbot (F)<\/td><td class=\"column-4\">young<\/td><td class=\"column-5\">VG<\/td>\n\t<\/tr>\n\t<tr class=\"row-6 even\">\n\t\t<td class=\"column-1\">28.08.2010<\/td><td class=\"column-2\">CACIB Mlad\u00e1 Boleslav (CZE) <\/td><td class=\"column-3\">Jevgenij Kuplyauskas (RU) <\/td><td class=\"column-4\">young<\/td><td class=\"column-5\">VG<\/td>\n\t<\/tr>\n\t<tr class=\"row-7 odd\">\n\t\t<td class=\"column-1\">17.07.2010<\/td><td class=\"column-2\">CAC Mlad\u00e1 Boleslav (CZE)<\/td><td class=\"column-3\">Hammerschmied Elisabeth (A)<\/td><td class=\"column-4\">young<\/td><td class=\"column-5\">VG<\/td>\n\t<\/tr>\n\t<tr class=\"row-8 even\">\n\t\t<td class=\"column-1\">05.06.2010<\/td><td class=\"column-2\">CAC Klatovy (CZE) <\/td><td class=\"column-3\">Matina Viktorinov\u00e1 (CZE)<\/td><td class=\"column-4\">young<\/td><td class=\"column-5\">EXE 3<\/td>\n\t<\/tr>\n\t<tr class=\"row-9 odd\">\n\t\t<td class=\"column-1\">24.04.2010<\/td><td class=\"column-2\">CACIB \u010cesk\u00e9 Bud\u011bjovice (CZE)<\/td><td class=\"column-3\">Roland Sporr (A) <\/td><td class=\"column-4\">young<\/td><td class=\"column-5\">VG<\/td>\n\t<\/tr>\n\t<tr class=\"row-10 even\">\n\t\t<td class=\"column-1\">03.04.2010<\/td><td class=\"column-2\">KS Mlad\u00e1 Boleslav (CZE)<\/td><td class=\"column-3\">Ludmila Pavl\u00edkov\u00e1 (CZE)<\/td><td class=\"column-4\">young<\/td><td class=\"column-5\">EXE<\/td>\n\t<\/tr>\n<\/tbody>\n<\/table>\n<\/p>\n<p><strong><br \/>\n<\/strong><\/p>\n<p><strong><br \/>\n<\/strong><\/p>\n","protected":false},"excerpt":{"rendered":"<p>\u010cl\u00e1nky 03.04.2010 XI. Pojizersk\u00e1 v\u00fdstava 24.04.2010 MVP \u010cesk\u00e9 Bud\u011bjovice 05.06.2010 NVP Klatovy 17.07.2010 NVP Mlad\u00e1 Boleslav 27.08.2010 MVP Mlad\u00e1 Boleslav 3.-5.9.2010 \u010cKRR Orl\u00edk 09.10.2010 MVP \u010cesk\u00e9 Bud\u011bjovice<\/p>\n","protected":false},"author":1,"featured_media":0,"parent":110,"menu_order":2,"comment_status":"closed","ping_status":"closed","template":"","meta":{"ngg_post_thumbnail":0},"_links":{"self":[{"href":"http:\/\/sonny.ulicnici.cz\/index.php?rest_route=\/wp\/v2\/pages\/116"}],"collection":[{"href":"http:\/\/sonny.ulicnici.cz\/index.php?rest_route=\/wp\/v2\/pages"}],"about":[{"href":"http:\/\/sonny.ulicnici.cz\/index.php?rest_route=\/wp\/v2\/types\/page"}],"author":[{"embeddable":true,"href":"http:\/\/sonny.ulicnici.cz\/index.php?rest_route=\/wp\/v2\/users\/1"}],"replies":[{"embeddable":true,"href":"http:\/\/sonny.ulicnici.cz\/index.php?rest_route=%2Fwp%2Fv2%2Fcomments&post=116"}],"version-history":[{"count":8,"href":"http:\/\/sonny.ulicnici.cz\/index.php?rest_route=\/wp\/v2\/pages\/116\/revisions"}],"predecessor-version":[{"id":327,"href":"http:\/\/sonny.ulicnici.cz\/index.php?rest_route=\/wp\/v2\/pages\/116\/revisions\/327"}],"up":[{"embeddable":true,"href":"http:\/\/sonny.ulicnici.cz\/index.php?rest_route=\/wp\/v2\/pages\/110"}],"wp:attachment":[{"href":"http:\/\/sonny.ulicnici.cz\/index.php?rest_route=%2Fwp%2Fv2%2Fmedia&parent=116"}],"curies":[{"name":"wp","href":"https:\/\/api.w.org\/{rel}","templated":true}]}}