{"id":1221,"date":"2011-05-28T18:10:46","date_gmt":"2011-05-28T16:10:46","guid":{"rendered":"http:\/\/sonny.ulicnici.cz\/?page_id=1221"},"modified":"2011-05-28T18:10:46","modified_gmt":"2011-05-28T16:10:46","slug":"kv-lysa-nad-labem","status":"publish","type":"page","link":"http:\/\/sonny.ulicnici.cz\/?page_id=1221","title":{"rendered":"KV Lys\u00e1 nad Labem"},"content":{"rendered":"<!-- index.php -->\n<div\n\tclass=\"ngg-galleryoverview ngg-ajax-pagination-none\"\n\tid=\"ngg-gallery-98b1fcf971c41cc23b88feaf429d4242-1\">\n\n    \t\t<!-- Thumbnails -->\n\t\t\t\t<div id=\"ngg-image-0\" class=\"ngg-gallery-thumbnail-box\" >\n\t\t\t\t        <div class=\"ngg-gallery-thumbnail\">\n            <a href=\"http:\/\/sonny.ulicnici.cz\/wp-content\/gallery\/kv-lysa-nad-labem\/p4280026.jpg\"\n               title=\"OLYMPUS DIGITAL CAMERA\"\n               data-src=\"http:\/\/sonny.ulicnici.cz\/wp-content\/gallery\/kv-lysa-nad-labem\/p4280026.jpg\"\n               data-thumbnail=\"http:\/\/sonny.ulicnici.cz\/wp-content\/gallery\/kv-lysa-nad-labem\/thumbs\/thumbs_p4280026.jpg\"\n               data-image-id=\"606\"\n               data-title=\"OLYMPUS DIGITAL CAMERA\"\n               data-description=\"OLYMPUS DIGITAL CAMERA\"\n               data-image-slug=\"p4280026\"\n               class=\"shutterset_98b1fcf971c41cc23b88feaf429d4242\">\n                <img\n                    title=\"OLYMPUS DIGITAL CAMERA\"\n                    alt=\"OLYMPUS DIGITAL CAMERA\"\n                    src=\"http:\/\/sonny.ulicnici.cz\/wp-content\/gallery\/kv-lysa-nad-labem\/thumbs\/thumbs_p4280026.jpg\"\n                    width=\"100\"\n                    height=\"75\"\n                    style=\"max-width:100%;\"\n                \/>\n            <\/a>\n        <\/div>\n\t\t\t\t\t\t\t<\/div> \n\t\t\t\n        \n\t\t\t\t<div id=\"ngg-image-1\" class=\"ngg-gallery-thumbnail-box\" >\n\t\t\t\t        <div class=\"ngg-gallery-thumbnail\">\n            <a href=\"http:\/\/sonny.ulicnici.cz\/wp-content\/gallery\/kv-lysa-nad-labem\/p4280029.jpg\"\n               title=\"OLYMPUS DIGITAL CAMERA\"\n               data-src=\"http:\/\/sonny.ulicnici.cz\/wp-content\/gallery\/kv-lysa-nad-labem\/p4280029.jpg\"\n               data-thumbnail=\"http:\/\/sonny.ulicnici.cz\/wp-content\/gallery\/kv-lysa-nad-labem\/thumbs\/thumbs_p4280029.jpg\"\n               data-image-id=\"607\"\n               data-title=\"OLYMPUS DIGITAL CAMERA\"\n               data-description=\"OLYMPUS DIGITAL CAMERA\"\n               data-image-slug=\"p4280029\"\n               class=\"shutterset_98b1fcf971c41cc23b88feaf429d4242\">\n                <img\n                    title=\"OLYMPUS DIGITAL CAMERA\"\n                    alt=\"OLYMPUS DIGITAL CAMERA\"\n                    src=\"http:\/\/sonny.ulicnici.cz\/wp-content\/gallery\/kv-lysa-nad-labem\/thumbs\/thumbs_p4280029.jpg\"\n                    width=\"100\"\n                    height=\"75\"\n                    style=\"max-width:100%;\"\n                \/>\n            <\/a>\n        <\/div>\n\t\t\t\t\t\t\t<\/div> \n\t\t\t\n        \n\t\t\t\t<div id=\"ngg-image-2\" class=\"ngg-gallery-thumbnail-box\" >\n\t\t\t\t        <div class=\"ngg-gallery-thumbnail\">\n            <a href=\"http:\/\/sonny.ulicnici.cz\/wp-content\/gallery\/kv-lysa-nad-labem\/p4280030.jpg\"\n               title=\"Posuzov\u00e1n\u00ed o V\u00edt\u011bze t\u0159\u00eddy\"\n               data-src=\"http:\/\/sonny.ulicnici.cz\/wp-content\/gallery\/kv-lysa-nad-labem\/p4280030.jpg\"\n               data-thumbnail=\"http:\/\/sonny.ulicnici.cz\/wp-content\/gallery\/kv-lysa-nad-labem\/thumbs\/thumbs_p4280030.jpg\"\n               data-image-id=\"608\"\n               data-title=\"Posuzov\u00e1n\u00ed o V\u00edt\u011bze t\u0159\u00eddy\"\n               data-description=\"Posuzov\u00e1n\u00ed o V\u00edt\u011bze t\u0159\u00eddy\"\n               data-image-slug=\"posuzovani-o-viteze-tridy\"\n               class=\"shutterset_98b1fcf971c41cc23b88feaf429d4242\">\n                <img\n                    title=\"Posuzov\u00e1n\u00ed o V\u00edt\u011bze t\u0159\u00eddy\"\n                    alt=\"Posuzov\u00e1n\u00ed o V\u00edt\u011bze t\u0159\u00eddy\"\n                    src=\"http:\/\/sonny.ulicnici.cz\/wp-content\/gallery\/kv-lysa-nad-labem\/thumbs\/thumbs_p4280030.jpg\"\n                    width=\"100\"\n                    height=\"75\"\n                    style=\"max-width:100%;\"\n                \/>\n            <\/a>\n        <\/div>\n\t\t\t\t\t\t\t<\/div> \n\t\t\t\n        \n\t\t\t\t<div id=\"ngg-image-3\" class=\"ngg-gallery-thumbnail-box\" >\n\t\t\t\t        <div class=\"ngg-gallery-thumbnail\">\n            <a href=\"http:\/\/sonny.ulicnici.cz\/wp-content\/gallery\/kv-lysa-nad-labem\/p4280032.jpg\"\n               title=\"OLYMPUS DIGITAL CAMERA\"\n               data-src=\"http:\/\/sonny.ulicnici.cz\/wp-content\/gallery\/kv-lysa-nad-labem\/p4280032.jpg\"\n               data-thumbnail=\"http:\/\/sonny.ulicnici.cz\/wp-content\/gallery\/kv-lysa-nad-labem\/thumbs\/thumbs_p4280032.jpg\"\n               data-image-id=\"609\"\n               data-title=\"OLYMPUS DIGITAL CAMERA\"\n               data-description=\"OLYMPUS DIGITAL CAMERA\"\n               data-image-slug=\"p4280032\"\n               class=\"shutterset_98b1fcf971c41cc23b88feaf429d4242\">\n                <img\n                    title=\"OLYMPUS DIGITAL CAMERA\"\n                    alt=\"OLYMPUS DIGITAL CAMERA\"\n                    src=\"http:\/\/sonny.ulicnici.cz\/wp-content\/gallery\/kv-lysa-nad-labem\/thumbs\/thumbs_p4280032.jpg\"\n                    width=\"100\"\n                    height=\"75\"\n                    style=\"max-width:100%;\"\n                \/>\n            <\/a>\n        <\/div>\n\t\t\t\t\t\t\t<\/div> \n\t\t\t\n        \n\t\t\t\t<div id=\"ngg-image-4\" class=\"ngg-gallery-thumbnail-box\" >\n\t\t\t\t        <div class=\"ngg-gallery-thumbnail\">\n            <a href=\"http:\/\/sonny.ulicnici.cz\/wp-content\/gallery\/kv-lysa-nad-labem\/p4280039.jpg\"\n               title=\"OLYMPUS DIGITAL CAMERA\"\n               data-src=\"http:\/\/sonny.ulicnici.cz\/wp-content\/gallery\/kv-lysa-nad-labem\/p4280039.jpg\"\n               data-thumbnail=\"http:\/\/sonny.ulicnici.cz\/wp-content\/gallery\/kv-lysa-nad-labem\/thumbs\/thumbs_p4280039.jpg\"\n               data-image-id=\"610\"\n               data-title=\"OLYMPUS DIGITAL CAMERA\"\n               data-description=\"OLYMPUS DIGITAL CAMERA\"\n               data-image-slug=\"p4280039\"\n               class=\"shutterset_98b1fcf971c41cc23b88feaf429d4242\">\n                <img\n                    title=\"OLYMPUS DIGITAL CAMERA\"\n                    alt=\"OLYMPUS DIGITAL CAMERA\"\n                    src=\"http:\/\/sonny.ulicnici.cz\/wp-content\/gallery\/kv-lysa-nad-labem\/thumbs\/thumbs_p4280039.jpg\"\n                    width=\"100\"\n                    height=\"75\"\n                    style=\"max-width:100%;\"\n                \/>\n            <\/a>\n        <\/div>\n\t\t\t\t\t\t\t<\/div> \n\t\t\t\n        \n\t\t\t\t<div id=\"ngg-image-5\" class=\"ngg-gallery-thumbnail-box\" >\n\t\t\t\t        <div class=\"ngg-gallery-thumbnail\">\n            <a href=\"http:\/\/sonny.ulicnici.cz\/wp-content\/gallery\/kv-lysa-nad-labem\/p4280051.jpg\"\n               title=\"OLYMPUS DIGITAL CAMERA\"\n               data-src=\"http:\/\/sonny.ulicnici.cz\/wp-content\/gallery\/kv-lysa-nad-labem\/p4280051.jpg\"\n               data-thumbnail=\"http:\/\/sonny.ulicnici.cz\/wp-content\/gallery\/kv-lysa-nad-labem\/thumbs\/thumbs_p4280051.jpg\"\n               data-image-id=\"611\"\n               data-title=\"OLYMPUS DIGITAL CAMERA\"\n               data-description=\"OLYMPUS DIGITAL CAMERA\"\n               data-image-slug=\"p4280051\"\n               class=\"shutterset_98b1fcf971c41cc23b88feaf429d4242\">\n                <img\n                    title=\"OLYMPUS DIGITAL CAMERA\"\n                    alt=\"OLYMPUS DIGITAL CAMERA\"\n                    src=\"http:\/\/sonny.ulicnici.cz\/wp-content\/gallery\/kv-lysa-nad-labem\/thumbs\/thumbs_p4280051.jpg\"\n                    width=\"100\"\n                    height=\"75\"\n                    style=\"max-width:100%;\"\n                \/>\n            <\/a>\n        <\/div>\n\t\t\t\t\t\t\t<\/div> \n\t\t\t\n        \n\t\t\t\t<div id=\"ngg-image-6\" class=\"ngg-gallery-thumbnail-box\" >\n\t\t\t\t        <div class=\"ngg-gallery-thumbnail\">\n            <a href=\"http:\/\/sonny.ulicnici.cz\/wp-content\/gallery\/kv-lysa-nad-labem\/p4280053.jpg\"\n               title=\"Boj o Krajsk\u00e9ho v\u00edt\u011bze\"\n               data-src=\"http:\/\/sonny.ulicnici.cz\/wp-content\/gallery\/kv-lysa-nad-labem\/p4280053.jpg\"\n               data-thumbnail=\"http:\/\/sonny.ulicnici.cz\/wp-content\/gallery\/kv-lysa-nad-labem\/thumbs\/thumbs_p4280053.jpg\"\n               data-image-id=\"612\"\n               data-title=\"Boj o Krajsk\u00e9ho v\u00edt\u011bze\"\n               data-description=\"Boj o Krajsk\u00e9ho v\u00edt\u011bze\"\n               data-image-slug=\"boj-o-krajskeho-viteze\"\n               class=\"shutterset_98b1fcf971c41cc23b88feaf429d4242\">\n                <img\n                    title=\"Boj o Krajsk\u00e9ho v\u00edt\u011bze\"\n                    alt=\"Boj o Krajsk\u00e9ho v\u00edt\u011bze\"\n                    src=\"http:\/\/sonny.ulicnici.cz\/wp-content\/gallery\/kv-lysa-nad-labem\/thumbs\/thumbs_p4280053.jpg\"\n                    width=\"100\"\n                    height=\"75\"\n                    style=\"max-width:100%;\"\n                \/>\n            <\/a>\n        <\/div>\n\t\t\t\t\t\t\t<\/div> \n\t\t\t\n        \n\t\t\t\t<div id=\"ngg-image-7\" class=\"ngg-gallery-thumbnail-box\" >\n\t\t\t\t        <div class=\"ngg-gallery-thumbnail\">\n            <a href=\"http:\/\/sonny.ulicnici.cz\/wp-content\/gallery\/kv-lysa-nad-labem\/p4280063.jpg\"\n               title=\"OLYMPUS DIGITAL CAMERA\"\n               data-src=\"http:\/\/sonny.ulicnici.cz\/wp-content\/gallery\/kv-lysa-nad-labem\/p4280063.jpg\"\n               data-thumbnail=\"http:\/\/sonny.ulicnici.cz\/wp-content\/gallery\/kv-lysa-nad-labem\/thumbs\/thumbs_p4280063.jpg\"\n               data-image-id=\"613\"\n               data-title=\"OLYMPUS DIGITAL CAMERA\"\n               data-description=\"OLYMPUS DIGITAL CAMERA\"\n               data-image-slug=\"p4280063\"\n               class=\"shutterset_98b1fcf971c41cc23b88feaf429d4242\">\n                <img\n                    title=\"OLYMPUS DIGITAL CAMERA\"\n                    alt=\"OLYMPUS DIGITAL CAMERA\"\n                    src=\"http:\/\/sonny.ulicnici.cz\/wp-content\/gallery\/kv-lysa-nad-labem\/thumbs\/thumbs_p4280063.jpg\"\n                    width=\"100\"\n                    height=\"75\"\n                    style=\"max-width:100%;\"\n                \/>\n            <\/a>\n        <\/div>\n\t\t\t\t\t\t\t<\/div> \n\t\t\t\n        \n\t\t\n\t\t<!-- Pagination -->\n\t<div class='ngg-clear'><\/div>\t<\/div>\n\n<p style=\"text-align: center;\"><a href=\"..\/?page_id=390\">zp\u011bt<\/a><\/p>\n","protected":false},"excerpt":{"rendered":"<p>zp\u011bt<\/p>\n","protected":false},"author":1,"featured_media":0,"parent":0,"menu_order":0,"comment_status":"closed","ping_status":"closed","template":"","meta":{"ngg_post_thumbnail":0},"_links":{"self":[{"href":"http:\/\/sonny.ulicnici.cz\/index.php?rest_route=\/wp\/v2\/pages\/1221"}],"collection":[{"href":"http:\/\/sonny.ulicnici.cz\/index.php?rest_route=\/wp\/v2\/pages"}],"about":[{"href":"http:\/\/sonny.ulicnici.cz\/index.php?rest_route=\/wp\/v2\/types\/page"}],"author":[{"embeddable":true,"href":"http:\/\/sonny.ulicnici.cz\/index.php?rest_route=\/wp\/v2\/users\/1"}],"replies":[{"embeddable":true,"href":"http:\/\/sonny.ulicnici.cz\/index.php?rest_route=%2Fwp%2Fv2%2Fcomments&post=1221"}],"version-history":[{"count":2,"href":"http:\/\/sonny.ulicnici.cz\/index.php?rest_route=\/wp\/v2\/pages\/1221\/revisions"}],"predecessor-version":[{"id":1224,"href":"http:\/\/sonny.ulicnici.cz\/index.php?rest_route=\/wp\/v2\/pages\/1221\/revisions\/1224"}],"wp:attachment":[{"href":"http:\/\/sonny.ulicnici.cz\/index.php?rest_route=%2Fwp%2Fv2%2Fmedia&parent=1221"}],"curies":[{"name":"wp","href":"https:\/\/api.w.org\/{rel}","templated":true}]}}