{"id":1379,"date":"2012-04-30T02:07:16","date_gmt":"2012-04-30T00:07:16","guid":{"rendered":"http:\/\/sonny.ulicnici.cz\/?page_id=1379"},"modified":"2012-04-30T20:16:16","modified_gmt":"2012-04-30T18:16:16","slug":"coursing-2012","status":"publish","type":"page","link":"http:\/\/sonny.ulicnici.cz\/?page_id=1379","title":{"rendered":"Coursing 2012"},"content":{"rendered":"<h2>\u010cl\u00e1nky<\/h2>\n<h2><a href=\"http:\/\/sonny.ulicnici.cz\/?p=1387\">NordCup Sn\u011b\u017en\u00edk<\/a><\/h2>\n<h2><a href=\"http:\/\/sonny.ulicnici.cz\/?p=1395\">Jarn\u00ed Kralupy<\/a><\/h2>\n<p>&nbsp;<\/p>\n<p style=\"text-align: center;\"><h2 class=\"wp-table-reloaded-table-name-id-20 wp-table-reloaded-table-name\">Coursing 2012<\/h2>\n\n<table id=\"wp-table-reloaded-id-20-no-1\" class=\"wp-table-reloaded wp-table-reloaded-id-20\">\n<thead>\n\t<tr class=\"row-1 odd\">\n\t\t<th class=\"column-1\">Date<\/th><th class=\"column-2\">Place<\/th><th class=\"column-3\">Length of the track<\/th><th class=\"column-4\">Points<\/th><th class=\"column-5\">Score<\/th>\n\t<\/tr>\n<\/thead>\n<tbody>\n\t<tr class=\"row-2 even\">\n\t\t<td class=\"column-1\"><font color=\"red\">8.01.2012<\/font><\/td><td class=\"column-2\"><font color=\"red\">NordCup Sn\u011b\u017en\u00edk<\/font><\/td><td class=\"column-3\"><font color=\"red\">560m<\/font><\/td><td class=\"column-4\"><font color=\"red\">340 b.<\/font><\/td><td class=\"column-5\"><font color=\"red\">2nd<\/font><\/td>\n\t<\/tr>\n\t<tr class=\"row-3 odd\">\n\t\t<td class=\"column-1\"><font color=\"red\">25.3.2012<\/font><\/td><td class=\"column-2\"><font color=\"red\">Jarn\u00ed Kralupy<\/font><\/td><td class=\"column-3\"><font color=\"red\">650m<\/font><\/td><td class=\"column-4\"><font color=\"red\">361 b.<\/font><\/td><td class=\"column-5\"><font color=\"red\">1st, BEST of race<\/font><\/td>\n\t<\/tr>\n\t<tr class=\"row-4 even\">\n\t\t<td class=\"column-1\"><font color=\"red\">22.4.2012<\/font><\/td><td class=\"column-2\"><font color=\"red\">NordCup Chlumec<\/font><\/td><td class=\"column-3\"><font color=\"red\">700m<\/font><\/td><td class=\"column-4\"><font color=\"red\">359 b.<\/font><\/td><td class=\"column-5\"><font color=\"red\">1st, BEST of race <\/font><\/td>\n\t<\/tr>\n<\/tbody>\n<\/table>\n<\/p>\n","protected":false},"excerpt":{"rendered":"<p>\u010cl\u00e1nky NordCup Sn\u011b\u017en\u00edk Jarn\u00ed Kralupy &nbsp;<\/p>\n","protected":false},"author":1,"featured_media":0,"parent":98,"menu_order":3,"comment_status":"closed","ping_status":"closed","template":"","meta":{"ngg_post_thumbnail":0},"_links":{"self":[{"href":"http:\/\/sonny.ulicnici.cz\/index.php?rest_route=\/wp\/v2\/pages\/1379"}],"collection":[{"href":"http:\/\/sonny.ulicnici.cz\/index.php?rest_route=\/wp\/v2\/pages"}],"about":[{"href":"http:\/\/sonny.ulicnici.cz\/index.php?rest_route=\/wp\/v2\/types\/page"}],"author":[{"embeddable":true,"href":"http:\/\/sonny.ulicnici.cz\/index.php?rest_route=\/wp\/v2\/users\/1"}],"replies":[{"embeddable":true,"href":"http:\/\/sonny.ulicnici.cz\/index.php?rest_route=%2Fwp%2Fv2%2Fcomments&post=1379"}],"version-history":[{"count":7,"href":"http:\/\/sonny.ulicnici.cz\/index.php?rest_route=\/wp\/v2\/pages\/1379\/revisions"}],"predecessor-version":[{"id":1383,"href":"http:\/\/sonny.ulicnici.cz\/index.php?rest_route=\/wp\/v2\/pages\/1379\/revisions\/1383"}],"up":[{"embeddable":true,"href":"http:\/\/sonny.ulicnici.cz\/index.php?rest_route=\/wp\/v2\/pages\/98"}],"wp:attachment":[{"href":"http:\/\/sonny.ulicnici.cz\/index.php?rest_route=%2Fwp%2Fv2%2Fmedia&parent=1379"}],"curies":[{"name":"wp","href":"https:\/\/api.w.org\/{rel}","templated":true}]}}