{"id":324,"date":"2010-11-07T18:21:58","date_gmt":"2010-11-07T17:21:58","guid":{"rendered":"http:\/\/sonny.ulicnici.cz\/?page_id=324"},"modified":"2011-05-24T13:49:10","modified_gmt":"2011-05-24T11:49:10","slug":"oblibene-odkazy","status":"publish","type":"page","link":"http:\/\/sonny.ulicnici.cz\/?page_id=324","title":{"rendered":"Obl\u00edben\u00e9 odkazy"},"content":{"rendered":"<h2>Rodina<\/h2>\n<p><a href=\"http:\/\/kirby.cz\" target=\"_blank\">CHS Slunce \u017eivota<\/a>&nbsp;&nbsp;&nbsp;&nbsp;&nbsp;&nbsp;&nbsp;&nbsp;&nbsp;&nbsp;&nbsp;&nbsp;&nbsp;&nbsp;&nbsp;&nbsp;&nbsp;&nbsp;&nbsp;&nbsp;&nbsp;&nbsp;&nbsp;&nbsp; maminka Nayla, br\u00e1\u0161ka Bou\u00ed, teta Shawana a str\u00fdcov\u00e9 Fumo &nbsp;&nbsp;&nbsp;&nbsp;&nbsp;&nbsp;&nbsp;&nbsp;&nbsp;&nbsp;&nbsp;&nbsp;&nbsp;&nbsp;&nbsp;&nbsp;&nbsp;&nbsp;&nbsp;&nbsp;&nbsp;&nbsp;&nbsp;&nbsp;&nbsp;&nbsp;&nbsp;&nbsp;&nbsp;&nbsp;&nbsp;&nbsp;&nbsp;&nbsp;&nbsp;&nbsp;&nbsp;&nbsp;&nbsp;&nbsp;&nbsp;&nbsp;&nbsp;&nbsp;&nbsp;&nbsp;&nbsp;&nbsp;&nbsp;&nbsp;&nbsp;&nbsp;&nbsp;&nbsp; s A\u00b4Dayimanem<\/p>\n<p><a href=\"http:\/\/www.murumbi.se\/index1.html\" target=\"_blank\">Murumbi<\/a>&nbsp;&nbsp;&nbsp;&nbsp;&nbsp;&nbsp;&nbsp;&nbsp;&nbsp;&nbsp;&nbsp;&nbsp;&nbsp;&nbsp;&nbsp;&nbsp;&nbsp;&nbsp;&nbsp;&nbsp;&nbsp;&nbsp;&nbsp;&nbsp;&nbsp;&nbsp;&nbsp;&nbsp;&nbsp;&nbsp;&nbsp;&nbsp;&nbsp;&nbsp;&nbsp;&nbsp;&nbsp;&nbsp;&nbsp;&nbsp; t\u00e1ta Chicko<\/p>\n<p><a href=\"http:\/\/www.farahani.cz\" target=\"_blank\">Farahani Mosi &#038; Gitano <\/p>\n<p>Vuma Slunce \u017eivota<\/a> &nbsp;&nbsp;&nbsp;&nbsp;&nbsp;&nbsp;&nbsp;&nbsp;&nbsp;&nbsp;&nbsp;&nbsp;&nbsp;&nbsp;&nbsp;&nbsp;&nbsp;&nbsp;&nbsp;&nbsp;&nbsp;&nbsp;br\u00e1\u0161ka Han\u00fdsek (F) a Git\u00e1nek<\/p>\n<p><a href=\"http:\/\/dracek123.rajce.idnes.cz\/\" target=\"_blank\">Ghalib Daraka Slunce \u017eivota<\/a>&nbsp;&nbsp;&nbsp;&nbsp;&nbsp;&nbsp;&nbsp;&nbsp; br\u00e1\u0161ka Dr\u00e1\u010dek<\/p>\n<p><a href=\"http:\/\/rr.sloninec.net\" target=\"_blank\">Faraa Nanyanika Slunce \u017eivota<\/a>&nbsp;&nbsp;&nbsp; sest\u0159i\u010dka R\u016f\u017eenka (F)<br \/>\n<a href=\"http:\/\/gaudiwamusana.matejicek.eu\/\" target=\"_blank\">Csaba z Vysok\u00e9 pece<\/a>&nbsp;&nbsp;&nbsp;&nbsp;&nbsp;&nbsp;&nbsp;&nbsp;&nbsp;&nbsp;&nbsp;&nbsp;&nbsp;&nbsp;&nbsp;&nbsp;&nbsp;&nbsp;&nbsp; nete\u0159 Csabinka<\/p>\n<p><BR><\/p>\n<h2>Kluby Rhod\u00e9sk\u00fdch ridgeback\u016f<\/h2>\n<p><a href=\"http:\/\/www.ckrr.cz\" target=\"_blank\">\u010cesk\u00fd klub RR<\/a>&nbsp;&nbsp;&nbsp;&nbsp;&nbsp;&nbsp;&nbsp;&nbsp;&nbsp;&nbsp;&nbsp;&nbsp;&nbsp;&nbsp;&nbsp;&nbsp;&nbsp;&nbsp;&nbsp;&nbsp;&nbsp;&nbsp;&nbsp;&nbsp;&nbsp;&nbsp;&nbsp;&nbsp;&nbsp;&nbsp;&nbsp; jsem \u010dlenem<\/p>\n<p><a href=\"http:\/\/www.kchrr.com\/\" target=\"_blank\">Klub chovatel\u016f RR<\/a><\/p>\n<p><BR><\/p>\n<h2>Sport<\/h2>\n<p><a href=\"http:\/\/www.vaspes.com\/\" target=\"_blank\">V\u00e1\u0161 pes<\/a>&nbsp;&nbsp;&nbsp;&nbsp;&nbsp;&nbsp;&nbsp;&nbsp;&nbsp;&nbsp;&nbsp;&nbsp;&nbsp;&nbsp;&nbsp;&nbsp;&nbsp;&nbsp;&nbsp;&nbsp;&nbsp;&nbsp;&nbsp;&nbsp;&nbsp;&nbsp;&nbsp;&nbsp;&nbsp;&nbsp;&nbsp;&nbsp;&nbsp;&nbsp;&nbsp;&nbsp;&nbsp;&nbsp;&nbsp;&nbsp;&nbsp;&nbsp;Zde cvi\u010d\u00edm poslu\u0161nost<\/p>\n<p><a href=\"http:\/\/agility-mb.webnode.cz\/\" target=\"_blank\">Agility Kr\u00e1sn\u00e1 louka<\/a>&nbsp;&nbsp;&nbsp;&nbsp;&nbsp;&nbsp;&nbsp;&nbsp;&nbsp;&nbsp;&nbsp;&nbsp;&nbsp;&nbsp;&nbsp;&nbsp;&nbsp;&nbsp;&nbsp;&nbsp;&nbsp;&nbsp;Tr\u00e9nink agility kousk\u016f<\/p>\n<p><a href=\"http:\/\/www.coursingcz.info\/\" target=\"_blank\">Czech Coursing Club<\/a>&nbsp;&nbsp;&nbsp;&nbsp;&nbsp;&nbsp;&nbsp;&nbsp;&nbsp;&nbsp;&nbsp;&nbsp;&nbsp;&nbsp;&nbsp;&nbsp;&nbsp;&nbsp;&nbsp;&nbsp;&nbsp;&nbsp;Coursing<\/p>\n<p><a href=\"http:\/\/www.ceskypes.cz\/\" target=\"_blank\">\u010cesk\u00fd pes<\/a>&nbsp;&nbsp;&nbsp;&nbsp;&nbsp;&nbsp;&nbsp;&nbsp;&nbsp;&nbsp;&nbsp;&nbsp;&nbsp;&nbsp;&nbsp;&nbsp;&nbsp;&nbsp;&nbsp;&nbsp;&nbsp;&nbsp;&nbsp;&nbsp;&nbsp;&nbsp;&nbsp;&nbsp;&nbsp;&nbsp;&nbsp;&nbsp;&nbsp;&nbsp;&nbsp;&nbsp;&nbsp;&nbsp;Coursing<\/p>\n<p><a href=\"http:\/\/www.coursingy.cz\/\" target=\"_blank\">Coursingy<\/a>&nbsp;&nbsp;&nbsp;&nbsp;&nbsp;&nbsp;&nbsp;&nbsp;&nbsp;&nbsp;&nbsp;&nbsp;&nbsp;&nbsp;&nbsp;&nbsp;&nbsp;&nbsp;&nbsp;&nbsp;&nbsp;&nbsp;&nbsp;&nbsp;&nbsp;&nbsp;&nbsp;&nbsp;&nbsp;&nbsp;&nbsp;&nbsp;&nbsp;&nbsp;&nbsp;&nbsp;&nbsp;&nbsp;Coursing<\/p>\n<p><a href=\"http:\/\/www.anubiswear.eu\/\" target=\"_blank\">Sportovn\u00ed pot\u0159eby<\/a>&nbsp;&nbsp;&nbsp;&nbsp;&nbsp;&nbsp;&nbsp;&nbsp;&nbsp;&nbsp;&nbsp;&nbsp;&nbsp;&nbsp;&nbsp;&nbsp;&nbsp;&nbsp;&nbsp;&nbsp;&nbsp;&nbsp;&nbsp;&nbsp;&nbsp;Dresy na coursing<\/p>\n<p><BR><\/p>\n<h2>Zdrav\u00ed a v\u00fd\u017eiva<\/h2>\n<p><a href=\"http:\/\/www.veterinarniklinika-mimon.cz\/cs\/\" target=\"_blank\">Veterina mimo\u0148<\/a>&nbsp;&nbsp;&nbsp;&nbsp;&nbsp;&nbsp;&nbsp;&nbsp;&nbsp;&nbsp;&nbsp;&nbsp;&nbsp;&nbsp;&nbsp;&nbsp;&nbsp;&nbsp;&nbsp;&nbsp;&nbsp;&nbsp;&nbsp;&nbsp;&nbsp;&nbsp;&nbsp;&nbsp;Sem jezd\u00edme, kdy\u017e ston\u00e1m<\/p>\n<p><a href=\"http:\/\/www.krmivo-platinum.cz\/\" target=\"_blank\">Platinum<\/a>&nbsp;&nbsp;&nbsp;&nbsp;&nbsp;&nbsp;&nbsp;&nbsp;&nbsp;&nbsp;&nbsp;&nbsp;&nbsp;&nbsp;&nbsp;&nbsp;&nbsp;&nbsp;&nbsp;&nbsp;&nbsp;&nbsp;&nbsp;&nbsp;&nbsp;&nbsp;&nbsp;&nbsp;&nbsp;&nbsp;&nbsp;&nbsp;&nbsp;&nbsp;&nbsp;&nbsp;&nbsp;&nbsp;&nbsp; Moje nejobl\u00edben\u011bj\u0161\u00ed j\u00eddlo<\/p>\n<p><a href=\"http:\/\/www.pejsekfanda.cz\/\" target=\"_blank\">U Fandy<\/a>&nbsp;&nbsp;&nbsp;&nbsp;&nbsp;&nbsp;&nbsp;&nbsp;&nbsp;&nbsp;&nbsp;&nbsp;&nbsp;&nbsp;&nbsp;&nbsp;&nbsp;&nbsp;&nbsp;&nbsp;&nbsp;&nbsp;&nbsp;&nbsp;&nbsp;&nbsp;&nbsp;&nbsp;&nbsp;&nbsp;&nbsp;&nbsp;&nbsp;&nbsp;&nbsp;&nbsp;&nbsp;&nbsp;&nbsp;&nbsp;&nbsp;Tady mi p\u00e1n\u00ed\u010dkov\u00e9 kupuj\u00ed pap\u00e1n\u00ed<\/p>\n<p><a href=\"http:\/\/www.proplan.cz\/\" target=\"_blank\">Pro Plan Biscuit<\/a>&nbsp;&nbsp;&nbsp;&nbsp;&nbsp;&nbsp;&nbsp;&nbsp;&nbsp;&nbsp;&nbsp;&nbsp;&nbsp;&nbsp;&nbsp;&nbsp;&nbsp;&nbsp;&nbsp;&nbsp;&nbsp;&nbsp;&nbsp;&nbsp;&nbsp;&nbsp;&nbsp;&nbsp;&nbsp;Dobr\u016ftky za odm\u011bnu<\/p>\n<p><a href=\"http:\/\/www.dogmans.cz\/60-150-thickbox\/winter-jacket-65.jpg\" target=\"_blank\">Hurrta<\/a>&nbsp;&nbsp;&nbsp;&nbsp;&nbsp;&nbsp;&nbsp;&nbsp;&nbsp;&nbsp;&nbsp;&nbsp;&nbsp;&nbsp;&nbsp;&nbsp;&nbsp;&nbsp;&nbsp;&nbsp;&nbsp;&nbsp;&nbsp;&nbsp;&nbsp;&nbsp;&nbsp;&nbsp;&nbsp;&nbsp;&nbsp;&nbsp;&nbsp;&nbsp;&nbsp;&nbsp;&nbsp;&nbsp;&nbsp;&nbsp;&nbsp;&nbsp;&nbsp;&nbsp;M\u016fj nov\u00fd oble\u010dek a v\u0161e pro aktivn\u00ed pejsky<\/p>\n","protected":false},"excerpt":{"rendered":"<p>Rodina CHS Slunce \u017eivota&nbsp;&nbsp;&nbsp;&nbsp;&nbsp;&nbsp;&nbsp;&nbsp;&nbsp;&nbsp;&nbsp;&nbsp;&nbsp;&nbsp;&nbsp;&nbsp;&nbsp;&nbsp;&nbsp;&nbsp;&nbsp;&nbsp;&nbsp;&nbsp; maminka Nayla, br\u00e1\u0161ka Bou\u00ed, teta Shawana a str\u00fdcov\u00e9 Fumo &nbsp;&nbsp;&nbsp;&nbsp;&nbsp;&nbsp;&nbsp;&nbsp;&nbsp;&nbsp;&nbsp;&nbsp;&nbsp;&nbsp;&nbsp;&nbsp;&nbsp;&nbsp;&nbsp;&nbsp;&nbsp;&nbsp;&nbsp;&nbsp;&nbsp;&nbsp;&nbsp;&nbsp;&nbsp;&nbsp;&nbsp;&nbsp;&nbsp;&nbsp;&nbsp;&nbsp;&nbsp;&nbsp;&nbsp;&nbsp;&nbsp;&nbsp;&nbsp;&nbsp;&nbsp;&nbsp;&nbsp;&nbsp;&nbsp;&nbsp;&nbsp;&nbsp;&nbsp;&nbsp; s A\u00b4Dayimanem Murumbi&nbsp;&nbsp;&nbsp;&nbsp;&nbsp;&nbsp;&nbsp;&nbsp;&nbsp;&nbsp;&nbsp;&nbsp;&nbsp;&nbsp;&nbsp;&nbsp;&nbsp;&nbsp;&nbsp;&nbsp;&nbsp;&nbsp;&nbsp;&nbsp;&nbsp;&nbsp;&nbsp;&nbsp;&nbsp;&nbsp;&nbsp;&nbsp;&nbsp;&nbsp;&nbsp;&nbsp;&nbsp;&nbsp;&nbsp;&nbsp; t\u00e1ta Chicko Farahani Mosi &#038; Gitano Vuma Slunce \u017eivota &nbsp;&nbsp;&nbsp;&nbsp;&nbsp;&nbsp;&nbsp;&nbsp;&nbsp;&nbsp;&nbsp;&nbsp;&nbsp;&nbsp;&nbsp;&nbsp;&nbsp;&nbsp;&nbsp;&nbsp;&nbsp;&nbsp;br\u00e1\u0161ka Han\u00fdsek (F) a Git\u00e1nek Ghalib Daraka Slunce \u017eivota&nbsp;&nbsp;&nbsp;&nbsp;&nbsp;&nbsp;&nbsp;&nbsp; br\u00e1\u0161ka Dr\u00e1\u010dek Faraa Nanyanika Slunce \u017eivota&nbsp;&nbsp;&nbsp; sest\u0159i\u010dka R\u016f\u017eenka (F) Csaba z Vysok\u00e9 pece&nbsp;&nbsp;&nbsp;&nbsp;&nbsp;&nbsp;&nbsp;&nbsp;&nbsp;&nbsp;&nbsp;&nbsp;&nbsp;&nbsp;&nbsp;&nbsp;&nbsp;&nbsp;&nbsp; nete\u0159 Csabinka Kluby Rhod\u00e9sk\u00fdch ridgeback\u016f \u010cesk\u00fd klub [&hellip;]<\/p>\n","protected":false},"author":1,"featured_media":0,"parent":0,"menu_order":0,"comment_status":"closed","ping_status":"closed","template":"","meta":{"ngg_post_thumbnail":0},"_links":{"self":[{"href":"http:\/\/sonny.ulicnici.cz\/index.php?rest_route=\/wp\/v2\/pages\/324"}],"collection":[{"href":"http:\/\/sonny.ulicnici.cz\/index.php?rest_route=\/wp\/v2\/pages"}],"about":[{"href":"http:\/\/sonny.ulicnici.cz\/index.php?rest_route=\/wp\/v2\/types\/page"}],"author":[{"embeddable":true,"href":"http:\/\/sonny.ulicnici.cz\/index.php?rest_route=\/wp\/v2\/users\/1"}],"replies":[{"embeddable":true,"href":"http:\/\/sonny.ulicnici.cz\/index.php?rest_route=%2Fwp%2Fv2%2Fcomments&post=324"}],"version-history":[{"count":17,"href":"http:\/\/sonny.ulicnici.cz\/index.php?rest_route=\/wp\/v2\/pages\/324\/revisions"}],"predecessor-version":[{"id":369,"href":"http:\/\/sonny.ulicnici.cz\/index.php?rest_route=\/wp\/v2\/pages\/324\/revisions\/369"}],"wp:attachment":[{"href":"http:\/\/sonny.ulicnici.cz\/index.php?rest_route=%2Fwp%2Fv2%2Fmedia&parent=324"}],"curies":[{"name":"wp","href":"https:\/\/api.w.org\/{rel}","templated":true}]}}