{"id":390,"date":"2010-11-09T22:48:58","date_gmt":"2010-11-09T21:48:58","guid":{"rendered":"http:\/\/sonny.ulicnici.cz\/?page_id=390"},"modified":"2011-05-28T18:12:22","modified_gmt":"2011-05-28T16:12:22","slug":"galerie","status":"publish","type":"page","link":"http:\/\/sonny.ulicnici.cz\/?page_id=390","title":{"rendered":"Galerie"},"content":{"rendered":"<div id=\"attachment_410\" style=\"width: 160px\" class=\"wp-caption alignleft\"><a href=\"http:\/\/sonny.ulicnici.cz\/?page_id=401\"><img aria-describedby=\"caption-attachment-410\" loading=\"lazy\" class=\"size-thumbnail wp-image-410 \" title=\"Jdeme_domu\" src=\"http:\/\/sonny.ulicnici.cz\/wp-content\/uploads\/2010\/11\/Jdeme_domu-150x150.jpg\" alt=\"\" width=\"150\" height=\"150\" \/><\/a><p id=\"caption-attachment-410\" class=\"wp-caption-text\">01. Tak jsem doma<\/p><\/div>\n<div id=\"attachment_419\" style=\"width: 160px\" class=\"wp-caption alignleft\"><a href=\"http:\/\/sonny.ulicnici.cz\/?page_id=415\"><img aria-describedby=\"caption-attachment-419\" loading=\"lazy\" class=\"size-thumbnail wp-image-419 \" title=\"P8028732\" src=\"http:\/\/sonny.ulicnici.cz\/wp-content\/uploads\/2010\/11\/P8028732-150x150.jpg\" alt=\"\" width=\"150\" height=\"150\" \/><\/a><p id=\"caption-attachment-419\" class=\"wp-caption-text\">02.Konopi\u0161t\u011b<\/p><\/div>\n<div id=\"attachment_483\" style=\"width: 160px\" class=\"wp-caption alignleft\"><a title=\"03.Orl\u00edk 09\" href=\"http:\/\/sonny.ulicnici.cz\/?page_id=481\"><img aria-describedby=\"caption-attachment-483\" loading=\"lazy\" class=\"size-thumbnail wp-image-483\" title=\"P9060505\" src=\"http:\/\/sonny.ulicnici.cz\/wp-content\/uploads\/2010\/11\/P9060505-150x150.jpg\" alt=\"\" width=\"150\" height=\"150\" \/><\/a><p id=\"caption-attachment-483\" class=\"wp-caption-text\">03.Orl\u00edk 09<\/p><\/div>\n<div id=\"attachment_493\" style=\"width: 160px\" class=\"wp-caption alignleft\"><a title=\"04.Profi fotky\" href=\"http:\/\/sonny.ulicnici.cz\/?page_id=487\"><img aria-describedby=\"caption-attachment-493\" loading=\"lazy\" class=\"size-thumbnail wp-image-493   \" title=\"_-64\" src=\"http:\/\/sonny.ulicnici.cz\/wp-content\/uploads\/2010\/11\/64-150x150.jpg\" alt=\"\" width=\"150\" height=\"150\" \/><\/a><p id=\"caption-attachment-493\" class=\"wp-caption-text\">04.Profi fotky<\/p><\/div>\n<div id=\"attachment_507\" style=\"width: 160px\" class=\"wp-caption alignleft\"><a title=\"05.Mat\u011bj Ul\u00edk\" href=\"http:\/\/sonny.ulicnici.cz\/?page_id=505\"><img aria-describedby=\"caption-attachment-507\" loading=\"lazy\" class=\"size-thumbnail wp-image-507\" title=\"P5174655\" src=\"http:\/\/sonny.ulicnici.cz\/wp-content\/uploads\/2010\/11\/P5174655-150x150.jpg\" alt=\"\" width=\"150\" height=\"150\" \/><\/a><p id=\"caption-attachment-507\" class=\"wp-caption-text\">05.Mat\u011bj Ul\u00edk<\/p><\/div>\n<div id=\"attachment_514\" style=\"width: 160px\" class=\"wp-caption alignleft\"><a title=\"06.Proch\u00e1zka Kosmonosy\" href=\"http:\/\/sonny.ulicnici.cz\/?page_id=512\"><img aria-describedby=\"caption-attachment-514\" loading=\"lazy\" class=\"size-thumbnail wp-image-514\" title=\"P2033224\" src=\"http:\/\/sonny.ulicnici.cz\/wp-content\/uploads\/2010\/11\/P2033224-150x150.jpg\" alt=\"\" width=\"150\" height=\"150\" \/><\/a><p id=\"caption-attachment-514\" class=\"wp-caption-text\">06.Proch\u00e1zka Kosmonosy<\/p><\/div>\n<div id=\"attachment_519\" style=\"width: 160px\" class=\"wp-caption alignleft\"><a title=\"07.1.narozeniny\" href=\"http:\/\/sonny.ulicnici.cz\/?page_id=517\"><img aria-describedby=\"caption-attachment-519\" loading=\"lazy\" class=\"size-thumbnail wp-image-519\" title=\"P4253945\" src=\"http:\/\/sonny.ulicnici.cz\/wp-content\/uploads\/2010\/11\/P42539451-150x150.jpg\" alt=\"\" width=\"150\" height=\"150\" \/><\/a><p id=\"caption-attachment-519\" class=\"wp-caption-text\">07.1.narozeniny<\/p><\/div>\n<div id=\"attachment_523\" style=\"width: 160px\" class=\"wp-caption alignleft\"><a title=\"08.Kloko\u010dka\" href=\"http:\/\/sonny.ulicnici.cz\/?page_id=522\"><img aria-describedby=\"caption-attachment-523\" loading=\"lazy\" class=\"size-thumbnail wp-image-523\" title=\"P5244765\" src=\"http:\/\/sonny.ulicnici.cz\/wp-content\/uploads\/2010\/11\/P5244765-150x150.jpg\" alt=\"\" width=\"150\" height=\"150\" \/><\/a><p id=\"caption-attachment-523\" class=\"wp-caption-text\">08.Kloko\u010dka<\/p><\/div>\n<div id=\"attachment_527\" style=\"width: 160px\" class=\"wp-caption alignleft\"><a title=\"09. Catch me\" href=\"http:\/\/sonny.ulicnici.cz\/?page_id=526\"><img aria-describedby=\"caption-attachment-527\" loading=\"lazy\" class=\"size-thumbnail wp-image-527 \" title=\"P6125836\" src=\"http:\/\/sonny.ulicnici.cz\/wp-content\/uploads\/2010\/11\/P61258361-150x150.jpg\" alt=\"\" width=\"150\" height=\"150\" \/><\/a><p id=\"caption-attachment-527\" class=\"wp-caption-text\">09. Catch me if you can<\/p><\/div>\n<div id=\"attachment_533\" style=\"width: 160px\" class=\"wp-caption alignleft\"><a title=\"10.NVP MB 2010\" href=\"http:\/\/sonny.ulicnici.cz\/?page_id=554\"><img aria-describedby=\"caption-attachment-533\" loading=\"lazy\" class=\"size-thumbnail wp-image-533 \" title=\"P7178077\" src=\"http:\/\/sonny.ulicnici.cz\/wp-content\/uploads\/2010\/11\/P7178077-150x150.jpg\" alt=\"\" width=\"150\" height=\"150\" \/><\/a><p id=\"caption-attachment-533\" class=\"wp-caption-text\">10.NVP MB 2010<\/p><\/div>\n<div id=\"attachment_564\" style=\"width: 160px\" class=\"wp-caption alignleft\"><a title=\"11.MVP MB 2010\" href=\"http:\/\/sonny.ulicnici.cz\/?page_id=562\"><img aria-describedby=\"caption-attachment-564\" loading=\"lazy\" class=\"size-thumbnail wp-image-564\" title=\"1\" src=\"http:\/\/sonny.ulicnici.cz\/wp-content\/uploads\/2010\/11\/1-150x150.jpg\" alt=\"\" width=\"150\" height=\"150\" \/><\/a><p id=\"caption-attachment-564\" class=\"wp-caption-text\">11.MVP MB 2010<\/p><\/div>\n<div id=\"attachment_570\" style=\"width: 160px\" class=\"wp-caption alignleft\"><a title=\"12. \u010cKRR Orl\u00edk 10\" href=\"http:\/\/sonny.ulicnici.cz\/?page_id=568\"><img aria-describedby=\"caption-attachment-570\" loading=\"lazy\" class=\"size-thumbnail wp-image-570\" title=\"P9050381\" src=\"http:\/\/sonny.ulicnici.cz\/wp-content\/uploads\/2010\/11\/P9050381-150x150.jpg\" alt=\"\" width=\"150\" height=\"150\" \/><\/a><p id=\"caption-attachment-570\" class=\"wp-caption-text\">12.\u010cKRR Orl\u00edk 10<\/p><\/div>\n<div id=\"attachment_574\" style=\"width: 160px\" class=\"wp-caption alignleft\"><a title=\"13.Licen\u010dn\u00ed b\u011bhy\" href=\"http:\/\/sonny.ulicnici.cz\/?page_id=573\"><img aria-describedby=\"caption-attachment-574\" loading=\"lazy\" class=\"size-thumbnail wp-image-574\" title=\"P9120846\" src=\"http:\/\/sonny.ulicnici.cz\/wp-content\/uploads\/2010\/11\/P9120846-150x150.jpg\" alt=\"\" width=\"150\" height=\"150\" \/><\/a><p id=\"caption-attachment-574\" class=\"wp-caption-text\">13.Licen\u010dn\u00ed b\u011bhy<\/p><\/div>\n<div id=\"attachment_578\" style=\"width: 160px\" class=\"wp-caption alignleft\"><a title=\"14.Memori\u00e1l Karla Grunwalda\" href=\"http:\/\/sonny.ulicnici.cz\/?page_id=592\"><img aria-describedby=\"caption-attachment-578\" loading=\"lazy\" class=\"size-thumbnail wp-image-578  \" title=\"PB012689\" src=\"http:\/\/sonny.ulicnici.cz\/wp-content\/uploads\/2010\/11\/PB012689-150x150.jpg\" alt=\"\" width=\"150\" height=\"150\" \/><\/a><p id=\"caption-attachment-578\" class=\"wp-caption-text\">14.Memori\u00e1l K.Grunwalda<\/p><\/div>\n<div id=\"attachment_602\" style=\"width: 160px\" class=\"wp-caption alignleft\"><a title=\"15.Agility\" href=\"http:\/\/sonny.ulicnici.cz\/?page_id=600\"><img aria-describedby=\"caption-attachment-602\" loading=\"lazy\" class=\"size-thumbnail wp-image-602 \" title=\"P7057284\" src=\"http:\/\/sonny.ulicnici.cz\/wp-content\/uploads\/2010\/11\/P7057284-150x150.jpg\" alt=\"\" width=\"150\" height=\"150\" \/><\/a><p id=\"caption-attachment-602\" class=\"wp-caption-text\">15.Agility<\/p><\/div>\n<div id=\"attachment_608\" style=\"width: 160px\" class=\"wp-caption alignleft\"><a title=\"16.Sonny\" href=\"http:\/\/sonny.ulicnici.cz\/?page_id=606\"><img aria-describedby=\"caption-attachment-608\" loading=\"lazy\" class=\"size-thumbnail wp-image-608\" title=\"P9241174\" src=\"http:\/\/sonny.ulicnici.cz\/wp-content\/uploads\/2010\/11\/P9241174-150x150.jpg\" alt=\"\" width=\"150\" height=\"150\" \/><\/a><p id=\"caption-attachment-608\" class=\"wp-caption-text\">16.Sonny<\/p><\/div>\n<div id=\"attachment_638\" style=\"width: 160px\" class=\"wp-caption alignleft\"><a title=\"18.Anubis cup\" href=\"http:\/\/sonny.ulicnici.cz\/?page_id=636\"><img aria-describedby=\"caption-attachment-638\" loading=\"lazy\" class=\"size-full wp-image-638   \" title=\"Bez-n\u00e1zvu-1\" src=\"http:\/\/sonny.ulicnici.cz\/wp-content\/uploads\/2010\/11\/Bez-n\u00e1zvu-11.jpg\" alt=\"\" width=\"150\" height=\"150\" \/><\/a><p id=\"caption-attachment-638\" class=\"wp-caption-text\">17.Anubis cup <\/p><\/div>\n<div id=\"attachment_817\" style=\"width: 160px\" class=\"wp-caption alignleft\"><a title=\"19.Zima 2010\" href=\"http:\/\/sonny.ulicnici.cz\/?page_id=814\"><img aria-describedby=\"caption-attachment-817\" loading=\"lazy\" class=\"size-thumbnail wp-image-817  \" title=\"PB303148\" src=\"http:\/\/sonny.ulicnici.cz\/wp-content\/uploads\/2010\/11\/PB303148-150x150.jpg\" alt=\"\" width=\"150\" height=\"150\" \/><\/a><p id=\"caption-attachment-817\" class=\"wp-caption-text\">18.Zima 2010<\/p><\/div>\n<div id=\"attachment_824\" style=\"width: 160px\" class=\"wp-caption alignleft\"><a title=\"20. Photo by PP\" href=\"http:\/\/sonny.ulicnici.cz\/?page_id=839\" target=\"_blank\"><img aria-describedby=\"caption-attachment-824\" loading=\"lazy\" class=\"size-thumbnail wp-image-824   \" title=\"20.Photo by PP\" src=\"http:\/\/sonny.ulicnici.cz\/wp-content\/uploads\/2010\/12\/1-150x150.jpg\" alt=\"\" width=\"150\" height=\"150\" \/><\/a><p id=\"caption-attachment-824\" class=\"wp-caption-text\">19.Photo by Petr Paul\u00edk<\/p><\/div>\n<div id=\"attachment_852\" style=\"width: 160px\" class=\"wp-caption alignleft\"><a title=\"21.V\u00e1noce 2010\" href=\"http:\/\/sonny.ulicnici.cz\/?page_id=851\" target=\"_blank\"><img aria-describedby=\"caption-attachment-852\" loading=\"lazy\" class=\"size-thumbnail wp-image-852 \" title=\"PC243870\" src=\"http:\/\/sonny.ulicnici.cz\/wp-content\/uploads\/2010\/11\/PC243870-150x150.jpg\" alt=\"\" width=\"150\" height=\"150\" \/><\/a><p id=\"caption-attachment-852\" class=\"wp-caption-text\">20.V\u00e1noce 2010<\/p><\/div>\n<div id=\"attachment_955\" style=\"width: 160px\" class=\"wp-caption alignleft\"><a title=\"23.NordCup 2011\" href=\"http:\/\/sonny.ulicnici.cz\/?page_id=954\" target=\"_blank\"><img aria-describedby=\"caption-attachment-955\" loading=\"lazy\" class=\"size-thumbnail wp-image-955  \" title=\"IMG_5003upr\" src=\"http:\/\/sonny.ulicnici.cz\/wp-content\/uploads\/2010\/11\/IMG_5003upr-150x150.jpg\" alt=\"\" width=\"150\" height=\"150\" \/><\/a><p id=\"caption-attachment-955\" class=\"wp-caption-text\">21.NordCup 2011<\/p><\/div>\n<div style=\"width: 160px\" class=\"wp-caption alignleft\"><a href=\"http:\/\/sonny.ulicnici.cz\/?page_id=990\" target=\"_blank\"><img loading=\"lazy\" class=\"ngg-singlepic ngg-left  \" src=\"http:\/\/sonny.ulicnici.cz\/wp-content\/gallery\/snow-coursing\/p2124690.jpg\" alt=\"p2124690\" width=\"150\" height=\"150\" \/><\/a><p class=\"wp-caption-text\">22. Snow coursing<\/p><\/div>\n<div id=\"attachment_1019\" style=\"width: 160px\" class=\"wp-caption alignleft\"><a title=\"25.Jarn\u00ed Kralupy 2011\" href=\"http:\/\/sonny.ulicnici.cz\/?page_id=1018\"><img aria-describedby=\"caption-attachment-1019\" loading=\"lazy\" class=\"size-thumbnail wp-image-1019 \" title=\"DSC_3092\" src=\"http:\/\/sonny.ulicnici.cz\/wp-content\/uploads\/2010\/11\/DSC_3092-150x150.jpg\" alt=\"\" width=\"150\" height=\"150\" \/><\/a><p id=\"caption-attachment-1019\" class=\"wp-caption-text\">23.Jarn\u00ed Kralupy 2011<\/p><\/div>\n<div id=\"attachment_1094\" style=\"width: 160px\" class=\"wp-caption alignleft\"><a title=\"24.Radslavice\" href=\"http:\/\/sonny.ulicnici.cz\/?page_id=1093\"><img aria-describedby=\"caption-attachment-1094\" loading=\"lazy\" class=\"size-thumbnail wp-image-1094\" title=\"SONY DSC\" src=\"http:\/\/sonny.ulicnici.cz\/wp-content\/uploads\/2010\/11\/DC23559_672-150x150.jpg\" alt=\"\" width=\"150\" height=\"150\" \/><\/a><p id=\"caption-attachment-1094\" class=\"wp-caption-text\">24.Radslavice<\/p><\/div>\n<div id=\"attachment_1128\" style=\"width: 160px\" class=\"wp-caption alignleft\"><a title=\"25.Bonitace\" href=\"http:\/\/sonny.ulicnici.cz\/?page_id=1127\"><img aria-describedby=\"caption-attachment-1128\" loading=\"lazy\" class=\"size-thumbnail wp-image-1128\" title=\"DSC_69461\" src=\"http:\/\/sonny.ulicnici.cz\/wp-content\/uploads\/2010\/11\/DSC_694611-150x150.jpg\" alt=\"\" width=\"150\" height=\"150\" \/><\/a><p id=\"caption-attachment-1128\" class=\"wp-caption-text\">25.Bonitace<\/p><\/div>\n<div id=\"attachment_1223\" style=\"width: 160px\" class=\"wp-caption alignleft\"><a href=\"http:\/\/sonny.ulicnici.cz\/?page_id=1221\"><img aria-describedby=\"caption-attachment-1223\" loading=\"lazy\" class=\"size-thumbnail wp-image-1223 \" title=\"OLYMPUS DIGITAL CAMERA\" src=\"http:\/\/sonny.ulicnici.cz\/wp-content\/uploads\/2010\/11\/P4280063-150x150.jpg\" alt=\"\" width=\"150\" height=\"150\" \/><\/a><p id=\"caption-attachment-1223\" class=\"wp-caption-text\">26. KV Lys\u00e1 nad Labem<\/p><\/div>\n<p>&nbsp;<\/p>\n<p>&nbsp;<\/p>\n<p><a class=\"shutterset_\" href=\"http:\/\/sonny.ulicnici.cz\/wp-content\/gallery\/jarni-kralupy-2011\/dsc_3092.jpg\"><br \/>\n<\/a><\/p>\n","protected":false},"excerpt":{"rendered":"<p>&nbsp; &nbsp;<\/p>\n","protected":false},"author":1,"featured_media":0,"parent":0,"menu_order":0,"comment_status":"closed","ping_status":"closed","template":"","meta":{"ngg_post_thumbnail":0},"_links":{"self":[{"href":"http:\/\/sonny.ulicnici.cz\/index.php?rest_route=\/wp\/v2\/pages\/390"}],"collection":[{"href":"http:\/\/sonny.ulicnici.cz\/index.php?rest_route=\/wp\/v2\/pages"}],"about":[{"href":"http:\/\/sonny.ulicnici.cz\/index.php?rest_route=\/wp\/v2\/types\/page"}],"author":[{"embeddable":true,"href":"http:\/\/sonny.ulicnici.cz\/index.php?rest_route=\/wp\/v2\/users\/1"}],"replies":[{"embeddable":true,"href":"http:\/\/sonny.ulicnici.cz\/index.php?rest_route=%2Fwp%2Fv2%2Fcomments&post=390"}],"version-history":[{"count":74,"href":"http:\/\/sonny.ulicnici.cz\/index.php?rest_route=\/wp\/v2\/pages\/390\/revisions"}],"predecessor-version":[{"id":394,"href":"http:\/\/sonny.ulicnici.cz\/index.php?rest_route=\/wp\/v2\/pages\/390\/revisions\/394"}],"wp:attachment":[{"href":"http:\/\/sonny.ulicnici.cz\/index.php?rest_route=%2Fwp%2Fv2%2Fmedia&parent=390"}],"curies":[{"name":"wp","href":"https:\/\/api.w.org\/{rel}","templated":true}]}}