{"id":415,"date":"2010-11-10T22:14:06","date_gmt":"2010-11-10T21:14:06","guid":{"rendered":"http:\/\/sonny.ulicnici.cz\/?page_id=415"},"modified":"2010-11-10T22:22:06","modified_gmt":"2010-11-10T21:22:06","slug":"konopistske-predstaveni","status":"publish","type":"page","link":"http:\/\/sonny.ulicnici.cz\/?page_id=415","title":{"rendered":"Konopi\u0161\u0165sk\u00e9 p\u0159edstaven\u00ed"},"content":{"rendered":"<!-- index.php -->\n<div\n\tclass=\"ngg-galleryoverview ngg-ajax-pagination-none\"\n\tid=\"ngg-gallery-34e81c6296a4a61de60ab868e3798565-1\">\n\n    \t\t<!-- Thumbnails -->\n\t\t\t\t<div id=\"ngg-image-0\" class=\"ngg-gallery-thumbnail-box\" >\n\t\t\t\t        <div class=\"ngg-gallery-thumbnail\">\n            <a href=\"http:\/\/sonny.ulicnici.cz\/wp-content\/gallery\/konopistske-predstaveni\/p8028732.jpg\"\n               title=\"\"\n               data-src=\"http:\/\/sonny.ulicnici.cz\/wp-content\/gallery\/konopistske-predstaveni\/p8028732.jpg\"\n               data-thumbnail=\"http:\/\/sonny.ulicnici.cz\/wp-content\/gallery\/konopistske-predstaveni\/thumbs\/thumbs_p8028732.jpg\"\n               data-image-id=\"44\"\n               data-title=\"p8028732\"\n               data-description=\"\"\n               data-image-slug=\"p8028732\"\n               class=\"shutterset_34e81c6296a4a61de60ab868e3798565\">\n                <img\n                    title=\"p8028732\"\n                    alt=\"p8028732\"\n                    src=\"http:\/\/sonny.ulicnici.cz\/wp-content\/gallery\/konopistske-predstaveni\/thumbs\/thumbs_p8028732.jpg\"\n                    width=\"100\"\n                    height=\"75\"\n                    style=\"max-width:100%;\"\n                \/>\n            <\/a>\n        <\/div>\n\t\t\t\t\t\t\t<\/div> \n\t\t\t\n        \n\t\t\t\t<div id=\"ngg-image-1\" class=\"ngg-gallery-thumbnail-box\" >\n\t\t\t\t        <div class=\"ngg-gallery-thumbnail\">\n            <a href=\"http:\/\/sonny.ulicnici.cz\/wp-content\/gallery\/konopistske-predstaveni\/p8028787.jpg\"\n               title=\"\"\n               data-src=\"http:\/\/sonny.ulicnici.cz\/wp-content\/gallery\/konopistske-predstaveni\/p8028787.jpg\"\n               data-thumbnail=\"http:\/\/sonny.ulicnici.cz\/wp-content\/gallery\/konopistske-predstaveni\/thumbs\/thumbs_p8028787.jpg\"\n               data-image-id=\"45\"\n               data-title=\"p8028787\"\n               data-description=\"\"\n               data-image-slug=\"p8028787\"\n               class=\"shutterset_34e81c6296a4a61de60ab868e3798565\">\n                <img\n                    title=\"p8028787\"\n                    alt=\"p8028787\"\n                    src=\"http:\/\/sonny.ulicnici.cz\/wp-content\/gallery\/konopistske-predstaveni\/thumbs\/thumbs_p8028787.jpg\"\n                    width=\"100\"\n                    height=\"75\"\n                    style=\"max-width:100%;\"\n                \/>\n            <\/a>\n        <\/div>\n\t\t\t\t\t\t\t<\/div> \n\t\t\t\n        \n\t\t\t\t<div id=\"ngg-image-2\" class=\"ngg-gallery-thumbnail-box\" >\n\t\t\t\t        <div class=\"ngg-gallery-thumbnail\">\n            <a href=\"http:\/\/sonny.ulicnici.cz\/wp-content\/gallery\/konopistske-predstaveni\/p8028854.jpg\"\n               title=\"\"\n               data-src=\"http:\/\/sonny.ulicnici.cz\/wp-content\/gallery\/konopistske-predstaveni\/p8028854.jpg\"\n               data-thumbnail=\"http:\/\/sonny.ulicnici.cz\/wp-content\/gallery\/konopistske-predstaveni\/thumbs\/thumbs_p8028854.jpg\"\n               data-image-id=\"46\"\n               data-title=\"p8028854\"\n               data-description=\"\"\n               data-image-slug=\"p8028854\"\n               class=\"shutterset_34e81c6296a4a61de60ab868e3798565\">\n                <img\n                    title=\"p8028854\"\n                    alt=\"p8028854\"\n                    src=\"http:\/\/sonny.ulicnici.cz\/wp-content\/gallery\/konopistske-predstaveni\/thumbs\/thumbs_p8028854.jpg\"\n                    width=\"100\"\n                    height=\"75\"\n                    style=\"max-width:100%;\"\n                \/>\n            <\/a>\n        <\/div>\n\t\t\t\t\t\t\t<\/div> \n\t\t\t\n        \n\t\t\t\t<div id=\"ngg-image-3\" class=\"ngg-gallery-thumbnail-box\" >\n\t\t\t\t        <div class=\"ngg-gallery-thumbnail\">\n            <a href=\"http:\/\/sonny.ulicnici.cz\/wp-content\/gallery\/konopistske-predstaveni\/p8028855.jpg\"\n               title=\"\"\n               data-src=\"http:\/\/sonny.ulicnici.cz\/wp-content\/gallery\/konopistske-predstaveni\/p8028855.jpg\"\n               data-thumbnail=\"http:\/\/sonny.ulicnici.cz\/wp-content\/gallery\/konopistske-predstaveni\/thumbs\/thumbs_p8028855.jpg\"\n               data-image-id=\"47\"\n               data-title=\"p8028855\"\n               data-description=\"\"\n               data-image-slug=\"p8028855\"\n               class=\"shutterset_34e81c6296a4a61de60ab868e3798565\">\n                <img\n                    title=\"p8028855\"\n                    alt=\"p8028855\"\n                    src=\"http:\/\/sonny.ulicnici.cz\/wp-content\/gallery\/konopistske-predstaveni\/thumbs\/thumbs_p8028855.jpg\"\n                    width=\"100\"\n                    height=\"75\"\n                    style=\"max-width:100%;\"\n                \/>\n            <\/a>\n        <\/div>\n\t\t\t\t\t\t\t<\/div> \n\t\t\t\n        \n\t\t\t\t<div id=\"ngg-image-4\" class=\"ngg-gallery-thumbnail-box\" >\n\t\t\t\t        <div class=\"ngg-gallery-thumbnail\">\n            <a href=\"http:\/\/sonny.ulicnici.cz\/wp-content\/gallery\/konopistske-predstaveni\/p8028860.jpg\"\n               title=\"\"\n               data-src=\"http:\/\/sonny.ulicnici.cz\/wp-content\/gallery\/konopistske-predstaveni\/p8028860.jpg\"\n               data-thumbnail=\"http:\/\/sonny.ulicnici.cz\/wp-content\/gallery\/konopistske-predstaveni\/thumbs\/thumbs_p8028860.jpg\"\n               data-image-id=\"48\"\n               data-title=\"p8028860\"\n               data-description=\"\"\n               data-image-slug=\"p8028860\"\n               class=\"shutterset_34e81c6296a4a61de60ab868e3798565\">\n                <img\n                    title=\"p8028860\"\n                    alt=\"p8028860\"\n                    src=\"http:\/\/sonny.ulicnici.cz\/wp-content\/gallery\/konopistske-predstaveni\/thumbs\/thumbs_p8028860.jpg\"\n                    width=\"100\"\n                    height=\"75\"\n                    style=\"max-width:100%;\"\n                \/>\n            <\/a>\n        <\/div>\n\t\t\t\t\t\t\t<\/div> \n\t\t\t\n        \n\t\t\n\t\t<!-- Pagination -->\n\t<div class='ngg-clear'><\/div>\t<\/div>\n\n<p style=\"text-align: center;\"><a href=\"..\/?page_id=390\">zp\u011bt<\/a><\/p>\n","protected":false},"excerpt":{"rendered":"<p>zp\u011bt<\/p>\n","protected":false},"author":1,"featured_media":0,"parent":0,"menu_order":0,"comment_status":"closed","ping_status":"closed","template":"","meta":{"ngg_post_thumbnail":0},"_links":{"self":[{"href":"http:\/\/sonny.ulicnici.cz\/index.php?rest_route=\/wp\/v2\/pages\/415"}],"collection":[{"href":"http:\/\/sonny.ulicnici.cz\/index.php?rest_route=\/wp\/v2\/pages"}],"about":[{"href":"http:\/\/sonny.ulicnici.cz\/index.php?rest_route=\/wp\/v2\/types\/page"}],"author":[{"embeddable":true,"href":"http:\/\/sonny.ulicnici.cz\/index.php?rest_route=\/wp\/v2\/users\/1"}],"replies":[{"embeddable":true,"href":"http:\/\/sonny.ulicnici.cz\/index.php?rest_route=%2Fwp%2Fv2%2Fcomments&post=415"}],"version-history":[{"count":4,"href":"http:\/\/sonny.ulicnici.cz\/index.php?rest_route=\/wp\/v2\/pages\/415\/revisions"}],"predecessor-version":[{"id":418,"href":"http:\/\/sonny.ulicnici.cz\/index.php?rest_route=\/wp\/v2\/pages\/415\/revisions\/418"}],"wp:attachment":[{"href":"http:\/\/sonny.ulicnici.cz\/index.php?rest_route=%2Fwp%2Fv2%2Fmedia&parent=415"}],"curies":[{"name":"wp","href":"https:\/\/api.w.org\/{rel}","templated":true}]}}