{"id":573,"date":"2010-11-11T20:53:03","date_gmt":"2010-11-11T19:53:03","guid":{"rendered":"http:\/\/sonny.ulicnici.cz\/?page_id=573"},"modified":"2010-11-11T20:53:03","modified_gmt":"2010-11-11T19:53:03","slug":"licencni-behy","status":"publish","type":"page","link":"http:\/\/sonny.ulicnici.cz\/?page_id=573","title":{"rendered":"Licen\u010dn\u00ed b\u011bhy"},"content":{"rendered":"<!-- index.php -->\n<div\n\tclass=\"ngg-galleryoverview ngg-ajax-pagination-none\"\n\tid=\"ngg-gallery-27e266809e9ee2a58b9ac1607c000dc0-1\">\n\n    \t\t<!-- Thumbnails -->\n\t\t\t\t<div id=\"ngg-image-0\" class=\"ngg-gallery-thumbnail-box\" >\n\t\t\t\t        <div class=\"ngg-gallery-thumbnail\">\n            <a href=\"http:\/\/sonny.ulicnici.cz\/wp-content\/gallery\/licencni-behy\/bez-nazvu-1.jpg\"\n               title=\"\"\n               data-src=\"http:\/\/sonny.ulicnici.cz\/wp-content\/gallery\/licencni-behy\/bez-nazvu-1.jpg\"\n               data-thumbnail=\"http:\/\/sonny.ulicnici.cz\/wp-content\/gallery\/licencni-behy\/thumbs\/thumbs_bez-nazvu-1.jpg\"\n               data-image-id=\"249\"\n               data-title=\"bez-nazvu-1\"\n               data-description=\"\"\n               data-image-slug=\"bez-nazvu-1\"\n               class=\"shutterset_27e266809e9ee2a58b9ac1607c000dc0\">\n                <img\n                    title=\"bez-nazvu-1\"\n                    alt=\"bez-nazvu-1\"\n                    src=\"http:\/\/sonny.ulicnici.cz\/wp-content\/gallery\/licencni-behy\/thumbs\/thumbs_bez-nazvu-1.jpg\"\n                    width=\"100\"\n                    height=\"75\"\n                    style=\"max-width:100%;\"\n                \/>\n            <\/a>\n        <\/div>\n\t\t\t\t\t\t\t<\/div> \n\t\t\t\n        \n\t\t\t\t<div id=\"ngg-image-1\" class=\"ngg-gallery-thumbnail-box\" >\n\t\t\t\t        <div class=\"ngg-gallery-thumbnail\">\n            <a href=\"http:\/\/sonny.ulicnici.cz\/wp-content\/gallery\/licencni-behy\/p9120846.jpg\"\n               title=\"\"\n               data-src=\"http:\/\/sonny.ulicnici.cz\/wp-content\/gallery\/licencni-behy\/p9120846.jpg\"\n               data-thumbnail=\"http:\/\/sonny.ulicnici.cz\/wp-content\/gallery\/licencni-behy\/thumbs\/thumbs_p9120846.jpg\"\n               data-image-id=\"250\"\n               data-title=\"p9120846\"\n               data-description=\"\"\n               data-image-slug=\"p9120846\"\n               class=\"shutterset_27e266809e9ee2a58b9ac1607c000dc0\">\n                <img\n                    title=\"p9120846\"\n                    alt=\"p9120846\"\n                    src=\"http:\/\/sonny.ulicnici.cz\/wp-content\/gallery\/licencni-behy\/thumbs\/thumbs_p9120846.jpg\"\n                    width=\"100\"\n                    height=\"75\"\n                    style=\"max-width:100%;\"\n                \/>\n            <\/a>\n        <\/div>\n\t\t\t\t\t\t\t<\/div> \n\t\t\t\n        \n\t\t\t\t<div id=\"ngg-image-2\" class=\"ngg-gallery-thumbnail-box\" >\n\t\t\t\t        <div class=\"ngg-gallery-thumbnail\">\n            <a href=\"http:\/\/sonny.ulicnici.cz\/wp-content\/gallery\/licencni-behy\/p9120850.jpg\"\n               title=\"\"\n               data-src=\"http:\/\/sonny.ulicnici.cz\/wp-content\/gallery\/licencni-behy\/p9120850.jpg\"\n               data-thumbnail=\"http:\/\/sonny.ulicnici.cz\/wp-content\/gallery\/licencni-behy\/thumbs\/thumbs_p9120850.jpg\"\n               data-image-id=\"251\"\n               data-title=\"p9120850\"\n               data-description=\"\"\n               data-image-slug=\"p9120850\"\n               class=\"shutterset_27e266809e9ee2a58b9ac1607c000dc0\">\n                <img\n                    title=\"p9120850\"\n                    alt=\"p9120850\"\n                    src=\"http:\/\/sonny.ulicnici.cz\/wp-content\/gallery\/licencni-behy\/thumbs\/thumbs_p9120850.jpg\"\n                    width=\"100\"\n                    height=\"75\"\n                    style=\"max-width:100%;\"\n                \/>\n            <\/a>\n        <\/div>\n\t\t\t\t\t\t\t<\/div> \n\t\t\t\n        \n\t\t\t\t<div id=\"ngg-image-3\" class=\"ngg-gallery-thumbnail-box\" >\n\t\t\t\t        <div class=\"ngg-gallery-thumbnail\">\n            <a href=\"http:\/\/sonny.ulicnici.cz\/wp-content\/gallery\/licencni-behy\/p9120853.jpg\"\n               title=\"\"\n               data-src=\"http:\/\/sonny.ulicnici.cz\/wp-content\/gallery\/licencni-behy\/p9120853.jpg\"\n               data-thumbnail=\"http:\/\/sonny.ulicnici.cz\/wp-content\/gallery\/licencni-behy\/thumbs\/thumbs_p9120853.jpg\"\n               data-image-id=\"252\"\n               data-title=\"p9120853\"\n               data-description=\"\"\n               data-image-slug=\"p9120853\"\n               class=\"shutterset_27e266809e9ee2a58b9ac1607c000dc0\">\n                <img\n                    title=\"p9120853\"\n                    alt=\"p9120853\"\n                    src=\"http:\/\/sonny.ulicnici.cz\/wp-content\/gallery\/licencni-behy\/thumbs\/thumbs_p9120853.jpg\"\n                    width=\"100\"\n                    height=\"75\"\n                    style=\"max-width:100%;\"\n                \/>\n            <\/a>\n        <\/div>\n\t\t\t\t\t\t\t<\/div> \n\t\t\t\n        \n\t\t\t\t<div id=\"ngg-image-4\" class=\"ngg-gallery-thumbnail-box\" >\n\t\t\t\t        <div class=\"ngg-gallery-thumbnail\">\n            <a href=\"http:\/\/sonny.ulicnici.cz\/wp-content\/gallery\/licencni-behy\/p9120854.jpg\"\n               title=\"\"\n               data-src=\"http:\/\/sonny.ulicnici.cz\/wp-content\/gallery\/licencni-behy\/p9120854.jpg\"\n               data-thumbnail=\"http:\/\/sonny.ulicnici.cz\/wp-content\/gallery\/licencni-behy\/thumbs\/thumbs_p9120854.jpg\"\n               data-image-id=\"253\"\n               data-title=\"p9120854\"\n               data-description=\"\"\n               data-image-slug=\"p9120854\"\n               class=\"shutterset_27e266809e9ee2a58b9ac1607c000dc0\">\n                <img\n                    title=\"p9120854\"\n                    alt=\"p9120854\"\n                    src=\"http:\/\/sonny.ulicnici.cz\/wp-content\/gallery\/licencni-behy\/thumbs\/thumbs_p9120854.jpg\"\n                    width=\"100\"\n                    height=\"75\"\n                    style=\"max-width:100%;\"\n                \/>\n            <\/a>\n        <\/div>\n\t\t\t\t\t\t\t<\/div> \n\t\t\t\n        \n\t\t\t\t<div id=\"ngg-image-5\" class=\"ngg-gallery-thumbnail-box\" >\n\t\t\t\t        <div class=\"ngg-gallery-thumbnail\">\n            <a href=\"http:\/\/sonny.ulicnici.cz\/wp-content\/gallery\/licencni-behy\/p9120855.jpg\"\n               title=\"\"\n               data-src=\"http:\/\/sonny.ulicnici.cz\/wp-content\/gallery\/licencni-behy\/p9120855.jpg\"\n               data-thumbnail=\"http:\/\/sonny.ulicnici.cz\/wp-content\/gallery\/licencni-behy\/thumbs\/thumbs_p9120855.jpg\"\n               data-image-id=\"254\"\n               data-title=\"p9120855\"\n               data-description=\"\"\n               data-image-slug=\"p9120855\"\n               class=\"shutterset_27e266809e9ee2a58b9ac1607c000dc0\">\n                <img\n                    title=\"p9120855\"\n                    alt=\"p9120855\"\n                    src=\"http:\/\/sonny.ulicnici.cz\/wp-content\/gallery\/licencni-behy\/thumbs\/thumbs_p9120855.jpg\"\n                    width=\"100\"\n                    height=\"75\"\n                    style=\"max-width:100%;\"\n                \/>\n            <\/a>\n        <\/div>\n\t\t\t\t\t\t\t<\/div> \n\t\t\t\n        \n\t\t\t\t<div id=\"ngg-image-6\" class=\"ngg-gallery-thumbnail-box\" >\n\t\t\t\t        <div class=\"ngg-gallery-thumbnail\">\n            <a href=\"http:\/\/sonny.ulicnici.cz\/wp-content\/gallery\/licencni-behy\/p9120858.jpg\"\n               title=\"\"\n               data-src=\"http:\/\/sonny.ulicnici.cz\/wp-content\/gallery\/licencni-behy\/p9120858.jpg\"\n               data-thumbnail=\"http:\/\/sonny.ulicnici.cz\/wp-content\/gallery\/licencni-behy\/thumbs\/thumbs_p9120858.jpg\"\n               data-image-id=\"255\"\n               data-title=\"p9120858\"\n               data-description=\"\"\n               data-image-slug=\"p9120858\"\n               class=\"shutterset_27e266809e9ee2a58b9ac1607c000dc0\">\n                <img\n                    title=\"p9120858\"\n                    alt=\"p9120858\"\n                    src=\"http:\/\/sonny.ulicnici.cz\/wp-content\/gallery\/licencni-behy\/thumbs\/thumbs_p9120858.jpg\"\n                    width=\"100\"\n                    height=\"75\"\n                    style=\"max-width:100%;\"\n                \/>\n            <\/a>\n        <\/div>\n\t\t\t\t\t\t\t<\/div> \n\t\t\t\n        \n\t\t\t\t<div id=\"ngg-image-7\" class=\"ngg-gallery-thumbnail-box\" >\n\t\t\t\t        <div class=\"ngg-gallery-thumbnail\">\n            <a href=\"http:\/\/sonny.ulicnici.cz\/wp-content\/gallery\/licencni-behy\/p9120869.jpg\"\n               title=\"\"\n               data-src=\"http:\/\/sonny.ulicnici.cz\/wp-content\/gallery\/licencni-behy\/p9120869.jpg\"\n               data-thumbnail=\"http:\/\/sonny.ulicnici.cz\/wp-content\/gallery\/licencni-behy\/thumbs\/thumbs_p9120869.jpg\"\n               data-image-id=\"256\"\n               data-title=\"p9120869\"\n               data-description=\"\"\n               data-image-slug=\"p9120869\"\n               class=\"shutterset_27e266809e9ee2a58b9ac1607c000dc0\">\n                <img\n                    title=\"p9120869\"\n                    alt=\"p9120869\"\n                    src=\"http:\/\/sonny.ulicnici.cz\/wp-content\/gallery\/licencni-behy\/thumbs\/thumbs_p9120869.jpg\"\n                    width=\"100\"\n                    height=\"75\"\n                    style=\"max-width:100%;\"\n                \/>\n            <\/a>\n        <\/div>\n\t\t\t\t\t\t\t<\/div> \n\t\t\t\n        \n\t\t\t\t<div id=\"ngg-image-8\" class=\"ngg-gallery-thumbnail-box\" >\n\t\t\t\t        <div class=\"ngg-gallery-thumbnail\">\n            <a href=\"http:\/\/sonny.ulicnici.cz\/wp-content\/gallery\/licencni-behy\/p9121003.jpg\"\n               title=\"\"\n               data-src=\"http:\/\/sonny.ulicnici.cz\/wp-content\/gallery\/licencni-behy\/p9121003.jpg\"\n               data-thumbnail=\"http:\/\/sonny.ulicnici.cz\/wp-content\/gallery\/licencni-behy\/thumbs\/thumbs_p9121003.jpg\"\n               data-image-id=\"257\"\n               data-title=\"p9121003\"\n               data-description=\"\"\n               data-image-slug=\"p9121003\"\n               class=\"shutterset_27e266809e9ee2a58b9ac1607c000dc0\">\n                <img\n                    title=\"p9121003\"\n                    alt=\"p9121003\"\n                    src=\"http:\/\/sonny.ulicnici.cz\/wp-content\/gallery\/licencni-behy\/thumbs\/thumbs_p9121003.jpg\"\n                    width=\"100\"\n                    height=\"75\"\n                    style=\"max-width:100%;\"\n                \/>\n            <\/a>\n        <\/div>\n\t\t\t\t\t\t\t<\/div> \n\t\t\t\n        \n\t\t\t\t<div id=\"ngg-image-9\" class=\"ngg-gallery-thumbnail-box\" >\n\t\t\t\t        <div class=\"ngg-gallery-thumbnail\">\n            <a href=\"http:\/\/sonny.ulicnici.cz\/wp-content\/gallery\/licencni-behy\/p9121007.jpg\"\n               title=\"\"\n               data-src=\"http:\/\/sonny.ulicnici.cz\/wp-content\/gallery\/licencni-behy\/p9121007.jpg\"\n               data-thumbnail=\"http:\/\/sonny.ulicnici.cz\/wp-content\/gallery\/licencni-behy\/thumbs\/thumbs_p9121007.jpg\"\n               data-image-id=\"258\"\n               data-title=\"p9121007\"\n               data-description=\"\"\n               data-image-slug=\"p9121007\"\n               class=\"shutterset_27e266809e9ee2a58b9ac1607c000dc0\">\n                <img\n                    title=\"p9121007\"\n                    alt=\"p9121007\"\n                    src=\"http:\/\/sonny.ulicnici.cz\/wp-content\/gallery\/licencni-behy\/thumbs\/thumbs_p9121007.jpg\"\n                    width=\"100\"\n                    height=\"75\"\n                    style=\"max-width:100%;\"\n                \/>\n            <\/a>\n        <\/div>\n\t\t\t\t\t\t\t<\/div> \n\t\t\t\n        \n\t\t\t\t<div id=\"ngg-image-10\" class=\"ngg-gallery-thumbnail-box\" >\n\t\t\t\t        <div class=\"ngg-gallery-thumbnail\">\n            <a href=\"http:\/\/sonny.ulicnici.cz\/wp-content\/gallery\/licencni-behy\/pa021756.jpg\"\n               title=\"\"\n               data-src=\"http:\/\/sonny.ulicnici.cz\/wp-content\/gallery\/licencni-behy\/pa021756.jpg\"\n               data-thumbnail=\"http:\/\/sonny.ulicnici.cz\/wp-content\/gallery\/licencni-behy\/thumbs\/thumbs_pa021756.jpg\"\n               data-image-id=\"259\"\n               data-title=\"pa021756\"\n               data-description=\"\"\n               data-image-slug=\"pa021756\"\n               class=\"shutterset_27e266809e9ee2a58b9ac1607c000dc0\">\n                <img\n                    title=\"pa021756\"\n                    alt=\"pa021756\"\n                    src=\"http:\/\/sonny.ulicnici.cz\/wp-content\/gallery\/licencni-behy\/thumbs\/thumbs_pa021756.jpg\"\n                    width=\"100\"\n                    height=\"75\"\n                    style=\"max-width:100%;\"\n                \/>\n            <\/a>\n        <\/div>\n\t\t\t\t\t\t\t<\/div> \n\t\t\t\n        \n\t\t\t\t<div id=\"ngg-image-11\" class=\"ngg-gallery-thumbnail-box\" >\n\t\t\t\t        <div class=\"ngg-gallery-thumbnail\">\n            <a href=\"http:\/\/sonny.ulicnici.cz\/wp-content\/gallery\/licencni-behy\/pa021781.jpg\"\n               title=\"\"\n               data-src=\"http:\/\/sonny.ulicnici.cz\/wp-content\/gallery\/licencni-behy\/pa021781.jpg\"\n               data-thumbnail=\"http:\/\/sonny.ulicnici.cz\/wp-content\/gallery\/licencni-behy\/thumbs\/thumbs_pa021781.jpg\"\n               data-image-id=\"260\"\n               data-title=\"pa021781\"\n               data-description=\"\"\n               data-image-slug=\"pa021781\"\n               class=\"shutterset_27e266809e9ee2a58b9ac1607c000dc0\">\n                <img\n                    title=\"pa021781\"\n                    alt=\"pa021781\"\n                    src=\"http:\/\/sonny.ulicnici.cz\/wp-content\/gallery\/licencni-behy\/thumbs\/thumbs_pa021781.jpg\"\n                    width=\"100\"\n                    height=\"75\"\n                    style=\"max-width:100%;\"\n                \/>\n            <\/a>\n        <\/div>\n\t\t\t\t\t\t\t<\/div> \n\t\t\t\n        \n\t\t\t\t<div id=\"ngg-image-12\" class=\"ngg-gallery-thumbnail-box\" >\n\t\t\t\t        <div class=\"ngg-gallery-thumbnail\">\n            <a href=\"http:\/\/sonny.ulicnici.cz\/wp-content\/gallery\/licencni-behy\/pa021785.jpg\"\n               title=\"\"\n               data-src=\"http:\/\/sonny.ulicnici.cz\/wp-content\/gallery\/licencni-behy\/pa021785.jpg\"\n               data-thumbnail=\"http:\/\/sonny.ulicnici.cz\/wp-content\/gallery\/licencni-behy\/thumbs\/thumbs_pa021785.jpg\"\n               data-image-id=\"261\"\n               data-title=\"pa021785\"\n               data-description=\"\"\n               data-image-slug=\"pa021785\"\n               class=\"shutterset_27e266809e9ee2a58b9ac1607c000dc0\">\n                <img\n                    title=\"pa021785\"\n                    alt=\"pa021785\"\n                    src=\"http:\/\/sonny.ulicnici.cz\/wp-content\/gallery\/licencni-behy\/thumbs\/thumbs_pa021785.jpg\"\n                    width=\"100\"\n                    height=\"75\"\n                    style=\"max-width:100%;\"\n                \/>\n            <\/a>\n        <\/div>\n\t\t\t\t\t\t\t<\/div> \n\t\t\t\n        \n\t\t\t\t<div id=\"ngg-image-13\" class=\"ngg-gallery-thumbnail-box\" >\n\t\t\t\t        <div class=\"ngg-gallery-thumbnail\">\n            <a href=\"http:\/\/sonny.ulicnici.cz\/wp-content\/gallery\/licencni-behy\/pa021792.jpg\"\n               title=\"\"\n               data-src=\"http:\/\/sonny.ulicnici.cz\/wp-content\/gallery\/licencni-behy\/pa021792.jpg\"\n               data-thumbnail=\"http:\/\/sonny.ulicnici.cz\/wp-content\/gallery\/licencni-behy\/thumbs\/thumbs_pa021792.jpg\"\n               data-image-id=\"262\"\n               data-title=\"pa021792\"\n               data-description=\"\"\n               data-image-slug=\"pa021792\"\n               class=\"shutterset_27e266809e9ee2a58b9ac1607c000dc0\">\n                <img\n                    title=\"pa021792\"\n                    alt=\"pa021792\"\n                    src=\"http:\/\/sonny.ulicnici.cz\/wp-content\/gallery\/licencni-behy\/thumbs\/thumbs_pa021792.jpg\"\n                    width=\"100\"\n                    height=\"75\"\n                    style=\"max-width:100%;\"\n                \/>\n            <\/a>\n        <\/div>\n\t\t\t\t\t\t\t<\/div> \n\t\t\t\n        \n\t\t\n\t\t<!-- Pagination -->\n\t<div class='ngg-clear'><\/div>\t<\/div>\n\n<p style=\"text-align: center;\"><a href=\"..\/?page_id=390\">zp\u011bt<\/a><\/p>\n","protected":false},"excerpt":{"rendered":"<p>zp\u011bt<\/p>\n","protected":false},"author":1,"featured_media":0,"parent":0,"menu_order":0,"comment_status":"closed","ping_status":"closed","template":"","meta":{"ngg_post_thumbnail":0},"_links":{"self":[{"href":"http:\/\/sonny.ulicnici.cz\/index.php?rest_route=\/wp\/v2\/pages\/573"}],"collection":[{"href":"http:\/\/sonny.ulicnici.cz\/index.php?rest_route=\/wp\/v2\/pages"}],"about":[{"href":"http:\/\/sonny.ulicnici.cz\/index.php?rest_route=\/wp\/v2\/types\/page"}],"author":[{"embeddable":true,"href":"http:\/\/sonny.ulicnici.cz\/index.php?rest_route=\/wp\/v2\/users\/1"}],"replies":[{"embeddable":true,"href":"http:\/\/sonny.ulicnici.cz\/index.php?rest_route=%2Fwp%2Fv2%2Fcomments&post=573"}],"version-history":[{"count":1,"href":"http:\/\/sonny.ulicnici.cz\/index.php?rest_route=\/wp\/v2\/pages\/573\/revisions"}],"predecessor-version":[{"id":576,"href":"http:\/\/sonny.ulicnici.cz\/index.php?rest_route=\/wp\/v2\/pages\/573\/revisions\/576"}],"wp:attachment":[{"href":"http:\/\/sonny.ulicnici.cz\/index.php?rest_route=%2Fwp%2Fv2%2Fmedia&parent=573"}],"curies":[{"name":"wp","href":"https:\/\/api.w.org\/{rel}","templated":true}]}}