{"id":636,"date":"2010-11-16T16:24:14","date_gmt":"2010-11-16T15:24:14","guid":{"rendered":"http:\/\/sonny.ulicnici.cz\/?page_id=636"},"modified":"2010-11-19T12:07:28","modified_gmt":"2010-11-19T11:07:28","slug":"anubis-cup","status":"publish","type":"page","link":"http:\/\/sonny.ulicnici.cz\/?page_id=636","title":{"rendered":"Anubis cup"},"content":{"rendered":"<!-- index.php -->\n<div\n\tclass=\"ngg-galleryoverview ngg-ajax-pagination-none\"\n\tid=\"ngg-gallery-62e121679743d6113dc7179179fea0e2-1\">\n\n    \t\t<!-- Thumbnails -->\n\t\t\t\t<div id=\"ngg-image-0\" class=\"ngg-gallery-thumbnail-box\" >\n\t\t\t\t        <div class=\"ngg-gallery-thumbnail\">\n            <a href=\"http:\/\/sonny.ulicnici.cz\/wp-content\/gallery\/anubis-cup-2010\/pb142766.jpg\"\n               title=\"\"\n               data-src=\"http:\/\/sonny.ulicnici.cz\/wp-content\/gallery\/anubis-cup-2010\/pb142766.jpg\"\n               data-thumbnail=\"http:\/\/sonny.ulicnici.cz\/wp-content\/gallery\/anubis-cup-2010\/thumbs\/thumbs_pb142766.jpg\"\n               data-image-id=\"386\"\n               data-title=\"pb142766\"\n               data-description=\"\"\n               data-image-slug=\"pb142766\"\n               class=\"shutterset_62e121679743d6113dc7179179fea0e2\">\n                <img\n                    title=\"pb142766\"\n                    alt=\"pb142766\"\n                    src=\"http:\/\/sonny.ulicnici.cz\/wp-content\/gallery\/anubis-cup-2010\/thumbs\/thumbs_pb142766.jpg\"\n                    width=\"100\"\n                    height=\"75\"\n                    style=\"max-width:100%;\"\n                \/>\n            <\/a>\n        <\/div>\n\t\t\t\t\t\t\t<\/div> \n\t\t\t\n        \n\t\t\t\t<div id=\"ngg-image-1\" class=\"ngg-gallery-thumbnail-box\" >\n\t\t\t\t        <div class=\"ngg-gallery-thumbnail\">\n            <a href=\"http:\/\/sonny.ulicnici.cz\/wp-content\/gallery\/anubis-cup-2010\/pb142769.jpg\"\n               title=\"\"\n               data-src=\"http:\/\/sonny.ulicnici.cz\/wp-content\/gallery\/anubis-cup-2010\/pb142769.jpg\"\n               data-thumbnail=\"http:\/\/sonny.ulicnici.cz\/wp-content\/gallery\/anubis-cup-2010\/thumbs\/thumbs_pb142769.jpg\"\n               data-image-id=\"387\"\n               data-title=\"pb142769\"\n               data-description=\"\"\n               data-image-slug=\"pb142769\"\n               class=\"shutterset_62e121679743d6113dc7179179fea0e2\">\n                <img\n                    title=\"pb142769\"\n                    alt=\"pb142769\"\n                    src=\"http:\/\/sonny.ulicnici.cz\/wp-content\/gallery\/anubis-cup-2010\/thumbs\/thumbs_pb142769.jpg\"\n                    width=\"100\"\n                    height=\"75\"\n                    style=\"max-width:100%;\"\n                \/>\n            <\/a>\n        <\/div>\n\t\t\t\t\t\t\t<\/div> \n\t\t\t\n        \n\t\t\t\t<div id=\"ngg-image-2\" class=\"ngg-gallery-thumbnail-box\" >\n\t\t\t\t        <div class=\"ngg-gallery-thumbnail\">\n            <a href=\"http:\/\/sonny.ulicnici.cz\/wp-content\/gallery\/anubis-cup-2010\/pb142770.jpg\"\n               title=\"\"\n               data-src=\"http:\/\/sonny.ulicnici.cz\/wp-content\/gallery\/anubis-cup-2010\/pb142770.jpg\"\n               data-thumbnail=\"http:\/\/sonny.ulicnici.cz\/wp-content\/gallery\/anubis-cup-2010\/thumbs\/thumbs_pb142770.jpg\"\n               data-image-id=\"388\"\n               data-title=\"pb142770\"\n               data-description=\"\"\n               data-image-slug=\"pb142770\"\n               class=\"shutterset_62e121679743d6113dc7179179fea0e2\">\n                <img\n                    title=\"pb142770\"\n                    alt=\"pb142770\"\n                    src=\"http:\/\/sonny.ulicnici.cz\/wp-content\/gallery\/anubis-cup-2010\/thumbs\/thumbs_pb142770.jpg\"\n                    width=\"100\"\n                    height=\"75\"\n                    style=\"max-width:100%;\"\n                \/>\n            <\/a>\n        <\/div>\n\t\t\t\t\t\t\t<\/div> \n\t\t\t\n        \n\t\t\t\t<div id=\"ngg-image-3\" class=\"ngg-gallery-thumbnail-box\" >\n\t\t\t\t        <div class=\"ngg-gallery-thumbnail\">\n            <a href=\"http:\/\/sonny.ulicnici.cz\/wp-content\/gallery\/anubis-cup-2010\/pb142772.jpg\"\n               title=\"\"\n               data-src=\"http:\/\/sonny.ulicnici.cz\/wp-content\/gallery\/anubis-cup-2010\/pb142772.jpg\"\n               data-thumbnail=\"http:\/\/sonny.ulicnici.cz\/wp-content\/gallery\/anubis-cup-2010\/thumbs\/thumbs_pb142772.jpg\"\n               data-image-id=\"389\"\n               data-title=\"pb142772\"\n               data-description=\"\"\n               data-image-slug=\"pb142772\"\n               class=\"shutterset_62e121679743d6113dc7179179fea0e2\">\n                <img\n                    title=\"pb142772\"\n                    alt=\"pb142772\"\n                    src=\"http:\/\/sonny.ulicnici.cz\/wp-content\/gallery\/anubis-cup-2010\/thumbs\/thumbs_pb142772.jpg\"\n                    width=\"100\"\n                    height=\"75\"\n                    style=\"max-width:100%;\"\n                \/>\n            <\/a>\n        <\/div>\n\t\t\t\t\t\t\t<\/div> \n\t\t\t\n        \n\t\t\t\t<div id=\"ngg-image-4\" class=\"ngg-gallery-thumbnail-box\" >\n\t\t\t\t        <div class=\"ngg-gallery-thumbnail\">\n            <a href=\"http:\/\/sonny.ulicnici.cz\/wp-content\/gallery\/anubis-cup-2010\/pb142779.jpg\"\n               title=\"\"\n               data-src=\"http:\/\/sonny.ulicnici.cz\/wp-content\/gallery\/anubis-cup-2010\/pb142779.jpg\"\n               data-thumbnail=\"http:\/\/sonny.ulicnici.cz\/wp-content\/gallery\/anubis-cup-2010\/thumbs\/thumbs_pb142779.jpg\"\n               data-image-id=\"390\"\n               data-title=\"pb142779\"\n               data-description=\"\"\n               data-image-slug=\"pb142779\"\n               class=\"shutterset_62e121679743d6113dc7179179fea0e2\">\n                <img\n                    title=\"pb142779\"\n                    alt=\"pb142779\"\n                    src=\"http:\/\/sonny.ulicnici.cz\/wp-content\/gallery\/anubis-cup-2010\/thumbs\/thumbs_pb142779.jpg\"\n                    width=\"100\"\n                    height=\"75\"\n                    style=\"max-width:100%;\"\n                \/>\n            <\/a>\n        <\/div>\n\t\t\t\t\t\t\t<\/div> \n\t\t\t\n        \n\t\t\t\t<div id=\"ngg-image-5\" class=\"ngg-gallery-thumbnail-box\" >\n\t\t\t\t        <div class=\"ngg-gallery-thumbnail\">\n            <a href=\"http:\/\/sonny.ulicnici.cz\/wp-content\/gallery\/anubis-cup-2010\/pb142787.jpg\"\n               title=\"\"\n               data-src=\"http:\/\/sonny.ulicnici.cz\/wp-content\/gallery\/anubis-cup-2010\/pb142787.jpg\"\n               data-thumbnail=\"http:\/\/sonny.ulicnici.cz\/wp-content\/gallery\/anubis-cup-2010\/thumbs\/thumbs_pb142787.jpg\"\n               data-image-id=\"391\"\n               data-title=\"pb142787\"\n               data-description=\"\"\n               data-image-slug=\"pb142787\"\n               class=\"shutterset_62e121679743d6113dc7179179fea0e2\">\n                <img\n                    title=\"pb142787\"\n                    alt=\"pb142787\"\n                    src=\"http:\/\/sonny.ulicnici.cz\/wp-content\/gallery\/anubis-cup-2010\/thumbs\/thumbs_pb142787.jpg\"\n                    width=\"100\"\n                    height=\"75\"\n                    style=\"max-width:100%;\"\n                \/>\n            <\/a>\n        <\/div>\n\t\t\t\t\t\t\t<\/div> \n\t\t\t\n        \n\t\t\t\t<div id=\"ngg-image-6\" class=\"ngg-gallery-thumbnail-box\" >\n\t\t\t\t        <div class=\"ngg-gallery-thumbnail\">\n            <a href=\"http:\/\/sonny.ulicnici.cz\/wp-content\/gallery\/anubis-cup-2010\/pb142808.jpg\"\n               title=\"\"\n               data-src=\"http:\/\/sonny.ulicnici.cz\/wp-content\/gallery\/anubis-cup-2010\/pb142808.jpg\"\n               data-thumbnail=\"http:\/\/sonny.ulicnici.cz\/wp-content\/gallery\/anubis-cup-2010\/thumbs\/thumbs_pb142808.jpg\"\n               data-image-id=\"392\"\n               data-title=\"pb142808\"\n               data-description=\"\"\n               data-image-slug=\"pb142808\"\n               class=\"shutterset_62e121679743d6113dc7179179fea0e2\">\n                <img\n                    title=\"pb142808\"\n                    alt=\"pb142808\"\n                    src=\"http:\/\/sonny.ulicnici.cz\/wp-content\/gallery\/anubis-cup-2010\/thumbs\/thumbs_pb142808.jpg\"\n                    width=\"100\"\n                    height=\"75\"\n                    style=\"max-width:100%;\"\n                \/>\n            <\/a>\n        <\/div>\n\t\t\t\t\t\t\t<\/div> \n\t\t\t\n        \n\t\t\t\t<div id=\"ngg-image-7\" class=\"ngg-gallery-thumbnail-box\" >\n\t\t\t\t        <div class=\"ngg-gallery-thumbnail\">\n            <a href=\"http:\/\/sonny.ulicnici.cz\/wp-content\/gallery\/anubis-cup-2010\/pb142837.jpg\"\n               title=\"\"\n               data-src=\"http:\/\/sonny.ulicnici.cz\/wp-content\/gallery\/anubis-cup-2010\/pb142837.jpg\"\n               data-thumbnail=\"http:\/\/sonny.ulicnici.cz\/wp-content\/gallery\/anubis-cup-2010\/thumbs\/thumbs_pb142837.jpg\"\n               data-image-id=\"393\"\n               data-title=\"pb142837\"\n               data-description=\"\"\n               data-image-slug=\"pb142837\"\n               class=\"shutterset_62e121679743d6113dc7179179fea0e2\">\n                <img\n                    title=\"pb142837\"\n                    alt=\"pb142837\"\n                    src=\"http:\/\/sonny.ulicnici.cz\/wp-content\/gallery\/anubis-cup-2010\/thumbs\/thumbs_pb142837.jpg\"\n                    width=\"100\"\n                    height=\"75\"\n                    style=\"max-width:100%;\"\n                \/>\n            <\/a>\n        <\/div>\n\t\t\t\t\t\t\t<\/div> \n\t\t\t\n        \n\t\t\t\t<div id=\"ngg-image-8\" class=\"ngg-gallery-thumbnail-box\" >\n\t\t\t\t        <div class=\"ngg-gallery-thumbnail\">\n            <a href=\"http:\/\/sonny.ulicnici.cz\/wp-content\/gallery\/anubis-cup-2010\/pb142842.jpg\"\n               title=\"\"\n               data-src=\"http:\/\/sonny.ulicnici.cz\/wp-content\/gallery\/anubis-cup-2010\/pb142842.jpg\"\n               data-thumbnail=\"http:\/\/sonny.ulicnici.cz\/wp-content\/gallery\/anubis-cup-2010\/thumbs\/thumbs_pb142842.jpg\"\n               data-image-id=\"394\"\n               data-title=\"pb142842\"\n               data-description=\"\"\n               data-image-slug=\"pb142842\"\n               class=\"shutterset_62e121679743d6113dc7179179fea0e2\">\n                <img\n                    title=\"pb142842\"\n                    alt=\"pb142842\"\n                    src=\"http:\/\/sonny.ulicnici.cz\/wp-content\/gallery\/anubis-cup-2010\/thumbs\/thumbs_pb142842.jpg\"\n                    width=\"100\"\n                    height=\"75\"\n                    style=\"max-width:100%;\"\n                \/>\n            <\/a>\n        <\/div>\n\t\t\t\t\t\t\t<\/div> \n\t\t\t\n        \n\t\t\t\t<div id=\"ngg-image-9\" class=\"ngg-gallery-thumbnail-box\" >\n\t\t\t\t        <div class=\"ngg-gallery-thumbnail\">\n            <a href=\"http:\/\/sonny.ulicnici.cz\/wp-content\/gallery\/anubis-cup-2010\/pb142844.jpg\"\n               title=\"\"\n               data-src=\"http:\/\/sonny.ulicnici.cz\/wp-content\/gallery\/anubis-cup-2010\/pb142844.jpg\"\n               data-thumbnail=\"http:\/\/sonny.ulicnici.cz\/wp-content\/gallery\/anubis-cup-2010\/thumbs\/thumbs_pb142844.jpg\"\n               data-image-id=\"395\"\n               data-title=\"pb142844\"\n               data-description=\"\"\n               data-image-slug=\"pb142844\"\n               class=\"shutterset_62e121679743d6113dc7179179fea0e2\">\n                <img\n                    title=\"pb142844\"\n                    alt=\"pb142844\"\n                    src=\"http:\/\/sonny.ulicnici.cz\/wp-content\/gallery\/anubis-cup-2010\/thumbs\/thumbs_pb142844.jpg\"\n                    width=\"100\"\n                    height=\"75\"\n                    style=\"max-width:100%;\"\n                \/>\n            <\/a>\n        <\/div>\n\t\t\t\t\t\t\t<\/div> \n\t\t\t\n        \n\t\t\t\t<div id=\"ngg-image-10\" class=\"ngg-gallery-thumbnail-box\" >\n\t\t\t\t        <div class=\"ngg-gallery-thumbnail\">\n            <a href=\"http:\/\/sonny.ulicnici.cz\/wp-content\/gallery\/anubis-cup-2010\/pb142846.jpg\"\n               title=\"\"\n               data-src=\"http:\/\/sonny.ulicnici.cz\/wp-content\/gallery\/anubis-cup-2010\/pb142846.jpg\"\n               data-thumbnail=\"http:\/\/sonny.ulicnici.cz\/wp-content\/gallery\/anubis-cup-2010\/thumbs\/thumbs_pb142846.jpg\"\n               data-image-id=\"396\"\n               data-title=\"pb142846\"\n               data-description=\"\"\n               data-image-slug=\"pb142846\"\n               class=\"shutterset_62e121679743d6113dc7179179fea0e2\">\n                <img\n                    title=\"pb142846\"\n                    alt=\"pb142846\"\n                    src=\"http:\/\/sonny.ulicnici.cz\/wp-content\/gallery\/anubis-cup-2010\/thumbs\/thumbs_pb142846.jpg\"\n                    width=\"100\"\n                    height=\"75\"\n                    style=\"max-width:100%;\"\n                \/>\n            <\/a>\n        <\/div>\n\t\t\t\t\t\t\t<\/div> \n\t\t\t\n        \n\t\t\t\t<div id=\"ngg-image-11\" class=\"ngg-gallery-thumbnail-box\" >\n\t\t\t\t        <div class=\"ngg-gallery-thumbnail\">\n            <a href=\"http:\/\/sonny.ulicnici.cz\/wp-content\/gallery\/anubis-cup-2010\/pb142847.jpg\"\n               title=\"\"\n               data-src=\"http:\/\/sonny.ulicnici.cz\/wp-content\/gallery\/anubis-cup-2010\/pb142847.jpg\"\n               data-thumbnail=\"http:\/\/sonny.ulicnici.cz\/wp-content\/gallery\/anubis-cup-2010\/thumbs\/thumbs_pb142847.jpg\"\n               data-image-id=\"397\"\n               data-title=\"pb142847\"\n               data-description=\"\"\n               data-image-slug=\"pb142847\"\n               class=\"shutterset_62e121679743d6113dc7179179fea0e2\">\n                <img\n                    title=\"pb142847\"\n                    alt=\"pb142847\"\n                    src=\"http:\/\/sonny.ulicnici.cz\/wp-content\/gallery\/anubis-cup-2010\/thumbs\/thumbs_pb142847.jpg\"\n                    width=\"100\"\n                    height=\"75\"\n                    style=\"max-width:100%;\"\n                \/>\n            <\/a>\n        <\/div>\n\t\t\t\t\t\t\t<\/div> \n\t\t\t\n        \n\t\t\t\t<div id=\"ngg-image-12\" class=\"ngg-gallery-thumbnail-box\" >\n\t\t\t\t        <div class=\"ngg-gallery-thumbnail\">\n            <a href=\"http:\/\/sonny.ulicnici.cz\/wp-content\/gallery\/anubis-cup-2010\/pb142848.jpg\"\n               title=\"\"\n               data-src=\"http:\/\/sonny.ulicnici.cz\/wp-content\/gallery\/anubis-cup-2010\/pb142848.jpg\"\n               data-thumbnail=\"http:\/\/sonny.ulicnici.cz\/wp-content\/gallery\/anubis-cup-2010\/thumbs\/thumbs_pb142848.jpg\"\n               data-image-id=\"398\"\n               data-title=\"pb142848\"\n               data-description=\"\"\n               data-image-slug=\"pb142848\"\n               class=\"shutterset_62e121679743d6113dc7179179fea0e2\">\n                <img\n                    title=\"pb142848\"\n                    alt=\"pb142848\"\n                    src=\"http:\/\/sonny.ulicnici.cz\/wp-content\/gallery\/anubis-cup-2010\/thumbs\/thumbs_pb142848.jpg\"\n                    width=\"100\"\n                    height=\"75\"\n                    style=\"max-width:100%;\"\n                \/>\n            <\/a>\n        <\/div>\n\t\t\t\t\t\t\t<\/div> \n\t\t\t\n        \n\t\t\t\t<div id=\"ngg-image-13\" class=\"ngg-gallery-thumbnail-box\" >\n\t\t\t\t        <div class=\"ngg-gallery-thumbnail\">\n            <a href=\"http:\/\/sonny.ulicnici.cz\/wp-content\/gallery\/anubis-cup-2010\/pb142855.jpg\"\n               title=\"\"\n               data-src=\"http:\/\/sonny.ulicnici.cz\/wp-content\/gallery\/anubis-cup-2010\/pb142855.jpg\"\n               data-thumbnail=\"http:\/\/sonny.ulicnici.cz\/wp-content\/gallery\/anubis-cup-2010\/thumbs\/thumbs_pb142855.jpg\"\n               data-image-id=\"399\"\n               data-title=\"pb142855\"\n               data-description=\"\"\n               data-image-slug=\"pb142855\"\n               class=\"shutterset_62e121679743d6113dc7179179fea0e2\">\n                <img\n                    title=\"pb142855\"\n                    alt=\"pb142855\"\n                    src=\"http:\/\/sonny.ulicnici.cz\/wp-content\/gallery\/anubis-cup-2010\/thumbs\/thumbs_pb142855.jpg\"\n                    width=\"100\"\n                    height=\"75\"\n                    style=\"max-width:100%;\"\n                \/>\n            <\/a>\n        <\/div>\n\t\t\t\t\t\t\t<\/div> \n\t\t\t\n        \n\t\t\t\t<div id=\"ngg-image-14\" class=\"ngg-gallery-thumbnail-box\" >\n\t\t\t\t        <div class=\"ngg-gallery-thumbnail\">\n            <a href=\"http:\/\/sonny.ulicnici.cz\/wp-content\/gallery\/anubis-cup-2010\/pb142864.jpg\"\n               title=\"\"\n               data-src=\"http:\/\/sonny.ulicnici.cz\/wp-content\/gallery\/anubis-cup-2010\/pb142864.jpg\"\n               data-thumbnail=\"http:\/\/sonny.ulicnici.cz\/wp-content\/gallery\/anubis-cup-2010\/thumbs\/thumbs_pb142864.jpg\"\n               data-image-id=\"400\"\n               data-title=\"pb142864\"\n               data-description=\"\"\n               data-image-slug=\"pb142864\"\n               class=\"shutterset_62e121679743d6113dc7179179fea0e2\">\n                <img\n                    title=\"pb142864\"\n                    alt=\"pb142864\"\n                    src=\"http:\/\/sonny.ulicnici.cz\/wp-content\/gallery\/anubis-cup-2010\/thumbs\/thumbs_pb142864.jpg\"\n                    width=\"100\"\n                    height=\"75\"\n                    style=\"max-width:100%;\"\n                \/>\n            <\/a>\n        <\/div>\n\t\t\t\t\t\t\t<\/div> \n\t\t\t\n        \n\t\t\t\t<div id=\"ngg-image-15\" class=\"ngg-gallery-thumbnail-box\" >\n\t\t\t\t        <div class=\"ngg-gallery-thumbnail\">\n            <a href=\"http:\/\/sonny.ulicnici.cz\/wp-content\/gallery\/anubis-cup-2010\/pb142870.jpg\"\n               title=\"\"\n               data-src=\"http:\/\/sonny.ulicnici.cz\/wp-content\/gallery\/anubis-cup-2010\/pb142870.jpg\"\n               data-thumbnail=\"http:\/\/sonny.ulicnici.cz\/wp-content\/gallery\/anubis-cup-2010\/thumbs\/thumbs_pb142870.jpg\"\n               data-image-id=\"401\"\n               data-title=\"pb142870\"\n               data-description=\"\"\n               data-image-slug=\"pb142870\"\n               class=\"shutterset_62e121679743d6113dc7179179fea0e2\">\n                <img\n                    title=\"pb142870\"\n                    alt=\"pb142870\"\n                    src=\"http:\/\/sonny.ulicnici.cz\/wp-content\/gallery\/anubis-cup-2010\/thumbs\/thumbs_pb142870.jpg\"\n                    width=\"100\"\n                    height=\"75\"\n                    style=\"max-width:100%;\"\n                \/>\n            <\/a>\n        <\/div>\n\t\t\t\t\t\t\t<\/div> \n\t\t\t\n        \n\t\t\t\t<div id=\"ngg-image-16\" class=\"ngg-gallery-thumbnail-box\" >\n\t\t\t\t        <div class=\"ngg-gallery-thumbnail\">\n            <a href=\"http:\/\/sonny.ulicnici.cz\/wp-content\/gallery\/anubis-cup-2010\/pb142877.jpg\"\n               title=\"\"\n               data-src=\"http:\/\/sonny.ulicnici.cz\/wp-content\/gallery\/anubis-cup-2010\/pb142877.jpg\"\n               data-thumbnail=\"http:\/\/sonny.ulicnici.cz\/wp-content\/gallery\/anubis-cup-2010\/thumbs\/thumbs_pb142877.jpg\"\n               data-image-id=\"402\"\n               data-title=\"pb142877\"\n               data-description=\"\"\n               data-image-slug=\"pb142877\"\n               class=\"shutterset_62e121679743d6113dc7179179fea0e2\">\n                <img\n                    title=\"pb142877\"\n                    alt=\"pb142877\"\n                    src=\"http:\/\/sonny.ulicnici.cz\/wp-content\/gallery\/anubis-cup-2010\/thumbs\/thumbs_pb142877.jpg\"\n                    width=\"100\"\n                    height=\"75\"\n                    style=\"max-width:100%;\"\n                \/>\n            <\/a>\n        <\/div>\n\t\t\t\t\t\t\t<\/div> \n\t\t\t\n        \n\t\t\t\t<div id=\"ngg-image-17\" class=\"ngg-gallery-thumbnail-box\" >\n\t\t\t\t        <div class=\"ngg-gallery-thumbnail\">\n            <a href=\"http:\/\/sonny.ulicnici.cz\/wp-content\/gallery\/anubis-cup-2010\/pb142882.jpg\"\n               title=\"\"\n               data-src=\"http:\/\/sonny.ulicnici.cz\/wp-content\/gallery\/anubis-cup-2010\/pb142882.jpg\"\n               data-thumbnail=\"http:\/\/sonny.ulicnici.cz\/wp-content\/gallery\/anubis-cup-2010\/thumbs\/thumbs_pb142882.jpg\"\n               data-image-id=\"403\"\n               data-title=\"pb142882\"\n               data-description=\"\"\n               data-image-slug=\"pb142882\"\n               class=\"shutterset_62e121679743d6113dc7179179fea0e2\">\n                <img\n                    title=\"pb142882\"\n                    alt=\"pb142882\"\n                    src=\"http:\/\/sonny.ulicnici.cz\/wp-content\/gallery\/anubis-cup-2010\/thumbs\/thumbs_pb142882.jpg\"\n                    width=\"100\"\n                    height=\"75\"\n                    style=\"max-width:100%;\"\n                \/>\n            <\/a>\n        <\/div>\n\t\t\t\t\t\t\t<\/div> \n\t\t\t\n        \n\t\t\t\t<div id=\"ngg-image-18\" class=\"ngg-gallery-thumbnail-box\" >\n\t\t\t\t        <div class=\"ngg-gallery-thumbnail\">\n            <a href=\"http:\/\/sonny.ulicnici.cz\/wp-content\/gallery\/anubis-cup-2010\/pb142885.jpg\"\n               title=\"\"\n               data-src=\"http:\/\/sonny.ulicnici.cz\/wp-content\/gallery\/anubis-cup-2010\/pb142885.jpg\"\n               data-thumbnail=\"http:\/\/sonny.ulicnici.cz\/wp-content\/gallery\/anubis-cup-2010\/thumbs\/thumbs_pb142885.jpg\"\n               data-image-id=\"404\"\n               data-title=\"pb142885\"\n               data-description=\"\"\n               data-image-slug=\"pb142885\"\n               class=\"shutterset_62e121679743d6113dc7179179fea0e2\">\n                <img\n                    title=\"pb142885\"\n                    alt=\"pb142885\"\n                    src=\"http:\/\/sonny.ulicnici.cz\/wp-content\/gallery\/anubis-cup-2010\/thumbs\/thumbs_pb142885.jpg\"\n                    width=\"100\"\n                    height=\"75\"\n                    style=\"max-width:100%;\"\n                \/>\n            <\/a>\n        <\/div>\n\t\t\t\t\t\t\t<\/div> \n\t\t\t\n        \n\t\t\t\t<div id=\"ngg-image-19\" class=\"ngg-gallery-thumbnail-box\" >\n\t\t\t\t        <div class=\"ngg-gallery-thumbnail\">\n            <a href=\"http:\/\/sonny.ulicnici.cz\/wp-content\/gallery\/anubis-cup-2010\/pb142898.jpg\"\n               title=\"\"\n               data-src=\"http:\/\/sonny.ulicnici.cz\/wp-content\/gallery\/anubis-cup-2010\/pb142898.jpg\"\n               data-thumbnail=\"http:\/\/sonny.ulicnici.cz\/wp-content\/gallery\/anubis-cup-2010\/thumbs\/thumbs_pb142898.jpg\"\n               data-image-id=\"405\"\n               data-title=\"pb142898\"\n               data-description=\"\"\n               data-image-slug=\"pb142898\"\n               class=\"shutterset_62e121679743d6113dc7179179fea0e2\">\n                <img\n                    title=\"pb142898\"\n                    alt=\"pb142898\"\n                    src=\"http:\/\/sonny.ulicnici.cz\/wp-content\/gallery\/anubis-cup-2010\/thumbs\/thumbs_pb142898.jpg\"\n                    width=\"100\"\n                    height=\"75\"\n                    style=\"max-width:100%;\"\n                \/>\n            <\/a>\n        <\/div>\n\t\t\t\t\t\t\t<\/div> \n\t\t\t\n        \n\t\t\n\t\t<!-- Pagination -->\n\t<div class='ngg-navigation'><span class='current'>1<\/span>\n<a class='page-numbers' data-pageid='2' href='http:\/\/sonny.ulicnici.cz\/index.php\/nggallery\/page\/2?page_id=636'>2<\/a>\n<a class='prev' href='http:\/\/sonny.ulicnici.cz\/index.php\/nggallery\/page\/2?page_id=636' data-pageid=2>&#9658;<\/a><\/div>\t<\/div>\n\n<p>P\u00e1r fotek n\u00e1m tak\u00e9 ud\u011blala <a href=\"http:\/\/gwen.rajce.idnes.cz\/Anubis_cup_2010_-_nechrti\/\" target=\"_blank\">GWEN<\/a>. D\u011bkujeme<\/p>\n<p style=\"text-align: center;\"><a href=\"..\/?page_id=390\">zp\u011bt<\/a><\/p>\n<p style=\"text-align: center;\">\n","protected":false},"excerpt":{"rendered":"<p>P\u00e1r fotek n\u00e1m tak\u00e9 ud\u011blala GWEN. D\u011bkujeme zp\u011bt<\/p>\n","protected":false},"author":1,"featured_media":0,"parent":0,"menu_order":0,"comment_status":"closed","ping_status":"closed","template":"","meta":{"ngg_post_thumbnail":0},"_links":{"self":[{"href":"http:\/\/sonny.ulicnici.cz\/index.php?rest_route=\/wp\/v2\/pages\/636"}],"collection":[{"href":"http:\/\/sonny.ulicnici.cz\/index.php?rest_route=\/wp\/v2\/pages"}],"about":[{"href":"http:\/\/sonny.ulicnici.cz\/index.php?rest_route=\/wp\/v2\/types\/page"}],"author":[{"embeddable":true,"href":"http:\/\/sonny.ulicnici.cz\/index.php?rest_route=\/wp\/v2\/users\/1"}],"replies":[{"embeddable":true,"href":"http:\/\/sonny.ulicnici.cz\/index.php?rest_route=%2Fwp%2Fv2%2Fcomments&post=636"}],"version-history":[{"count":3,"href":"http:\/\/sonny.ulicnici.cz\/index.php?rest_route=\/wp\/v2\/pages\/636\/revisions"}],"predecessor-version":[{"id":639,"href":"http:\/\/sonny.ulicnici.cz\/index.php?rest_route=\/wp\/v2\/pages\/636\/revisions\/639"}],"wp:attachment":[{"href":"http:\/\/sonny.ulicnici.cz\/index.php?rest_route=%2Fwp%2Fv2%2Fmedia&parent=636"}],"curies":[{"name":"wp","href":"https:\/\/api.w.org\/{rel}","templated":true}]}}