{"id":68,"date":"2010-11-07T09:44:16","date_gmt":"2010-11-07T08:44:16","guid":{"rendered":"http:\/\/sonny.ulicnici.cz\/"},"modified":"2010-11-07T17:46:26","modified_gmt":"2010-11-07T16:46:26","slug":"o-mne","status":"publish","type":"page","link":"http:\/\/sonny.ulicnici.cz\/?page_id=68","title":{"rendered":"O mn\u011b"},"content":{"rendered":"<p>Jmenuji se Gichinga co\u017e v p\u0159ekladu\u00a0znamen\u00e1 z\u00e1\u0159e, lesk a nad\u0161en\u00ed, ale \u0159\u00edkaj\u00ed mi Sonny.<\/p>\n<p>Narodil jsem se sv\u00e9 mamince\u00a0<a href=\"http:\/\/www.kirby.cz\/nayla_more.html\"><strong>C\u00b4Haniya Nayla Slunce \u017eivota<\/strong><\/a><strong> <\/strong>v M\u011bln\u00edku\u00a025.4.2009 v \u0161est hodin r\u00e1no.\u00a0 Tat\u00ednek je <a href=\"http:\/\/www.murumbi.se\/\"><strong>&#8222;Chicko&#8220;Murumbis Arrow With Aim By Biscuit<\/strong><\/a> ze \u0160v\u00e9dska.<\/p>\n<p>Se mnou na sv\u011bt vykouklo 8 br\u00e1\u0161k\u016f a 3 sest\u0159i\u010dky.<\/p>\n<p>Jsem mal\u00fd divoch a rv\u00e1\u010d s nezdoln\u00fdm temperamentem. Nesm\u00edm chyb\u011bt u \u017e\u00e1dn\u00e9 lump\u00e1rny a v\u0161echno mus\u00edm prozkoumat.<br \/>\nVyzna\u010duji se v\u00fdraznou stavbou kostry, dobr\u00fdm \u00fahlen\u00ed, p\u011bknou hlavou s tmav\u00fdma o\u010dima a jsem bez b\u00edl\u00fdch znak\u016f.<\/p>\n<p><a rel=\"attachment wp-att-283\" href=\"http:\/\/sonny.ulicnici.cz\/?attachment_id=283\"><img loading=\"lazy\" class=\"aligncenter size-full wp-image-283\" title=\"P7258321\" src=\"http:\/\/sonny.ulicnici.cz\/wp-content\/uploads\/2010\/11\/P7258321.jpg\" alt=\"\" width=\"400\" height=\"300\" srcset=\"http:\/\/sonny.ulicnici.cz\/wp-content\/uploads\/2010\/11\/P7258321.jpg 400w, http:\/\/sonny.ulicnici.cz\/wp-content\/uploads\/2010\/11\/P7258321-300x225.jpg 300w\" sizes=\"(max-width: 400px) 100vw, 400px\" \/><\/a><\/p>\n","protected":false},"excerpt":{"rendered":"<p>Jmenuji se Gichinga co\u017e v p\u0159ekladu\u00a0znamen\u00e1 z\u00e1\u0159e, lesk a nad\u0161en\u00ed, ale \u0159\u00edkaj\u00ed mi Sonny. Narodil jsem se sv\u00e9 mamince\u00a0C\u00b4Haniya Nayla Slunce \u017eivota v M\u011bln\u00edku\u00a025.4.2009 v \u0161est hodin r\u00e1no.\u00a0 Tat\u00ednek je &#8222;Chicko&#8220;Murumbis Arrow With Aim By Biscuit ze \u0160v\u00e9dska. Se mnou na sv\u011bt vykouklo 8 br\u00e1\u0161k\u016f a 3 sest\u0159i\u010dky. Jsem mal\u00fd divoch a rv\u00e1\u010d s nezdoln\u00fdm [&hellip;]<\/p>\n","protected":false},"author":1,"featured_media":0,"parent":0,"menu_order":0,"comment_status":"closed","ping_status":"closed","template":"","meta":{"ngg_post_thumbnail":0},"_links":{"self":[{"href":"http:\/\/sonny.ulicnici.cz\/index.php?rest_route=\/wp\/v2\/pages\/68"}],"collection":[{"href":"http:\/\/sonny.ulicnici.cz\/index.php?rest_route=\/wp\/v2\/pages"}],"about":[{"href":"http:\/\/sonny.ulicnici.cz\/index.php?rest_route=\/wp\/v2\/types\/page"}],"author":[{"embeddable":true,"href":"http:\/\/sonny.ulicnici.cz\/index.php?rest_route=\/wp\/v2\/users\/1"}],"replies":[{"embeddable":true,"href":"http:\/\/sonny.ulicnici.cz\/index.php?rest_route=%2Fwp%2Fv2%2Fcomments&post=68"}],"version-history":[{"count":8,"href":"http:\/\/sonny.ulicnici.cz\/index.php?rest_route=\/wp\/v2\/pages\/68\/revisions"}],"predecessor-version":[{"id":288,"href":"http:\/\/sonny.ulicnici.cz\/index.php?rest_route=\/wp\/v2\/pages\/68\/revisions\/288"}],"wp:attachment":[{"href":"http:\/\/sonny.ulicnici.cz\/index.php?rest_route=%2Fwp%2Fv2%2Fmedia&parent=68"}],"curies":[{"name":"wp","href":"https:\/\/api.w.org\/{rel}","templated":true}]}}