{"id":723,"date":"2010-11-19T13:22:14","date_gmt":"2010-11-19T12:22:14","guid":{"rendered":"http:\/\/sonny.ulicnici.cz\/?page_id=723"},"modified":"2011-06-07T12:16:38","modified_gmt":"2011-06-07T10:16:38","slug":"rok-2011","status":"publish","type":"page","link":"http:\/\/sonny.ulicnici.cz\/?page_id=723","title":{"rendered":"Rok 2011"},"content":{"rendered":"<h2>\u010cl\u00e1nky<\/h2>\n<p style=\"text-align: left;\"><a href=\"http:\/\/sonny.ulicnici.cz\/?p=1236\">CAC Klatovy<\/a><\/p>\n<p style=\"text-align: left;\"><a href=\"http:\/\/sonny.ulicnici.cz\/?p=1212\">Krajsk\u00e1 v\u00fdstava Lys\u00e1 nad Labem<\/a><\/p>\n<p style=\"text-align: left;\"><a href=\"..\/?p=1181\">CACIB Litom\u011b\u0159ice<\/a><\/p>\n<p style=\"text-align: left;\"><a href=\"..\/?p=1153\">CACIB Praha &#8211; Let\u0148any<\/a><\/p>\n<p style=\"text-align: left;\"><a href=\"http:\/\/sonny.ulicnici.cz\/?p=1105\" target=\"_blank\">XII. Pojizersk\u00e1 v\u00fdstava Mlad\u00e1 Boleslav<\/a><\/p>\n<p style=\"text-align: left;\">Mo\u017en\u00e1 se zde uk\u00e1\u017eeme, mo\u017en\u00e1 ne!<\/p>\n<h2>V\u00fdstavy 2011<\/h2>\n<p style=\"text-align: center;\">\n<table id=\"wp-table-reloaded-id-3-no-1\" class=\"wp-table-reloaded wp-table-reloaded-id-3\">\n<thead>\n\t<tr class=\"row-1 odd\">\n\t\t<th class=\"column-1\">Datum<\/th><th class=\"column-2\">V\u00fdstava<\/th><th class=\"column-3\">Info<\/th><th class=\"column-4\">1.uz\u00e1v\u011brka<\/th><th class=\"column-5\">2.uz\u00e1v\u011brka<\/th><th class=\"column-6\">Rozhod\u010d\u00ed<\/th><th class=\"column-7\"><\/th>\n\t<\/tr>\n<\/thead>\n<tbody>\n\t<tr class=\"row-2 even\">\n\t\t<td class=\"column-1\">30.4.2011<\/td><td class=\"column-2\">KS Interdogbohemia Mlad\u00e1 Boleslav<\/td><td class=\"column-3\"><a href=\"http:\/\/www.interdogbohemia.com\" target=\"_blank\">info<\/<\/td><td class=\"column-4\">01.03.2011<\/td><td class=\"column-5\">30.03.2011<\/td><td class=\"column-6\">Josef N\u011bmec<\/td><td class=\"column-7\">x<\/td>\n\t<\/tr>\n\t<tr class=\"row-3 odd\">\n\t\t<td class=\"column-1\">14.05.2011<\/td><td class=\"column-2\">CACIB Praha<\/td><td class=\"column-3\"><a href=\"http:\/\/www.vystavapsu.cz\/\" target=\"_blank\">info<\/a><br \/>\r\n<\/td><td class=\"column-4\">18.03.2011<\/td><td class=\"column-5\">01.04.2011<\/td><td class=\"column-6\">Iva \u010cernohubov\u00e1<\/td><td class=\"column-7\">x<\/td>\n\t<\/tr>\n\t<tr class=\"row-4 even\">\n\t\t<td class=\"column-1\">22.05.2011<\/td><td class=\"column-2\">CACIB Litom\u011b\u0159ice<\/td><td class=\"column-3\"><a href=\"http:\/\/www.nordbohemiacanis.eu\" target=\"_blank\">info<\/a><\/td><td class=\"column-4\">25.03.2011<\/td><td class=\"column-5\">08.04.2011<\/td><td class=\"column-6\">Viera Staviarska<\/td><td class=\"column-7\">x<\/td>\n\t<\/tr>\n\t<tr class=\"row-5 odd\">\n\t\t<td class=\"column-1\">28.05.2011<\/td><td class=\"column-2\">Krajsk\u00e1 v\u00fdstava Lys\u00e1 nad Labem<\/td><td class=\"column-3\"><a href=\"http:\/\/vystavalysa.sweb.cz\/\" target=\"_blank\">info<\/a><\/td><td class=\"column-4\">22.04.2011<\/td><td class=\"column-5\">06.05.2011<\/td><td class=\"column-6\">Josef N\u011bmec<\/td><td class=\"column-7\">x<\/td>\n\t<\/tr>\n\t<tr class=\"row-6 even\">\n\t\t<td class=\"column-1\">04.06.2011<\/td><td class=\"column-2\">CAC Klatovy<\/td><td class=\"column-3\"><a href=\"http:\/\/www.vystavaklatovy.info\/\" target=\"_blank\">info<\/a><\/td><td class=\"column-4\">08.04.2011<\/td><td class=\"column-5\">29.04.2011<\/td><td class=\"column-6\">Olga Dolej\u0161ov\u00e1 <\/td><td class=\"column-7\">x<\/td>\n\t<\/tr>\n\t<tr class=\"row-7 odd\">\n\t\t<td class=\"column-1\">16.07.2011<\/td><td class=\"column-2\">\u010cesk\u00e1 n\u00e1rodn\u00ed v\u00fdstava MB<\/td><td class=\"column-3\"><a href=\"http:\/\/www.interdogbohemia.com\" target=\"_blank\">info<\/a><\/td><td class=\"column-4\">03.06.2011<\/td><td class=\"column-5\">13.06.2011<\/td><td class=\"column-6\">Martina Viktorinov\u00e1<\/td><td class=\"column-7\">x<\/td>\n\t<\/tr>\n\t<tr class=\"row-8 even\">\n\t\t<td class=\"column-1\">24.09.2011<\/td><td class=\"column-2\">Krajsk\u00e1 v\u00fdstava Liberec<\/td><td class=\"column-3\"><a href=\"http:\/\/vystavaliberec.mypage.cz\/menu\/\">info<\/a><\/td><td class=\"column-4\">12.08.2011<\/td><td class=\"column-5\">26.08.2011<\/td><td class=\"column-6\">Josef N\u011bmec<\/td><td class=\"column-7\">x<\/td>\n\t<\/tr>\n<\/tbody>\n<\/table>\n<\/p>\n<p style=\"text-align: left;\">&nbsp;<\/p>\n","protected":false},"excerpt":{"rendered":"<p>\u010cl\u00e1nky CAC Klatovy Krajsk\u00e1 v\u00fdstava Lys\u00e1 nad Labem CACIB Litom\u011b\u0159ice CACIB Praha &#8211; Let\u0148any XII. Pojizersk\u00e1 v\u00fdstava Mlad\u00e1 Boleslav Mo\u017en\u00e1 se zde uk\u00e1\u017eeme, mo\u017en\u00e1 ne! V\u00fdstavy 2011 &nbsp;<\/p>\n","protected":false},"author":1,"featured_media":0,"parent":110,"menu_order":3,"comment_status":"closed","ping_status":"closed","template":"","meta":{"ngg_post_thumbnail":0},"_links":{"self":[{"href":"http:\/\/sonny.ulicnici.cz\/index.php?rest_route=\/wp\/v2\/pages\/723"}],"collection":[{"href":"http:\/\/sonny.ulicnici.cz\/index.php?rest_route=\/wp\/v2\/pages"}],"about":[{"href":"http:\/\/sonny.ulicnici.cz\/index.php?rest_route=\/wp\/v2\/types\/page"}],"author":[{"embeddable":true,"href":"http:\/\/sonny.ulicnici.cz\/index.php?rest_route=\/wp\/v2\/users\/1"}],"replies":[{"embeddable":true,"href":"http:\/\/sonny.ulicnici.cz\/index.php?rest_route=%2Fwp%2Fv2%2Fcomments&post=723"}],"version-history":[{"count":11,"href":"http:\/\/sonny.ulicnici.cz\/index.php?rest_route=\/wp\/v2\/pages\/723\/revisions"}],"predecessor-version":[{"id":1257,"href":"http:\/\/sonny.ulicnici.cz\/index.php?rest_route=\/wp\/v2\/pages\/723\/revisions\/1257"}],"up":[{"embeddable":true,"href":"http:\/\/sonny.ulicnici.cz\/index.php?rest_route=\/wp\/v2\/pages\/110"}],"wp:attachment":[{"href":"http:\/\/sonny.ulicnici.cz\/index.php?rest_route=%2Fwp%2Fv2%2Fmedia&parent=723"}],"curies":[{"name":"wp","href":"https:\/\/api.w.org\/{rel}","templated":true}]}}