{"id":73,"date":"2010-11-07T10:10:33","date_gmt":"2010-11-07T09:10:33","guid":{"rendered":"http:\/\/sonny.ulicnici.cz\/"},"modified":"2011-06-05T16:52:37","modified_gmt":"2011-06-05T14:52:37","slug":"profil","status":"publish","type":"page","link":"http:\/\/sonny.ulicnici.cz\/?page_id=73","title":{"rendered":"Profil"},"content":{"rendered":"<h1 style=\"text-align: center;\"><strong>GICHINGA\u00a0Slunce \u017eivota<\/strong><\/h1>\n<h2 style=\"text-align: center;\"><strong>&#8222;z\u00e1\u0159e, lesk a nad\u0161en\u00ed&#8220;<\/strong><\/h2>\n<p>&nbsp;<\/p>\n<h2 style=\"text-align: center;\"><strong>CHOVN\u00dd PES \u010cKRR 2011<br \/>\n<\/strong><\/h2>\n<p style=\"text-align: center;\">&nbsp;<\/p>\n<p style=\"text-align: center;\"><strong><img loading=\"lazy\" class=\"aligncenter size-full wp-image-1102\" title=\"DSC_69461\" src=\"http:\/\/sonny.ulicnici.cz\/wp-content\/uploads\/2010\/11\/DSC_69461.jpg\" alt=\"\" width=\"338\" height=\"511\" \/><br \/>\n<\/strong><\/p>\n<p><a href=\"..\/sites\/default\/files\/images\/P5134532.JPG\" target=\"_blank\"><strong> <\/strong><\/a><strong> <\/strong><\/p>\n<p style=\"text-align: center;\"><strong> <\/strong>Narozen 25.4.2009<\/p>\n<p style=\"text-align: center;\">barva p\u0161eni\u010dn\u00e1, plnochrup\u00fd, \u00fapln\u00fd n\u016f\u017ekov\u00fd skus<\/p>\n<p style=\"text-align: center;\">v\u00fd\u0161ka 67cm, v\u00e1ha 33kg<\/p>\n<p style=\"text-align: center;\">DKK 0\/0 , DLK 0\/0<\/p>\n<p style=\"text-align: center;\">vyrovnan\u00e1 a klidn\u00e1 povaha<\/p>\n<p style=\"text-align: center;\">&nbsp;<\/p>\n<p style=\"text-align: center;\"><strong>Best junior male <\/strong>CC race \u010cKRR and RR Sport &#8211; &#8222;Catch me if you can&#8220;<\/p>\n<p style=\"text-align: center;\"><strong>2nd best movement KV \u010cKRR 2010<\/strong><\/p>\n<p style=\"text-align: center;\"><strong>CAC<\/strong><\/p>\n<p style=\"text-align: center;\"><strong>Krajsk\u00fd v\u00edt\u011bz<\/strong><\/p>\n<p style=\"text-align: center;\"><strong>ZOP<\/strong><\/p>\n<p style=\"text-align: center;\"><strong>coursing license<\/strong><\/p>\n","protected":false},"excerpt":{"rendered":"<p>GICHINGA\u00a0Slunce \u017eivota &#8222;z\u00e1\u0159e, lesk a nad\u0161en\u00ed&#8220; &nbsp; CHOVN\u00dd PES \u010cKRR 2011 &nbsp; Narozen 25.4.2009 barva p\u0161eni\u010dn\u00e1, plnochrup\u00fd, \u00fapln\u00fd n\u016f\u017ekov\u00fd skus v\u00fd\u0161ka 67cm, v\u00e1ha 33kg DKK 0\/0 , DLK 0\/0 vyrovnan\u00e1 a klidn\u00e1 povaha &nbsp; Best junior male CC race \u010cKRR and RR Sport &#8211; &#8222;Catch me if you can&#8220; 2nd best movement KV \u010cKRR 2010 [&hellip;]<\/p>\n","protected":false},"author":1,"featured_media":0,"parent":68,"menu_order":1,"comment_status":"closed","ping_status":"closed","template":"","meta":{"ngg_post_thumbnail":0},"_links":{"self":[{"href":"http:\/\/sonny.ulicnici.cz\/index.php?rest_route=\/wp\/v2\/pages\/73"}],"collection":[{"href":"http:\/\/sonny.ulicnici.cz\/index.php?rest_route=\/wp\/v2\/pages"}],"about":[{"href":"http:\/\/sonny.ulicnici.cz\/index.php?rest_route=\/wp\/v2\/types\/page"}],"author":[{"embeddable":true,"href":"http:\/\/sonny.ulicnici.cz\/index.php?rest_route=\/wp\/v2\/users\/1"}],"replies":[{"embeddable":true,"href":"http:\/\/sonny.ulicnici.cz\/index.php?rest_route=%2Fwp%2Fv2%2Fcomments&post=73"}],"version-history":[{"count":26,"href":"http:\/\/sonny.ulicnici.cz\/index.php?rest_route=\/wp\/v2\/pages\/73\/revisions"}],"predecessor-version":[{"id":138,"href":"http:\/\/sonny.ulicnici.cz\/index.php?rest_route=\/wp\/v2\/pages\/73\/revisions\/138"}],"up":[{"embeddable":true,"href":"http:\/\/sonny.ulicnici.cz\/index.php?rest_route=\/wp\/v2\/pages\/68"}],"wp:attachment":[{"href":"http:\/\/sonny.ulicnici.cz\/index.php?rest_route=%2Fwp%2Fv2%2Fmedia&parent=73"}],"curies":[{"name":"wp","href":"https:\/\/api.w.org\/{rel}","templated":true}]}}