{"id":786,"date":"2010-11-28T21:06:56","date_gmt":"2010-11-28T20:06:56","guid":{"rendered":"http:\/\/sonny.ulicnici.cz\/?page_id=786"},"modified":"2010-12-29T17:33:25","modified_gmt":"2010-12-29T16:33:25","slug":"videogalerie","status":"publish","type":"page","link":"http:\/\/sonny.ulicnici.cz\/?page_id=786","title":{"rendered":"Video"},"content":{"rendered":"<p><img loading=\"lazy\" class=\"size-full wp-image-875  alignleft\" title=\"1293638265_video\" src=\"http:\/\/sonny.ulicnici.cz\/wp-content\/uploads\/2010\/11\/1293638265_video.png\" alt=\"\" width=\"77\" height=\"77\" \/><\/p>\n<p>Pro shl\u00e9dnut\u00ed videa klikn\u011bte na odkaz.<br \/>\n<a href=\"http:\/\/sonny.ulicnici.cz\/?page_id=867\" target=\"_blank\">MiniSonn\u00edk a S\u00e1rinka<\/a><\/p>\n<p><a href=\"http:\/\/sonny.ulicnici.cz\/?page_id=887\" target=\"_blank\">Sonny na p\u00edse\u010d\u00e1ku<\/a><\/p>\n","protected":false},"excerpt":{"rendered":"<p>Pro shl\u00e9dnut\u00ed videa klikn\u011bte na odkaz. MiniSonn\u00edk a S\u00e1rinka Sonny na p\u00edse\u010d\u00e1ku<\/p>\n","protected":false},"author":1,"featured_media":0,"parent":0,"menu_order":0,"comment_status":"closed","ping_status":"closed","template":"","meta":{"ngg_post_thumbnail":0},"_links":{"self":[{"href":"http:\/\/sonny.ulicnici.cz\/index.php?rest_route=\/wp\/v2\/pages\/786"}],"collection":[{"href":"http:\/\/sonny.ulicnici.cz\/index.php?rest_route=\/wp\/v2\/pages"}],"about":[{"href":"http:\/\/sonny.ulicnici.cz\/index.php?rest_route=\/wp\/v2\/types\/page"}],"author":[{"embeddable":true,"href":"http:\/\/sonny.ulicnici.cz\/index.php?rest_route=\/wp\/v2\/users\/1"}],"replies":[{"embeddable":true,"href":"http:\/\/sonny.ulicnici.cz\/index.php?rest_route=%2Fwp%2Fv2%2Fcomments&post=786"}],"version-history":[{"count":17,"href":"http:\/\/sonny.ulicnici.cz\/index.php?rest_route=\/wp\/v2\/pages\/786\/revisions"}],"predecessor-version":[{"id":794,"href":"http:\/\/sonny.ulicnici.cz\/index.php?rest_route=\/wp\/v2\/pages\/786\/revisions\/794"}],"wp:attachment":[{"href":"http:\/\/sonny.ulicnici.cz\/index.php?rest_route=%2Fwp%2Fv2%2Fmedia&parent=786"}],"curies":[{"name":"wp","href":"https:\/\/api.w.org\/{rel}","templated":true}]}}