{"id":83,"date":"2010-11-07T10:15:45","date_gmt":"2010-11-07T09:15:45","guid":{"rendered":"http:\/\/sonny.ulicnici.cz\/"},"modified":"2010-11-07T10:15:45","modified_gmt":"2010-11-07T09:15:45","slug":"standard-plemen","status":"publish","type":"page","link":"http:\/\/sonny.ulicnici.cz\/?page_id=83","title":{"rendered":"Standard plemen"},"content":{"rendered":"<h2>\u010cesk\u00fd standard Rhodesian Ridgeback podle \u010cMKU<\/h2>\n<p>F\u00c9D\u00c9RATION CYNOLOGIQUE INTERNATIONALE<br \/>\nSecretariat General: 13, Place Albert I &#8211; B 6530 THUIN (Belgie)<\/p>\n<p><strong>F.C.I. &#8211; Standard \u010d. 146 \/ 07.08.1998 \/ D<\/strong><\/p>\n<h3>Rhod\u00e9zsk\u00fd ridgeback (Rhodesian Ridgeback)<\/h3>\n<p><strong>P\u0158EKLAD<\/strong>: Jochen H.Eberhardt<\/p>\n<p><strong>ZEM\u011a P\u016eVODU<\/strong>: Ji\u017en\u00ed Afrika. Standard zpracovaly kynologick\u00e9 organizace Kennel Union of South Africa a Simbabwe Kennel Club.<\/p>\n<p><strong>DATUM PUBLIKACE PLATN\u00c9HO P\u016eVODN\u00cdHO STANDARDU<\/strong>: 10.12.1996<\/p>\n<p><strong>POU\u017dIT\u00cd<\/strong>: Rhod\u00e9zsk\u00fd ridgeback se st\u00e1le je\u0161t\u011b pou\u017e\u00edv\u00e1 v mnoha \u010d\u00e1stech sv\u011bta k lovu zv\u011b\u0159e, ale t\u011b\u0161\u00ed se mimo\u0159\u00e1dn\u00e9 oblib\u011b tak\u00e9 jako hl\u00eddac\u00ed pes a \u010dlen rodiny.<\/p>\n<p><strong>KLASIFIKACE FCI<\/strong>: skupina 6 honi\u010di, barv\u00e1\u0159i a p\u0159\u00edbuzn\u00e1 plemena, sekce 3 p\u0159\u00edbuzn\u00e1 plemena, bez zkou\u0161ky z v\u00fdkonu<\/p>\n<p><strong>KR\u00c1TK\u00dd HISTORICK\u00dd P\u0158EHLED<\/strong>: Rhod\u00e9zsk\u00fd ridgeback je v sou\u010dasnosti jedin\u00fdm uzn\u00e1van\u00fdm plemenem poch\u00e1zej\u00edc\u00edm z ji\u017en\u00ed Afriky. Jeho p\u0159edky lze vysledovat do kapsk\u00e9 kolonie, kde se sm\u00edsili se psy d\u0159\u00edv\u011bj\u0161\u00edch pion\u00fdr\u016f i se zpola domestikovan\u00fdmi psy Hotentot\u016f, kte\u0159\u00ed m\u011bli na h\u0159bet\u011b h\u0159eben. Rhod\u00e9zsk\u00fd ridgeback v\u011bt\u0161inou lovil ve skupin\u00e1ch po dvou nebo po t\u0159ech a jeho p\u016fvodn\u00ed \u00falohou bylo vysl\u00eddit velkou zv\u011b\u0159 (p\u0159edev\u0161\u00edm lvy) a d\u00edky velk\u00e9 obratnosti ji zastavit, dokud se nep\u0159ibl\u00ed\u017eil lovec. P\u016fvodn\u00ed standard zpracoval v roce 1922 v Bolawayo (Rhod\u00e9zie) F.R.Barnes. Tento standard byl zalo\u017een na standardu dalmatina a v roce 1926 ho uznala jihoafrick\u00e1 kynologick\u00e1 organizace Kennel Union of South Africa.<\/p>\n<p><strong>CELKOV\u00dd VZHLED<\/strong>: Rhod\u00e9zsk\u00fd ridgeback by m\u011bl b\u00fdt harmonicky stav\u011bn\u00fd, siln\u00fd, svalnat\u00fd, obratn\u00fd a aktivn\u00ed, symetrick\u00fd z profilu a p\u0159i pohybu st\u0159edn\u00ed rychlost\u00ed vysloven\u011b vytrval\u00fd. Hlavn\u00ed d\u016fraz se klade na pohyblivost, eleganci a funk\u010dn\u00ed zdrav\u00ed bez jak\u00fdchkoliv tendenc\u00ed k nadm\u011brn\u011b mohutn\u00e9mu vzhledu. Zvl\u00e1\u0161tnost\u00ed plemene je h\u0159eben na h\u0159betu (\u00bbridge\u00ab), co\u017e je pruh srsti, je\u017e roste opa\u010dn\u00fdm sm\u011brem ne\u017e na zb\u00fdvaj\u00edc\u00edch \u010d\u00e1stech t\u011bla. H\u0159betn\u00ed pruh je z\u00e1kladn\u00edm charakteristick\u00fdm znakem tohoto plemene. Ridge mus\u00ed b\u00fdt jasn\u011b ohrani\u010den\u00fd, symetrick\u00fd a sm\u011brem k z\u00e1di se zu\u017euje. Mus\u00ed za\u010d\u00ednat bezprost\u0159edn\u011b za lopatkami a dosahovat a\u017e ke ky\u010deln\u00edm hrbol\u016fm. H\u0159eben na h\u0159bet\u011b sm\u00ed vykazovat jen dva v\u00edry srsti (\u00bbcrowns\u00ab), je\u017e jsou stejn\u00e9ho tvaru a jsou um\u00edst\u011bny symetricky proti sob\u011b. Doln\u00ed okraje v\u00edr\u016f nesm\u011bj\u00ed p\u0159esahovat p\u0159es horn\u00ed t\u0159etinu h\u0159betn\u00edho h\u0159ebenu. Dobr\u00e1 pr\u016fm\u011brn\u00e1 \u0161\u00ed\u0159ka h\u0159betn\u00edho h\u0159ebenu (ridge) je 5 cm (2&#8243;).<\/p>\n<p><strong>CHOV\u00c1N\u00cd \/ POVAHA<\/strong>: d\u016fstojn\u00e1, inteligentn\u00ed, v\u016f\u010di ciz\u00edm zdr\u017eenliv\u00e1, ale bez n\u00e1znak\u016f agresivity nebo b\u00e1zlivosti.<\/p>\n<h4>HLAVA:<\/h4>\n<p><strong>MOZKOVNA<\/strong><\/p>\n<p><span style=\"text-decoration: underline;\">Lebka<\/span>: Lebka by m\u011bla b\u00fdt st\u0159edn\u00ed d\u00e9lky (\u0161\u00ed\u0159ka mezi u\u0161ima a vzd\u00e1lenosti od vrcholu t\u00fdln\u00edho hrbolu a\u017e ke stopu a od stopu ke \u0161pi\u010dce \u010denichu by m\u011bly b\u00fdt stejn\u00e9), ploch\u00e1 a \u0161irok\u00e1 mezi u\u0161ima; je-li pes v klidu, netvo\u0159\u00ed se mu na hlav\u011b \u017e\u00e1dn\u00e9 vr\u00e1sky.<\/p>\n<p><span style=\"text-decoration: underline;\">Stop<\/span>: Stop by m\u011bl b\u00fdt v\u00fdborn\u011b vyzna\u010den: profil od vrcholu t\u00fdln\u00edho hrbolu a\u017e ke \u0161pi\u010dce \u010denichu nesm\u00ed tvo\u0159it p\u0159\u00edmku).<\/p>\n<p><strong>OBLI\u010cEJOV\u00c1 \u010c\u00c1ST HLAVY<\/strong><\/p>\n<p><span style=\"text-decoration: underline;\">Nosn\u00ed houba<\/span>: Nos by m\u011bl b\u00fdt \u010dern\u00fd nebo hn\u011bd\u00fd. \u010cern\u00fd nos by m\u011bl ladit s tmav\u00fdma o\u010dima, hn\u011bd\u00fd nos s jantarov\u011b zbarven\u00fdma o\u010dima.<\/p>\n<p><span style=\"text-decoration: underline;\">Tlama<\/span>: Tlama by m\u011bla b\u00fdt dlouh\u00e1, hlubok\u00e1 a siln\u00e1.<\/p>\n<p><span style=\"text-decoration: underline;\">Pysky<\/span>: Pysky by m\u011bly b\u00fdt pevn\u011b napjat\u00e9 a dob\u0159e p\u0159il\u00e9hat k \u010delistem.<\/p>\n<p><span style=\"text-decoration: underline;\">\u010celisti \/ zuby<\/span>: \u010celisti siln\u00e9, s dokonale uzav\u0159en\u00fdm z\u00e1mkem a \u00fapln\u00fdm n\u016f\u017ekov\u00fdm skusem. To znamen\u00e1, \u017ee horn\u00ed \u0159ez\u00e1ky t\u011bsn\u011b p\u0159esahuj\u00ed doln\u00ed \u0159ez\u00e1ky a v \u010delistech jsou posazeny kolmo. Zuby musej\u00ed b\u00fdt dob\u0159e vyvinut\u00e9, to plat\u00ed zvl\u00e1\u0161t\u011b o \u0161pi\u010d\u00e1c\u00edch a trh\u00e1c\u00edch.L\u00edce: \u017e\u00e1dn\u00e9 l\u00edce.<\/p>\n<p><span style=\"text-decoration: underline;\">O\u010di<\/span>: O\u010di by m\u011bly b\u00fdt posazeny ve st\u0159edn\u00ed vzd\u00e1lenosti od sebe, kulat\u00e9, jasn\u00e9 a jisk\u0159\u00edc\u00ed, s inteligentn\u00edm v\u00fdrazem. Jejich barva by m\u011bla ladit s barvou srsti.<\/p>\n<p><span style=\"text-decoration: underline;\">Slechy<\/span>: U\u0161i nasazen\u00e9 pom\u011brn\u011b vysoko, st\u0159edn\u00ed velikosti, u ko\u0159ene velmi \u0161irok\u00e9 a zu\u017euj\u00edc\u00ed se k zaoblen\u00e9 \u0161pi\u010dce. U\u0161i by m\u011bly b\u00fdt neseny p\u0159ilehl\u00e9 k hlav\u011b.<\/p>\n<p><span style=\"text-decoration: underline;\">Krk<\/span>: Krk by m\u011bl b\u00fdt pom\u011brn\u011b dlouh\u00fd, siln\u00fd a bez voln\u00e9 k\u016f\u017ee na hrdle.<\/p>\n<p><strong>TRUP<\/strong><\/p>\n<p><span style=\"text-decoration: underline;\">H\u0159bet<\/span>: Siln\u00fd.<\/p>\n<p><span style=\"text-decoration: underline;\">Bedra<\/span>: Siln\u00e1, svalnat\u00e1 a lehce klenut\u00e1.<\/p>\n<p><span style=\"text-decoration: underline;\">Hru\u010f<\/span>: Nem\u011bla by b\u00fdt p\u0159\u00edli\u0161 \u0161irok\u00e1, ale velmi hlubok\u00e1 a prostorn\u00e1; nejhlub\u0161\u00ed bod hrudn\u00ed kosti by m\u011bl dosahovat k lokti.<\/p>\n<p><span style=\"text-decoration: underline;\">P\u0159edhrud\u00ed<\/span>: P\u0159i pohledu ze strany by m\u011blo b\u00fdt patrn\u00e9.<\/p>\n<p><span style=\"text-decoration: underline;\">\u017debra<\/span>: p\u0159im\u011b\u0159en\u011b klenut\u00e1, nikdy by nem\u011bla b\u00fdt sudovit\u00e1.<\/p>\n<p><span style=\"text-decoration: underline;\">Ocas<\/span>: U ko\u0159ene siln\u00fd, sm\u011brem ke \u0161pi\u010dce ocasu se pozvolna zu\u017euje, nen\u00ed ale hrub\u00fd. P\u0159im\u011b\u0159en\u00e9 d\u00e9lky, nen\u00ed nasazen p\u0159\u00edli\u0161 n\u00edzko, ani p\u0159\u00edli\u0161 vysoko, nesen lehce zahnut\u00fd, ale nikdy nekrou\u017ekuje.<\/p>\n<p><strong>KON\u010cETINY<\/strong><\/p>\n<p><span style=\"text-decoration: underline;\">Hrudn\u00ed kon\u010detiny<\/span>: Hrudn\u00ed kon\u010detiny by m\u011bly b\u00fdt zcela rovn\u00e9, siln\u00e9 a se siln\u00fdmi kostmi; lokty p\u0159il\u00e9haj\u00ed ke hrudn\u00edku. P\u0159i pohledu ze strany by m\u011bly b\u00fdt hrudn\u00ed kon\u010detiny siln\u011bj\u0161\u00ed ne\u017e p\u0159i pohledu zep\u0159edu. Siln\u00e9 z\u00e1p\u011bstn\u00ed klouby, p\u0159edn\u00ed nadprst\u00ed postaveno lehce \u0161ikmo.<\/p>\n<p><span style=\"text-decoration: underline;\">Plece<\/span>: \u0160ikmo ulo\u017een\u00e9 lopatky by m\u011bly jasn\u011b vyzna\u010deny, plece svalnat\u00e9, je\u017e d\u00e1vaj\u00ed tu\u0161it velkou rychlost.<\/p>\n<p><span style=\"text-decoration: underline;\">P\u00e1nevn\u00ed kon\u010detiny<\/span>: Osvalen\u00ed p\u00e1nevn\u00edch kon\u010detin \u0161t\u00edhl\u00e9, koleno dob\u0159e \u00fahlen\u00e9, n\u00e1rt kr\u00e1tk\u00fd.<\/p>\n<p><span style=\"text-decoration: underline;\">Tlapy<\/span>: kulat\u00e9, s dob\u0159e sev\u0159en\u00fdmi a klenut\u00fdmi prsty.<\/p>\n<p><span style=\"text-decoration: underline;\">Pohyb<\/span>: Prostorn\u00fd, voln\u00fd a energick\u00fd.<\/p>\n<p><strong>OSRST\u011aN\u00cd<\/strong><\/p>\n<p><span style=\"text-decoration: underline;\">Srst<\/span>: Srst by m\u011bla b\u00fdt kr\u00e1tk\u00e1 a hust\u00e1, hladk\u00e1 a leskl\u00e1; srst nen\u00ed vlnit\u00e1 ani hedv\u00e1bn\u00e1.<\/p>\n<p><span style=\"text-decoration: underline;\">Barva<\/span>: Sv\u011btle p\u0161eni\u010dn\u00e1 a\u017e \u010derven\u00e1 p\u0161eni\u010dn\u00e1. Trocha b\u00edl\u00e9 na hrudi a na prstech je p\u0159\u00edpustn\u00e1, velk\u00e9 b\u00edl\u00e9 skvrny na t\u011bchto m\u00edstech nebo na b\u0159i\u0161e jsou ne\u017e\u00e1douc\u00ed. Tmav\u00e1 tlama a tmav\u00e9 u\u0161i jsou p\u0159\u00edpustn\u00e9. P\u0159\u00edli\u0161 mnoho \u010dern\u00fdch chlup\u016f v srsti je ne\u017e\u00e1douc\u00ed.<\/p>\n<p><span style=\"text-decoration: underline;\">Velikost a hmotnost<\/span>:<\/p>\n<p>Po\u017eadovan\u00e1 kohoutkov\u00e1 v\u00fd\u0161ka:<br \/>\nPsi: 63 cm (25&#8243;) a\u017e 69 cm (27&#8243;)<br \/>\nFeny: 61 cm (24&#8243;) a\u017e 66 cm (26&#8243;)<\/p>\n<p>Hmotnost:<br \/>\nPsi: 36,5 kg (80 liber)<br \/>\nFeny: 32 kg (70 liber)VADY: jak\u00e1koliv odchylka od v\u00fd\u0161e uveden\u00fdch bod\u016f se mus\u00ed posuzovat jako vada, jej\u00ed\u017e hodnocen\u00ed mus\u00ed b\u00fdt v p\u0159esn\u00e9m pom\u011bru ke stupni odchylky.<\/p>\n<p><span style=\"text-decoration: underline;\">POZN\u00c1MKA<\/span>: psi mus\u00ed vykazovat dv\u011b viditeln\u011b norm\u00e1ln\u011b vyvinut\u00e1 varlata, nach\u00e1zej\u00edc\u00ed se zcela v \u0161ourku.<\/p>\n","protected":false},"excerpt":{"rendered":"<p>\u010cesk\u00fd standard Rhodesian Ridgeback podle \u010cMKU F\u00c9D\u00c9RATION CYNOLOGIQUE INTERNATIONALE Secretariat General: 13, Place Albert I &#8211; B 6530 THUIN (Belgie) F.C.I. &#8211; Standard \u010d. 146 \/ 07.08.1998 \/ D Rhod\u00e9zsk\u00fd ridgeback (Rhodesian Ridgeback) P\u0158EKLAD: Jochen H.Eberhardt ZEM\u011a P\u016eVODU: Ji\u017en\u00ed Afrika. Standard zpracovaly kynologick\u00e9 organizace Kennel Union of South Africa a Simbabwe Kennel Club. DATUM PUBLIKACE [&hellip;]<\/p>\n","protected":false},"author":1,"featured_media":0,"parent":0,"menu_order":0,"comment_status":"closed","ping_status":"closed","template":"","meta":{"ngg_post_thumbnail":0},"_links":{"self":[{"href":"http:\/\/sonny.ulicnici.cz\/index.php?rest_route=\/wp\/v2\/pages\/83"}],"collection":[{"href":"http:\/\/sonny.ulicnici.cz\/index.php?rest_route=\/wp\/v2\/pages"}],"about":[{"href":"http:\/\/sonny.ulicnici.cz\/index.php?rest_route=\/wp\/v2\/types\/page"}],"author":[{"embeddable":true,"href":"http:\/\/sonny.ulicnici.cz\/index.php?rest_route=\/wp\/v2\/users\/1"}],"replies":[{"embeddable":true,"href":"http:\/\/sonny.ulicnici.cz\/index.php?rest_route=%2Fwp%2Fv2%2Fcomments&post=83"}],"version-history":[{"count":2,"href":"http:\/\/sonny.ulicnici.cz\/index.php?rest_route=\/wp\/v2\/pages\/83\/revisions"}],"predecessor-version":[{"id":85,"href":"http:\/\/sonny.ulicnici.cz\/index.php?rest_route=\/wp\/v2\/pages\/83\/revisions\/85"}],"wp:attachment":[{"href":"http:\/\/sonny.ulicnici.cz\/index.php?rest_route=%2Fwp%2Fv2%2Fmedia&parent=83"}],"curies":[{"name":"wp","href":"https:\/\/api.w.org\/{rel}","templated":true}]}}