{"id":86,"date":"2010-11-07T10:16:06","date_gmt":"2010-11-07T09:16:06","guid":{"rendered":"http:\/\/sonny.ulicnici.cz\/"},"modified":"2010-12-26T11:31:40","modified_gmt":"2010-12-26T10:31:40","slug":"kamaradi","status":"publish","type":"page","link":"http:\/\/sonny.ulicnici.cz\/?page_id=86","title":{"rendered":"Kamar\u00e1di"},"content":{"rendered":"<h3 style=\"text-align: center;\">Moje nejv\u00edc nejlep\u0161ej\u0161\u00ed kamar\u00e1dka S\u00e1rinka<\/h3>\n<p style=\"text-align: center;\"><a rel=\"attachment wp-att-372\" href=\"http:\/\/sonny.ulicnici.cz\/?attachment_id=372\"><img loading=\"lazy\" class=\"aligncenter size-full wp-image-372\" title=\"P4304060\" src=\"http:\/\/sonny.ulicnici.cz\/wp-content\/uploads\/2010\/11\/P4304060.jpg\" alt=\"\" width=\"400\" height=\"300\" srcset=\"http:\/\/sonny.ulicnici.cz\/wp-content\/uploads\/2010\/11\/P4304060.jpg 400w, http:\/\/sonny.ulicnici.cz\/wp-content\/uploads\/2010\/11\/P4304060-300x225.jpg 300w\" sizes=\"(max-width: 400px) 100vw, 400px\" \/><\/a><\/p>\n<h4 style=\"text-align: center;\">Bl\u00e1zniv\u00e1 k\u00e1mo\u0161ka Any<\/h4>\n<p style=\"text-align: center;\"><img loading=\"lazy\" class=\"size-full wp-image-861 aligncenter\" title=\"PC053467\" src=\"http:\/\/sonny.ulicnici.cz\/wp-content\/uploads\/2010\/11\/PC053467.jpg\" alt=\"\" width=\"300\" height=\"400\" srcset=\"http:\/\/sonny.ulicnici.cz\/wp-content\/uploads\/2010\/11\/PC053467.jpg 300w, http:\/\/sonny.ulicnici.cz\/wp-content\/uploads\/2010\/11\/PC053467-225x300.jpg 225w\" sizes=\"(max-width: 300px) 100vw, 300px\" \/><\/p>\n","protected":false},"excerpt":{"rendered":"<p>Moje nejv\u00edc nejlep\u0161ej\u0161\u00ed kamar\u00e1dka S\u00e1rinka Bl\u00e1zniv\u00e1 k\u00e1mo\u0161ka Any<\/p>\n","protected":false},"author":1,"featured_media":0,"parent":0,"menu_order":0,"comment_status":"closed","ping_status":"closed","template":"","meta":{"ngg_post_thumbnail":0},"_links":{"self":[{"href":"http:\/\/sonny.ulicnici.cz\/index.php?rest_route=\/wp\/v2\/pages\/86"}],"collection":[{"href":"http:\/\/sonny.ulicnici.cz\/index.php?rest_route=\/wp\/v2\/pages"}],"about":[{"href":"http:\/\/sonny.ulicnici.cz\/index.php?rest_route=\/wp\/v2\/types\/page"}],"author":[{"embeddable":true,"href":"http:\/\/sonny.ulicnici.cz\/index.php?rest_route=\/wp\/v2\/users\/1"}],"replies":[{"embeddable":true,"href":"http:\/\/sonny.ulicnici.cz\/index.php?rest_route=%2Fwp%2Fv2%2Fcomments&post=86"}],"version-history":[{"count":13,"href":"http:\/\/sonny.ulicnici.cz\/index.php?rest_route=\/wp\/v2\/pages\/86\/revisions"}],"predecessor-version":[{"id":377,"href":"http:\/\/sonny.ulicnici.cz\/index.php?rest_route=\/wp\/v2\/pages\/86\/revisions\/377"}],"wp:attachment":[{"href":"http:\/\/sonny.ulicnici.cz\/index.php?rest_route=%2Fwp%2Fv2%2Fmedia&parent=86"}],"curies":[{"name":"wp","href":"https:\/\/api.w.org\/{rel}","templated":true}]}}