{"id":887,"date":"2010-12-29T17:33:13","date_gmt":"2010-12-29T16:33:13","guid":{"rendered":"http:\/\/sonny.ulicnici.cz\/?page_id=887"},"modified":"2010-12-29T17:54:06","modified_gmt":"2010-12-29T16:54:06","slug":"sonny-na-pisecaku","status":"publish","type":"page","link":"http:\/\/sonny.ulicnici.cz\/?page_id=887","title":{"rendered":"Sonny na p\u00edse\u010d\u00e1ku"},"content":{"rendered":"<p><object width=\"480\" height=\"385\"><param name=\"movie\" value=\"http:\/\/www.youtube.com\/v\/xnsdj4zdfDo?fs=1&amp;hl=cs_CZ\"><\/param><param name=\"allowFullScreen\" value=\"true\"><\/param><param name=\"allowscriptaccess\" value=\"always\"><\/param><embed src=\"http:\/\/www.youtube.com\/v\/xnsdj4zdfDo?fs=1&amp;hl=cs_CZ\" type=\"application\/x-shockwave-flash\" allowscriptaccess=\"always\" allowfullscreen=\"true\" width=\"480\" height=\"385\"><\/embed><\/object><\/p>\n","protected":false},"excerpt":{"rendered":"","protected":false},"author":1,"featured_media":0,"parent":0,"menu_order":0,"comment_status":"closed","ping_status":"closed","template":"","meta":{"ngg_post_thumbnail":0},"_links":{"self":[{"href":"http:\/\/sonny.ulicnici.cz\/index.php?rest_route=\/wp\/v2\/pages\/887"}],"collection":[{"href":"http:\/\/sonny.ulicnici.cz\/index.php?rest_route=\/wp\/v2\/pages"}],"about":[{"href":"http:\/\/sonny.ulicnici.cz\/index.php?rest_route=\/wp\/v2\/types\/page"}],"author":[{"embeddable":true,"href":"http:\/\/sonny.ulicnici.cz\/index.php?rest_route=\/wp\/v2\/users\/1"}],"replies":[{"embeddable":true,"href":"http:\/\/sonny.ulicnici.cz\/index.php?rest_route=%2Fwp%2Fv2%2Fcomments&post=887"}],"version-history":[{"count":5,"href":"http:\/\/sonny.ulicnici.cz\/index.php?rest_route=\/wp\/v2\/pages\/887\/revisions"}],"predecessor-version":[{"id":894,"href":"http:\/\/sonny.ulicnici.cz\/index.php?rest_route=\/wp\/v2\/pages\/887\/revisions\/894"}],"wp:attachment":[{"href":"http:\/\/sonny.ulicnici.cz\/index.php?rest_route=%2Fwp%2Fv2%2Fmedia&parent=887"}],"curies":[{"name":"wp","href":"https:\/\/api.w.org\/{rel}","templated":true}]}}