{"id":89,"date":"2010-11-07T10:16:39","date_gmt":"2010-11-07T09:16:39","guid":{"rendered":"http:\/\/sonny.ulicnici.cz\/"},"modified":"2010-11-07T18:19:56","modified_gmt":"2010-11-07T17:19:56","slug":"co-je-ridge","status":"publish","type":"page","link":"http:\/\/sonny.ulicnici.cz\/?page_id=89","title":{"rendered":"Co je ridge?"},"content":{"rendered":"<p>Ridge &#8211; pruh srsti<\/p>\n<p>Ridge je zvl\u00e1\u0161tnost plemen Rhodesian Ridgeback a Thai Ridgeback.<br \/>\n<strong>Ridge<\/strong> = v angl. p\u0159ekladu pruh, je pruh srsti na h\u0159bet\u011b rostouc\u00ed opa\u010dn\u00fdm sm\u011brem. Za\u010d\u00edn\u00e1 u kohoutku (mezi lopatkami), kde chlupy proti sob\u011b vytv\u00e1\u0159\u00ed dv\u011b symetrick\u00e9 korunky a pokra\u010duje zu\u017een\u00edm sm\u011brem k p\u00e1nvi. Ridge by u Rhod\u00e9sk\u00e9ho Ridgebacka m\u011bl b\u00fdt pravideln\u00fd mezi lopatkami \u0161irok\u00fd asi 5 cm.<\/p>\n<p><a rel=\"attachment wp-att-321\" href=\"http:\/\/sonny.ulicnici.cz\/?attachment_id=321\"><img loading=\"lazy\" class=\"aligncenter size-full wp-image-321\" title=\"Bez-n\u00e1zvu-5\" src=\"http:\/\/sonny.ulicnici.cz\/wp-content\/uploads\/2010\/11\/Bez-n\u00e1zvu-5.jpg\" alt=\"\" width=\"400\" height=\"193\" srcset=\"http:\/\/sonny.ulicnici.cz\/wp-content\/uploads\/2010\/11\/Bez-n\u00e1zvu-5.jpg 400w, http:\/\/sonny.ulicnici.cz\/wp-content\/uploads\/2010\/11\/Bez-n\u00e1zvu-5-300x144.jpg 300w\" sizes=\"(max-width: 400px) 100vw, 400px\" \/><\/a><\/p>\n","protected":false},"excerpt":{"rendered":"<p>Ridge &#8211; pruh srsti Ridge je zvl\u00e1\u0161tnost plemen Rhodesian Ridgeback a Thai Ridgeback. Ridge = v angl. p\u0159ekladu pruh, je pruh srsti na h\u0159bet\u011b rostouc\u00ed opa\u010dn\u00fdm sm\u011brem. Za\u010d\u00edn\u00e1 u kohoutku (mezi lopatkami), kde chlupy proti sob\u011b vytv\u00e1\u0159\u00ed dv\u011b symetrick\u00e9 korunky a pokra\u010duje zu\u017een\u00edm sm\u011brem k p\u00e1nvi. Ridge by u Rhod\u00e9sk\u00e9ho Ridgebacka m\u011bl b\u00fdt pravideln\u00fd mezi [&hellip;]<\/p>\n","protected":false},"author":1,"featured_media":0,"parent":0,"menu_order":0,"comment_status":"closed","ping_status":"closed","template":"","meta":{"ngg_post_thumbnail":0},"_links":{"self":[{"href":"http:\/\/sonny.ulicnici.cz\/index.php?rest_route=\/wp\/v2\/pages\/89"}],"collection":[{"href":"http:\/\/sonny.ulicnici.cz\/index.php?rest_route=\/wp\/v2\/pages"}],"about":[{"href":"http:\/\/sonny.ulicnici.cz\/index.php?rest_route=\/wp\/v2\/types\/page"}],"author":[{"embeddable":true,"href":"http:\/\/sonny.ulicnici.cz\/index.php?rest_route=\/wp\/v2\/users\/1"}],"replies":[{"embeddable":true,"href":"http:\/\/sonny.ulicnici.cz\/index.php?rest_route=%2Fwp%2Fv2%2Fcomments&post=89"}],"version-history":[{"count":7,"href":"http:\/\/sonny.ulicnici.cz\/index.php?rest_route=\/wp\/v2\/pages\/89\/revisions"}],"predecessor-version":[{"id":320,"href":"http:\/\/sonny.ulicnici.cz\/index.php?rest_route=\/wp\/v2\/pages\/89\/revisions\/320"}],"wp:attachment":[{"href":"http:\/\/sonny.ulicnici.cz\/index.php?rest_route=%2Fwp%2Fv2%2Fmedia&parent=89"}],"curies":[{"name":"wp","href":"https:\/\/api.w.org\/{rel}","templated":true}]}}