{"id":92,"date":"2010-11-07T10:17:06","date_gmt":"2010-11-07T09:17:06","guid":{"rendered":"http:\/\/sonny.ulicnici.cz\/"},"modified":"2010-11-07T10:17:06","modified_gmt":"2010-11-07T09:17:06","slug":"muj-horoskop","status":"publish","type":"page","link":"http:\/\/sonny.ulicnici.cz\/?page_id=92","title":{"rendered":"M\u016fj horoskop"},"content":{"rendered":"<p><strong>B\u00fdk (21.4 \u2013 21.5)<\/strong><\/p>\n<p>R\u00e1d se\u00a0rozm\u00fd\u0161l\u00edm, co ud\u011bl\u00e1m a co ne. Mezi m\u00e9 vlastnosti pat\u0159\u00ed ps\u00ed stabilita, d\u016fslednost a tvo\u0159ivost. M\u00e1m r\u00e1d zab\u011bhnut\u00fd \u0159\u00e1d. Pochopte pros\u00edm v\u00e1s, \u017ee se r\u00e1d u\u010d\u00edm z vlastn\u00edch pro\u017eitk\u016f. Mo\u017en\u00e1 d\u011bl\u00e1m n\u011bco pomaleji, ale v\u011b\u0159te, \u017ee d\u016fkladn\u011b. R\u00e1d zapoj\u00edm cel\u00e9ho \u201epsa\u201c, pokud po m\u011b n\u011bco chcete. M\u00e1m velmi v\u00fdkonn\u00e9 smysly, i kdy\u017e to nemus\u00ed b\u00fdt na prvn\u00ed pohled vid\u011bt.<\/p>\n<p>Velmi rychle se u\u010d\u00edm. M\u00e1m r\u00e1d sv\u016fj domov, sv\u016fj pel\u00ed\u0161ek, svoji ohr\u00e1dku. Dop\u0159ejte mi kousek prostoru jenom pro mne, kde m\u00e1m svoji misku se sv\u00fdm p\u0159\u00edd\u011blem. V\u011b\u0159te mi, \u017ee m\u00e1m r\u00e1d po\u0159\u00e1dek a jsem po\u0159\u00e1dn\u00fd. Nikomu nerad\u00edm, aby mi n\u011bco vzal z m\u00e9 misky. J\u00e1 tak\u00e9 druh\u00fdm nelezu do \u201e\u017er\u00e1dla\u201c.<\/p>\n<p>Nem\u00e1m r\u00e1d zm\u011bny, tak\u017ee pokud chcete n\u011bco m\u011bnit nebo se n\u011bkam st\u011bhovat, \u0159ekn\u011bte mi to pros\u00edm v\u010das, abych se stihl na zm\u011bnu \u0159\u00e1dn\u011b p\u0159ipravit. Jinak bych mohl b\u00fdt nerv\u00f3zn\u00ed, proto\u017ee nev\u00edm, co m\u011b \u010dek\u00e1 a toho se opravdu boj\u00edm. Jsem r\u00e1d doma, kde je m\u016fj P\u00e1n nebo Pani\u010dka. Mo\u017en\u00e1 nastanou n\u011bkdy t\u011b\u017ekosti, pokud v m\u00e9 bl\u00edzkosti bude n\u011bjak\u00e9 dal\u0161\u00ed va\u0161e obl\u00edben\u00e9 zv\u00ed\u0159\u00e1tko. Nezlobte se na m\u011b, trochu \u017e\u00e1rl\u00edm a m\u00e1m probl\u00e9m se o n\u011bkoho nebo o n\u011bco d\u011blit. Pokud v\u0161ak zjist\u00edm, \u017ee s dal\u0161\u00edm mazl\u00ed\u010dkem nic neztr\u00e1c\u00edm, r\u00e1d se pod\u011bl\u00edm s k\u00fdmkoli o teplo m\u00e9ho domova.<\/p>\n<p>R\u00e1d si v\u0161echno o\u010dich\u00e1m. To proto, \u017ee jsem ned\u016fv\u011b\u0159iv\u00fd. Tak\u017ee m\u016f\u017eete vid\u011bt, jak si p\u0159ivon\u00edm ke kv\u011btin\u011b, ochutn\u00e1m tr\u00e1vu, ob\u010das pot\u0159ebuji o\u010dichat i v\u0161echny dom\u00e1c\u00ed pachy, zda je v\u0161e tak, jak to m\u00e1 b\u00fdt.<\/p>\n<p>Jsem r\u00e1d v p\u0159\u00edrod\u011b, sta\u010d\u00ed mi ob\u010dasn\u00e1 proch\u00e1zka na vod\u00edtku do nedalek\u00e9ho les\u00edka nebo na palouk. Pokud mne vypust\u00edte, uvid\u00edte, \u017ee z\u016fstanu ve va\u0161\u00ed bl\u00edzkosti, boj\u00edm se samoty a toho, \u017ee bych se ztratil. M\u00e1m r\u00e1d svoji jistotu a v\u00e1s, sv\u00e9 nejlep\u0161\u00ed kamar\u00e1dy a \u017eivitele.<\/p>\n<p>V \u010dinnosti jsem hou\u017eevnat\u00fd a oddan\u00fd va\u0161im p\u0159\u00e1n\u00edm. T\u011blesn\u00fd pohyb je pro mne vzpru\u017een\u00edm a p\u0159\u00edjemn\u00fdm dopln\u011bn\u00edm dne. R\u00e1d s v\u00e1mi p\u016fjdu na cvi\u010d\u00e1k, kde se pod\u00edv\u00e1m i na ostatn\u00ed pejsky, co se nov\u00e9ho nau\u010dili. Um\u00edm r\u016fzn\u00e9 cviky okoukat, to byste m\u011bli v\u011bd\u011bt. Jsem opravdu bystr\u00fd a schopn\u00fd se u\u010dit. R\u00e1d se u\u010d\u00edm.<\/p>\n","protected":false},"excerpt":{"rendered":"<p>B\u00fdk (21.4 \u2013 21.5) R\u00e1d se\u00a0rozm\u00fd\u0161l\u00edm, co ud\u011bl\u00e1m a co ne. Mezi m\u00e9 vlastnosti pat\u0159\u00ed ps\u00ed stabilita, d\u016fslednost a tvo\u0159ivost. M\u00e1m r\u00e1d zab\u011bhnut\u00fd \u0159\u00e1d. Pochopte pros\u00edm v\u00e1s, \u017ee se r\u00e1d u\u010d\u00edm z vlastn\u00edch pro\u017eitk\u016f. Mo\u017en\u00e1 d\u011bl\u00e1m n\u011bco pomaleji, ale v\u011b\u0159te, \u017ee d\u016fkladn\u011b. R\u00e1d zapoj\u00edm cel\u00e9ho \u201epsa\u201c, pokud po m\u011b n\u011bco chcete. M\u00e1m velmi v\u00fdkonn\u00e9 smysly, [&hellip;]<\/p>\n","protected":false},"author":1,"featured_media":0,"parent":0,"menu_order":0,"comment_status":"closed","ping_status":"closed","template":"","meta":{"ngg_post_thumbnail":0},"_links":{"self":[{"href":"http:\/\/sonny.ulicnici.cz\/index.php?rest_route=\/wp\/v2\/pages\/92"}],"collection":[{"href":"http:\/\/sonny.ulicnici.cz\/index.php?rest_route=\/wp\/v2\/pages"}],"about":[{"href":"http:\/\/sonny.ulicnici.cz\/index.php?rest_route=\/wp\/v2\/types\/page"}],"author":[{"embeddable":true,"href":"http:\/\/sonny.ulicnici.cz\/index.php?rest_route=\/wp\/v2\/users\/1"}],"replies":[{"embeddable":true,"href":"http:\/\/sonny.ulicnici.cz\/index.php?rest_route=%2Fwp%2Fv2%2Fcomments&post=92"}],"version-history":[{"count":2,"href":"http:\/\/sonny.ulicnici.cz\/index.php?rest_route=\/wp\/v2\/pages\/92\/revisions"}],"predecessor-version":[{"id":94,"href":"http:\/\/sonny.ulicnici.cz\/index.php?rest_route=\/wp\/v2\/pages\/92\/revisions\/94"}],"wp:attachment":[{"href":"http:\/\/sonny.ulicnici.cz\/index.php?rest_route=%2Fwp%2Fv2%2Fmedia&parent=92"}],"curies":[{"name":"wp","href":"https:\/\/api.w.org\/{rel}","templated":true}]}}