{"id":95,"date":"2010-11-07T10:17:48","date_gmt":"2010-11-07T09:17:48","guid":{"rendered":"http:\/\/sonny.ulicnici.cz\/"},"modified":"2010-11-07T10:17:48","modified_gmt":"2010-11-07T09:17:48","slug":"zkousky","status":"publish","type":"page","link":"http:\/\/sonny.ulicnici.cz\/?page_id=95","title":{"rendered":"Zkou\u0161ky"},"content":{"rendered":"<h2>Zkou\u0161ka ZOP<\/h2>\n<h4>KRIT\u00c9RIA PRO ZKOU\u0160KU ZOP<\/h4>\n<ol>\n<li>St\u00e1\u0159\u00ed      psa nejm\u00e9n\u011b 10 m\u011bs\u00edc\u016f.<\/li>\n<li>\u00da\u010dast na      zkou\u0161ce nen\u00ed podm\u00edn\u011bna spln\u011bn\u00edm jin\u00e9ho stupn\u011b zkou\u0161ky.<\/li>\n<li>Povelov\u00e1      technika je pro v\u0161echny cviky uvedena v \u010d\u00e1sti P\u0159ipom\u00ednky k prov\u00e1d\u011bn\u00ed a      popis cvik\u016f . Obecn\u011b plat\u00ed, \u017ee u cvik\u016f zk. ZOP m\u016f\u017ee psovod pou\u017e\u00edvat      zvukov\u00e9 i posunkov\u00e9 povely a to sou\u010dastn\u011b.<\/li>\n<\/ol>\n<h4>OBSAH ZKOU\u0160KY ZOP<\/h4>\n<h4>I.Z\u00e1kladn\u00ed \u010d\u00e1st<\/h4>\n<p>1. P\u0159ivol\u00e1n\u00ed &#8211; volba ze dvou variant;<br \/>\na) v klidu s p\u0159esednut\u00edm p\u0159ed psovoda (10 bod\u016f)<br \/>\nb) za pohybu k noze psovoda<\/p>\n<p>2. Ovladatelnost na vod\u00edtku (10 bod\u016f)<\/p>\n<p>3. Ovladatelnost bez vod\u00edtka (10 bod\u016f)<\/p>\n<p>4. Sedni &#8211; lehni &#8211; vsta\u0148 ( na vod\u00edtku (10 bod\u016f)<\/p>\n<p>5. Odlo\u017een\u00ed (vzd\u00e1lenost 30 krok\u016f) (10 bod\u016f)<\/p>\n<h4>II. Cviky skupinov\u00e9 a speci\u00e1ln\u00ed.<\/h4>\n<p>Po\u010det ps\u016f ve skupin\u011b je 3 -5. Slo\u017een\u00ed a velikost skupiny ur\u010duje vedouc\u00ed zkou\u0161ek po dohod\u011b s rozhod\u010d\u00edm.<\/p>\n<ol>\n<li>Ovladatelnost      na vod\u00edtku ve skupin\u011b (10 bod\u016f)<\/li>\n<li>Sedni &#8211;      lehni &#8211; vsta\u0148 ve skupin\u011b (na vod\u00edtku ) (10 bod\u016f)<\/li>\n<li>Odlo\u017een\u00ed      vle\u017ee ve skupin\u011b (vzd\u00e1lenost 30 krok\u016f, 2 min.) (10 bod\u016f)<\/li>\n<li>P\u0159enesen\u00ed      psa psovodem a ciz\u00ed osobou (5 m + 5 m, pes m\u00e1 n\u00e1hubek) (10 bod\u016f)<\/li>\n<li>Ch\u016fze po      nep\u0159\u00edjemn\u00e9m materi\u00e1lu s jedn\u00edm zastaven\u00edm (10 bod\u016f)<\/li>\n<\/ol>\n<h4>CELKEM 100 bod\u016f<\/h4>\n<p>Minim\u00e1ln\u00ed po\u010det bod\u016f pro z\u00edsk\u00e1n\u00ed zkou\u0161ky (70 bod\u016f)<\/p>\n<h3>KOMENT\u00c1\u0158 K PROV\u00c1D\u011aN\u00cd CVIK\u016e ZKOU\u0160KY ZOP PRO Z\u00c1KLADN\u00cd \u010c\u00c1ST<\/h3>\n<h4>1.\u00a0\u00a0\u00a0\u00a0\u00a0 P\u0158IVOL\u00c1N\u00cd (10)<br \/>\nvarianta A<\/h4>\n<p>Povelu : .. Ke mn\u011b &#8220; a upa\u017een\u00ed lev\u00e9 ruku s n\u00e1sledn\u00fdm p\u0159ipa\u017een\u00edm &#8220; K noze &#8220; a tlesknut\u00ed dlan\u00ed lev\u00e9 ruky na lev\u00e9 stehno<\/p>\n<p>Psovod vyjde s neupoutan\u00fdm psem. Na pokyn rozhod\u010d\u00edho se pes na povel &#8220; Volno &#8220; mus\u00ed vzd\u00e1lit od psovoda nejm\u00e9n\u011b 10 krok\u016f, Psovod se na pokyn rozhod\u010d\u00edho zastav\u00ed a oto\u010d\u00ed se \u010delem ke psu, na dal\u0161\u00ed pokyn rozhod\u010d\u00edho p\u0159ivol\u00e1 psa povelem &#8220; Ke mn\u011b &#8222;. Pes m\u00e1 radostn\u011b a p\u0159\u00edmou cestou p\u0159ib\u011bhnout k psovodovi a usednout p\u0159ed n\u011bj. Na dal\u0161\u00ed povel &#8220; K noze &#8220; m\u00e1 pes usednout k noze psovoda.<\/p>\n<h4>Varianta B<\/h4>\n<p>Povely : &#8222;K noze&#8220; a tlesknut\u00ed dlan\u00ed lev\u00e9 ruce na lev\u00e9 stehno, p\u0159\u00edp. &#8222;Sedni &#8220; a tlesknut\u00ed dlan\u00ed lev\u00e9 ruky na lev\u00e9 stehno (mo\u017eno pou\u017e\u00edt u zastaven\u00ed) Psovod vyjde s neupoutan\u00fdm psem. Na pokyn rozhod\u010d\u00edho se pes na povel &#8220; Volno &#8220; mus\u00ed vzd\u00e1lit od psovoda nejm\u00e9n\u011b 10 krok\u016f.. Psovod na pokyn rozhod\u010d\u00edho zavel\u00ed &#8220; K noze &#8222;. Pes se m\u00e1 radostn\u011b a p\u0159\u00edmou cestou za\u0159adit k lev\u00e9 noze psovoda a pokra\u010dovat s n\u00edm v ch\u016fzi. Na pokyn rozhod\u010d\u00edho se psovod zastav\u00ed a pes na povel &#8220; K noze &#8220; nebo &#8220; Sedni &#8220; used\u00e1 k jeho lev\u00e9 noze. . Pozn.<\/p>\n<p>Sou\u010d\u00e1st\u00ed obou variant je i cvik VOLNO &#8211; povel &#8222;Volno &#8220; a uk\u00e1z\u00e1n\u00ed pravou rukou do \u017e\u00e1dan\u00e9ho sm\u011bru. Na tento povel se pes mus\u00ed vzd\u00e1lit minim\u00e1ln\u011b 10 krok\u016f od psovoda. Pokud se pes nevzdaluje ani po 3. povelu, m\u016f\u017ee b\u00fdt cvik P\u0158IVOL\u00c1N\u00cd anulov\u00e1n.<\/p>\n<h4>2. OVLADATELNOST NA VOD\u00cdTKU (10)<\/h4>\n<p>Povelu : &#8222;K noze &#8220; a tlesknout (dlan\u00ed lev\u00e9 ruku na lev\u00e9 stehno &#8222;Sedni &#8222;)<br \/>\nPes na vod\u00edtku ochotn\u011b a uk\u00e1zn\u011bn\u011b n\u00e1sleduje psovoda vedle jeho lev\u00e9 nohy tak, aby sv\u00fdm kohoutkem byl na jej\u00ed \u00farovni. Pes nesm\u00ed psovoda p\u0159edb\u00edhat ani se opo\u017e\u010fovat, nesm\u00ed br\u00e1nit psovodovi v pohybu.<br \/>\nVod\u00edtko je st\u00e1le v prav\u00e9 ruce a m\u00e1 b\u00fdt prov\u011b\u0161en\u00e9. Podle pokyn\u016f rozhod\u010d\u00edho se prov\u00e1d\u011bj\u00ed obraty vpravo, vlevo a \u010delem vzad a to za pohybu i v klidu. V\u00fdkon se prov\u00e1d\u00ed v norm\u00e1ln\u00ed ch\u016fzi, v pomal\u00e9 ch\u016fzi, \u010di poklusem.<br \/>\nPovel &#8220; K noze &#8220; je povolen p\u0159i ka\u017ed\u00e9m vykro\u010den\u00ed ze z\u00e1kladn\u00ed polohy, p\u0159i zm\u011bn\u011b sm\u011bru \u010di zp\u016fsobu ch\u016fze (klus, pomal\u00e1 ch\u016fze) a p\u0159i zastaven\u00ed (zde mo\u017eno i povel &#8222;Sedni &#8222;). Dal\u0161\u00ed ovliv\u0148ov\u00e1n\u00ed &#8211; pohyby rukou, t\u011blem \u010di zvuky &#8211; nen\u00ed povoleno.<\/p>\n<h4>3.OVLADATELNOST BEZ VOD\u00cdTKA (10)<\/h4>\n<p>Obdoba cviku \u010d. 2 ov\u0161em s neupoutan\u00fdm psem. Pes by se v \u017e\u00e1dn\u00e9m sm\u011bru nem\u011bl vzd\u00e1lit od nohy psovoda v\u00edce ne\u017e 2O cm.<\/p>\n<h4>4. SEDNI &#8211; LEHNI &#8211; VSTA\u0147 (10)<\/h4>\n<p>Povely &#8222;Sedni&#8220; &#8211; lehk\u00fd \u00fader levou rukou na lev\u00e9 stehno<br \/>\n&#8220; Lehni&#8220; &#8211; m\u00e1vnut\u00ed levou rukou nad hlavou a trupem psa zep\u0159edu dozadu &#8222;Vsta\u0148&#8220; &#8211; m\u00edrn\u00e9 pokr\u010den\u00ed v kolenou Pes je na vod\u00edtku. Pokyny k vyd\u00e1n\u00ed povelu d\u00e1v\u00e1 rozhod\u010d\u00ed. Pes po proveden\u00ed ka\u017ed\u00e9 polohy v n\u00ed setrv\u00e1 tak dlouho, dokud mu psovod ned\u00e1 jin\u00fd povel. Pozn. U zkou\u0161ky ZOP je mo\u017eno tolerovat m\u00edrn\u011b upraven\u00e9 posunkov\u00e9 povely.<\/p>\n<h4>5. ODLO\u017dEN\u00cd (10)<\/h4>\n<p>Povely lehni &#8211; m\u00e1vnut\u00ed levou rukou nad hlavou a trupem psa zep\u0159edu dozadu<br \/>\n&#8220; Z\u016fsta\u0148&#8220; &#8211; m\u00edrn\u00e9 p\u0159ilo\u017eeni dlan\u011b lev\u00e9 ruky p\u0159ed \u010denich psa.<br \/>\nPsovod polo\u017e\u00ed na ur\u010den\u00e9m m\u00edst\u011b psa a d\u00e1 mu povel &#8222;Z\u016fsta\u0148&#8220;. Na pokyn rozhod\u010d\u00edho se psovod vzd\u00e1l\u00ed od psa 30 krok\u016f, oto\u010d\u00ed se sm\u011brem ke psu a z\u016fstane klidn\u011b st\u00e1t. U psa nesm\u00ed z\u016fstat vod\u00edtko ani jin\u00fd p\u0159edm\u011bt. B\u011bhem tohoto cviku prob\u00edh\u00e1 p\u0159ezkou\u0161eni dal\u0161\u00edho psa v poslu\u0161nosti.<br \/>\nOpakov\u00e1n\u00ed povelu znamen\u00e1 anulaci cviku. Pokud se pes vzd\u00e1l\u00ed z m\u00edsta o v\u00edce ne\u017e 3 metna je cvik tak\u00e9 anulov\u00e1n. P\u0159i nep\u0159\u00edzni po\u010das\u00ed (siln\u00e1 rosa, siln\u00fd d\u00e9\u0161\u0165, mr\u00e1z apod.) m\u016f\u017ee psovod\u00a0 po p\u0159edchoz\u00ed dohod\u011b s rozhod\u010d\u00edm odlo\u017eit psa na vlastn\u00ed textiln\u00ed podlo\u017eku velikost\u00ed sv\u00e9ho psa. Rozhod\u010d\u00ed v\u0161ak zkontroluje nez\u00e1vadnost podlo\u017eky (\u010distota, z\u00e1pach apod.).<\/p>\n","protected":false},"excerpt":{"rendered":"<p>Zkou\u0161ka ZOP KRIT\u00c9RIA PRO ZKOU\u0160KU ZOP St\u00e1\u0159\u00ed psa nejm\u00e9n\u011b 10 m\u011bs\u00edc\u016f. \u00da\u010dast na zkou\u0161ce nen\u00ed podm\u00edn\u011bna spln\u011bn\u00edm jin\u00e9ho stupn\u011b zkou\u0161ky. Povelov\u00e1 technika je pro v\u0161echny cviky uvedena v \u010d\u00e1sti P\u0159ipom\u00ednky k prov\u00e1d\u011bn\u00ed a popis cvik\u016f . Obecn\u011b plat\u00ed, \u017ee u cvik\u016f zk. ZOP m\u016f\u017ee psovod pou\u017e\u00edvat zvukov\u00e9 i posunkov\u00e9 povely a to sou\u010dastn\u011b. OBSAH ZKOU\u0160KY [&hellip;]<\/p>\n","protected":false},"author":1,"featured_media":0,"parent":0,"menu_order":0,"comment_status":"closed","ping_status":"closed","template":"","meta":{"ngg_post_thumbnail":0},"_links":{"self":[{"href":"http:\/\/sonny.ulicnici.cz\/index.php?rest_route=\/wp\/v2\/pages\/95"}],"collection":[{"href":"http:\/\/sonny.ulicnici.cz\/index.php?rest_route=\/wp\/v2\/pages"}],"about":[{"href":"http:\/\/sonny.ulicnici.cz\/index.php?rest_route=\/wp\/v2\/types\/page"}],"author":[{"embeddable":true,"href":"http:\/\/sonny.ulicnici.cz\/index.php?rest_route=\/wp\/v2\/users\/1"}],"replies":[{"embeddable":true,"href":"http:\/\/sonny.ulicnici.cz\/index.php?rest_route=%2Fwp%2Fv2%2Fcomments&post=95"}],"version-history":[{"count":2,"href":"http:\/\/sonny.ulicnici.cz\/index.php?rest_route=\/wp\/v2\/pages\/95\/revisions"}],"predecessor-version":[{"id":97,"href":"http:\/\/sonny.ulicnici.cz\/index.php?rest_route=\/wp\/v2\/pages\/95\/revisions\/97"}],"wp:attachment":[{"href":"http:\/\/sonny.ulicnici.cz\/index.php?rest_route=%2Fwp%2Fv2%2Fmedia&parent=95"}],"curies":[{"name":"wp","href":"https:\/\/api.w.org\/{rel}","templated":true}]}}