{"id":98,"date":"2010-11-07T10:18:20","date_gmt":"2010-11-07T09:18:20","guid":{"rendered":"http:\/\/sonny.ulicnici.cz\/"},"modified":"2010-11-19T15:04:51","modified_gmt":"2010-11-19T14:04:51","slug":"coursing","status":"publish","type":"page","link":"http:\/\/sonny.ulicnici.cz\/?page_id=98","title":{"rendered":"Coursing"},"content":{"rendered":"<p><strong>Coursing<\/strong> je kynologick\u00fd sport. Jedn\u00e1 se o jednu z mnoha aktivit, kter\u00e1 je zalo\u017eena na touze psa lovit.<\/p>\n<h2>Pravidla<\/h2>\n<p>B\u011bh\u00e1 se v p\u0159irozen\u00e9m, m\u00edrn\u011b sva\u017eit\u00e9m ter\u00e9nu (nen\u00ed to v\u0161ak podm\u00ednkou), s p\u0159\u00edrodn\u00edmi nebo um\u011bl\u00fdmi p\u0159ek\u00e1\u017ekami. C\u00edlem psa p\u0159i coursingu je ulovit ko\u0159ist, kter\u00e1 je ta\u017een\u00e1 navij\u00e1kem. Tato n\u00e1vnada v podob\u011b st\u0159apce z igelitov\u00fdch p\u00e1sk\u016f nebo kr\u00e1li\u010d\u00ed k\u016f\u017ee, je ta\u017eena lankem mezi kladkami po dr\u00e1ze, kter\u00e1 simuluje skute\u010dn\u00fd b\u011bh zaj\u00edce.<\/p>\n<p>Jedn\u00e1 se dvoukolov\u00fd z\u00e1vod, kdy tra\u0165 o d\u00e9lce cca 548 &#8211; 914 m (600 a\u017e 1000 yard\u016f) je postavena tak, aby psi prok\u00e1zali rychlost, \u0161tvavost (p\u0159i sme\u010dce i spolupr\u00e1ci) a inteligenci, kterou n\u00e1vnad\u011b r\u016fzn\u011b nadb\u00edhaj\u00ed.<\/p>\n<p>Maxim\u00e1ln\u00ed po\u010det bod\u016f, kter\u00e9 lze v jednom kole z\u00edskat je 100. Minim\u00e1ln\u00ed po\u010det bod\u016f nutn\u00fd pro postup do druh\u00e9ho kola je 50.<\/p>\n<p>Coursing se st\u00e1v\u00e1 v posledn\u00edch letech v \u010cesku obl\u00edbenou aktivitou a nen\u00ed ji\u017e pouze dom\u00e9nou chrt\u00edch plemen. Jedn\u00e1 se o ide\u00e1ln\u00ed vybit\u00ed energie \u017eiv\u011bj\u0161\u00edch plemen ps\u016f.<\/p>\n<h2>Druhy coursingu<\/h2>\n<p>Rozli\u0161ujeme dva druhy coursingu:<\/p>\n<ul>\n<li><a title=\"Lure coursing (str\u00e1nka neexistuje)\" href=\"http:\/\/cs.wikipedia.org\/w\/index.php?title=Lure_coursing&amp;action=edit&amp;redlink=1\">Lure coursing<\/a> &#8211; b\u011bh za um\u011blou      n\u00e1vnadou, obvykle st\u0159apcem. Vznikl jako n\u00e1hrada <a title=\"Hare coursing (str\u00e1nka neexistuje)\" href=\"http:\/\/cs.wikipedia.org\/w\/index.php?title=Hare_coursing&amp;action=edit&amp;redlink=1\">hare coursingu<\/a>.<\/li>\n<\/ul>\n<ul>\n<li><a title=\"Hare coursing (str\u00e1nka neexistuje)\" href=\"http:\/\/cs.wikipedia.org\/w\/index.php?title=Hare_coursing&amp;action=edit&amp;redlink=1\">Hare coursing<\/a> (t\u00e9\u017e Open      field coursing, Live coursing) &#8211; b\u011bh za \u017eiv\u00fdm zaj\u00edcem, krysou nebo ko\u010dkou,      u n\u00e1s zak\u00e1zan\u00fd. V Irsku, Rusku, Polsku, \u0160pan\u011blsku a v n\u011bkter\u00fdch \u010d\u00e1stech      USA je leg\u00e1ln\u00ed. U n\u00e1s byl d\u0159\u00edve zn\u00e1m jako &#8222;zkou\u0161ka ostrosti&#8220;      prov\u00e1d\u011bn\u00e1 u n\u011bkter\u00fdch loveck\u00fdch plemen.<\/li>\n<\/ul>\n","protected":false},"excerpt":{"rendered":"<p>Coursing je kynologick\u00fd sport. Jedn\u00e1 se o jednu z mnoha aktivit, kter\u00e1 je zalo\u017eena na touze psa lovit. Pravidla B\u011bh\u00e1 se v p\u0159irozen\u00e9m, m\u00edrn\u011b sva\u017eit\u00e9m ter\u00e9nu (nen\u00ed to v\u0161ak podm\u00ednkou), s p\u0159\u00edrodn\u00edmi nebo um\u011bl\u00fdmi p\u0159ek\u00e1\u017ekami. C\u00edlem psa p\u0159i coursingu je ulovit ko\u0159ist, kter\u00e1 je ta\u017een\u00e1 navij\u00e1kem. Tato n\u00e1vnada v podob\u011b st\u0159apce z igelitov\u00fdch p\u00e1sk\u016f nebo [&hellip;]<\/p>\n","protected":false},"author":1,"featured_media":0,"parent":0,"menu_order":0,"comment_status":"closed","ping_status":"closed","template":"","meta":{"ngg_post_thumbnail":0},"_links":{"self":[{"href":"http:\/\/sonny.ulicnici.cz\/index.php?rest_route=\/wp\/v2\/pages\/98"}],"collection":[{"href":"http:\/\/sonny.ulicnici.cz\/index.php?rest_route=\/wp\/v2\/pages"}],"about":[{"href":"http:\/\/sonny.ulicnici.cz\/index.php?rest_route=\/wp\/v2\/types\/page"}],"author":[{"embeddable":true,"href":"http:\/\/sonny.ulicnici.cz\/index.php?rest_route=\/wp\/v2\/users\/1"}],"replies":[{"embeddable":true,"href":"http:\/\/sonny.ulicnici.cz\/index.php?rest_route=%2Fwp%2Fv2%2Fcomments&post=98"}],"version-history":[{"count":5,"href":"http:\/\/sonny.ulicnici.cz\/index.php?rest_route=\/wp\/v2\/pages\/98\/revisions"}],"predecessor-version":[{"id":641,"href":"http:\/\/sonny.ulicnici.cz\/index.php?rest_route=\/wp\/v2\/pages\/98\/revisions\/641"}],"wp:attachment":[{"href":"http:\/\/sonny.ulicnici.cz\/index.php?rest_route=%2Fwp%2Fv2%2Fmedia&parent=98"}],"curies":[{"name":"wp","href":"https:\/\/api.w.org\/{rel}","templated":true}]}}